{"id":1601,"date":"2017-09-25T10:43:35","date_gmt":"2017-09-25T09:43:35","guid":{"rendered":"https:\/\/oldpower.overheardatpower.co.uk\/it\/lavora-con-noi"},"modified":"2020-05-21T14:10:04","modified_gmt":"2020-05-21T13:10:04","slug":"lavora-con-noi","status":"publish","type":"page","link":"https:\/\/oldpower.overheardatpower.co.uk\/it\/lavora-con-noi","title":{"rendered":"Lavora con noi"},"content":{"rendered":"<p>Siamo orgogliosi dei nostri prodotti e siamo fiduciosi che i vostri contatti e clienti li troveranno utili. Ecco perch\u00e9 vogliamo creare partnership vantaggiose in tutto il mondo con societ\u00e0 specializzate che forniscono queste industrie.<\/p>\n<p>La nostra sede principale nel Regno Unito, dedicata alla progettazione e alla produzione, in congiunzione con personale impegnato e una serie di opzioni logistiche, ci consente di fornire i nostri distributori con un servizio e un monitoraggio degli ordini senza precedenti.<\/p>\n<figure><img src=\"\/\/poweradhesives.com\/wp-content\/themes\/power\/img\/power_adhesives_distribution.png\" alt=\"Distribuzione di Power Adhesives\"><\/figure>\n<p>Se pensate che i vostri clienti possano essere interessati ai nostri prodotti e desiderino instaurare un rapporto commerciale con noi, vi chiediamo di presentarvi utilizzando il modulo sottostante e vi contatteremo.<\/p>\n<form id=\"work-with-us-form\" action=\"https:\/\/poweradhesives.createsend.com\/t\/r\/s\/djuykyu\/\" method=\"post\"><input class=\"hide\" name=\"work-with-us\" type=\"text\" value=\"vero\"><br \/>\n<label for=\"fieldName\">Nome (obbligatorio)<\/label>&nbsp;<\/p>\n<p><input id=\"fieldName\" name=\"cm-name\" required=\"\" type=\"text\"><\/p>\n<p>&nbsp;<\/p>\n<p><label for=\"fieldEmail\">E-mail (obbligatoria)<\/label><\/p>\n<p><input id=\"fieldEmail\" name=\"cm-djuykyu-djuykyu\" required=\"\" type=\"email\"><\/p>\n<p>&nbsp;<\/p>\n<p><label for=\"fieldwtilhf\">Numero di telefono (obbligatorio)<\/label><\/p>\n<p><input id=\"fieldwtilhf\" name=\"cm-f-wtilhf\" required=\"\" type=\"text\"><\/p>\n<p>&nbsp;<\/p>\n<p><label for=\"fieldwtilhid\">Ragione sociale (obbligatoria)<\/label><\/p>\n<p><input id=\"fieldwtilhid\" name=\"cm-f-wtilhid\" required=\"\" type=\"text\"><\/p>\n<p>&nbsp;<\/p>\n<p><label for=\"website\">Sito web<\/label><\/p>\n<p><input id=\"website\" name=\"website\" type=\"text\"><\/p>\n<p>&nbsp;<\/p>\n<p><label for=\"fieldbtdjitj\">Paese (obbligatorio)<\/label><\/p>\n<p><select id=\"fieldbtdjitj\" name=\"cm-fo-btdjitj\"><option value=\"\">&#8212;<\/option><option value=\"6540288\">Afghanistan<\/option><option value=\"6540289\">Albania<\/option><option value=\"6540290\">Algeria<\/option><option value=\"6540291\">Samoa Americane<\/option><option value=\"6540292\">Andorra<\/option><option value=\"6540293\">Angola<\/option><option value=\"6540294\">Anguilla<\/option><option value=\"6540295\">Antigua e Barbuda<\/option><option value=\"6540296\">Argentina<\/option><option value=\"6540297\">Armenia<\/option><option value=\"6540298\">Aruba<\/option><option value=\"6540299\">Australia<\/option><option value=\"6540300\">Austria<\/option><option value=\"6540301\">Azerbaigian<\/option><option value=\"6540302\">Azzorre<\/option><option value=\"6540303\">Bahamas<\/option><option value=\"6540304\">Bahrein<\/option><option value=\"6540305\">Bangladesh<\/option><option value=\"6540306\">Barbados<\/option><option value=\"6540307\">Bielorussia<\/option><option value=\"6540308\">Belgio<\/option><option value=\"6540309\">Belize<\/option><option value=\"6540310\">Benin<\/option><option value=\"6540311\">Bermuda<\/option><option value=\"6540312\">Bhutan<\/option><option value=\"6540313\">Bolivia<\/option><option value=\"6540314\">Bonaire<\/option><option value=\"6540315\">Bosnia ed Erzegovina<\/option><option value=\"6540316\">Botswana<\/option><option value=\"6540317\">Brasile<\/option><option value=\"6540318\">Territorio britannico dell&#8217;Oceano Indiano<\/option><option value=\"6540319\">Brunei<\/option><option value=\"6540320\">Bulgaria<\/option><option value=\"6540321\">Burkina Faso<\/option><option value=\"6540322\">Burundi<\/option><option value=\"6540323\">Cambogia<\/option><option value=\"6540324\">Camerun<\/option><option value=\"6540325\">Canada<\/option><option value=\"6540326\">Isole Canarie<\/option><option value=\"6540327\">Capo Verde<\/option><option value=\"6540328\">Isole Cayman<\/option><option value=\"6540329\">Repubblica Centrafricana<\/option><option value=\"6540330\">Ciad<\/option><option value=\"6540331\">Isole del Canale<\/option><option value=\"6540332\">Cile<\/option><option value=\"6540333\">Cina<\/option><option value=\"6540334\">Isola di Natale<\/option><option value=\"6540335\">Isole Cocos<\/option><option value=\"6540336\">Colombia<\/option><option value=\"6540337\">Comore<\/option><option value=\"6540338\">Congo<\/option><option value=\"6540339\">Repubblica Democratica del Congo<\/option><option value=\"6540340\">Isole Cook<\/option><option value=\"6540341\">Costa Rica<\/option><option value=\"6540342\">Costa d&#8217;Avorio<\/option><option value=\"6540343\">Croazia<\/option><option value=\"6540344\">Cuba<\/option><option value=\"6540345\">Cura\u00e7ao<\/option><option value=\"6540346\">Cipro<\/option><option value=\"6540347\">Repubblica Ceca<\/option><option value=\"6540348\">Danimarca<\/option><option value=\"6540349\">Gibuti<\/option><option value=\"6540350\">Dominica<\/option><option value=\"6540351\">Repubblica Dominicana<\/option><option value=\"6540352\">Timor Est<\/option><option value=\"6540353\">Ecuador<\/option><option value=\"6540354\">Egitto<\/option><option value=\"6540355\">El Salvador<\/option><option value=\"6540356\">Guinea Equatoriale<\/option><option value=\"6540357\">Eritrea<\/option><option value=\"6540358\">Estonia<\/option><option value=\"6540359\">Etiopia<\/option><option value=\"6540360\">Isole Falkland<\/option><option value=\"6540361\">Isole Faroe<\/option><option value=\"6540362\">Figi<\/option><option value=\"6540363\">Finlandia<\/option><option value=\"6540364\">Francia<\/option><option value=\"6540365\">Guyana francese<\/option><option value=\"6540366\">Polinesia Francese<\/option><option value=\"6540367\">Terre Australi e Antartiche Francesi<\/option><option value=\"6540368\">Gabon<\/option><option value=\"6540369\">Gambia<\/option><option value=\"6540370\">Georgia<\/option><option value=\"6540371\">Germania<\/option><option value=\"6540372\">Ghana<\/option><option value=\"6540373\">Gibilterra<\/option><option value=\"6540374\">Gran Bretagna<\/option><option value=\"6540375\">Grecia<\/option><option value=\"6540376\">Groenlandia<\/option><option value=\"6540377\">Grenada<\/option><option value=\"6540378\">Guadalupa<\/option><option value=\"6540379\">Guam<\/option><option value=\"6540380\">Guatemala<\/option><option value=\"6540381\">Guernsey<\/option><option value=\"6540382\">Guinea<\/option><option value=\"6540383\">Guinea-Bissau<\/option><option value=\"6540384\">Guyana<\/option><option value=\"6540385\">Haiti<\/option><option value=\"6540386\">Honduras<\/option><option value=\"6540387\">Hong Kong<\/option><option value=\"6540388\">Ungheria<\/option><option value=\"6540389\">Islanda<\/option><option value=\"6540390\">India<\/option><option value=\"6540391\">Indonesia<\/option><option value=\"6540392\">Iran<\/option><option value=\"6540393\">Iraq<\/option><option value=\"6540394\">Irlanda<\/option><option value=\"6540395\">Isola di Man<\/option><option value=\"6540396\">Israele<\/option><option value=\"6540397\">Italia<\/option><option value=\"6540398\">Giamaica<\/option><option value=\"6540399\">Giappone<\/option><option value=\"6540400\">Jersey<\/option><option value=\"6540401\">Giordania<\/option><option value=\"6540402\">Kazakistan<\/option><option value=\"6540403\">Kenya<\/option><option value=\"6540404\">Kiribati<\/option><option value=\"6540405\">Corea del Nord<\/option><option value=\"6540406\">Corea del Sud<\/option><option value=\"6540407\">Kuwait<\/option><option value=\"6540408\">Kirghizistan<\/option><option value=\"6540409\">Laos<\/option><option value=\"6540410\">Lettonia<\/option><option value=\"6540411\">Libano<\/option><option value=\"6540412\">Lesotho<\/option><option value=\"6540413\">Liberia<\/option><option value=\"6540414\">Libia<\/option><option value=\"6540415\">Liechtenstein<\/option><option value=\"6540416\">Lituania<\/option><option value=\"6540417\">Lussemburgo<\/option><option value=\"6540418\">Macao<\/option><option value=\"6540419\">Macedonia<\/option><option value=\"6540420\">Madagascar<\/option><option value=\"6540421\">Malawi<\/option><option value=\"6540422\">Malesia<\/option><option value=\"6540423\">Maldive<\/option><option value=\"6540424\">Mali<\/option><option value=\"6540425\">Malta<\/option><option value=\"6540426\">Isole Marshall<\/option><option value=\"6540427\">Martinica<\/option><option value=\"6540428\">Mauritania<\/option><option value=\"6540429\">Mauritius<\/option><option value=\"6540430\">Maiotta<\/option><option value=\"6540431\">Messico<\/option><option value=\"6540432\">Isole Midway<\/option><option value=\"6540433\">Moldavia<\/option><option value=\"6540434\">Monaco<\/option><option value=\"6540435\">Mongolia<\/option><option value=\"6540436\">Montenegro<\/option><option value=\"6540437\">Montserrat<\/option><option value=\"6540438\">Marocco<\/option><option value=\"6540439\">Mozambico<\/option><option value=\"6540440\">Birmania<\/option><option value=\"6540441\">Namibia<\/option><option value=\"6540442\">Nauru<\/option><option value=\"6540443\">Nepal<\/option><option value=\"6540444\">Antille Olandesi<\/option><option value=\"6540445\">Paesi Bassi<\/option><option value=\"6540446\">Nevis<\/option><option value=\"6540447\">Nuova Caledonia<\/option><option value=\"6540448\">Nuova Zelanda<\/option><option value=\"6540449\">Nicaragua<\/option><option value=\"6540450\">Niger<\/option><option value=\"6540451\">Nigeria<\/option><option value=\"6540452\">Niue<\/option><option value=\"6540453\">Isola Norfolk<\/option><option value=\"6540454\">Norvegia<\/option><option value=\"6540455\">Oman<\/option><option value=\"6540456\">Pakistan<\/option><option value=\"6540457\">Palau<\/option><option value=\"6540458\">Palestina<\/option><option value=\"6540459\">Panama<\/option><option value=\"6540460\">Papua Nuova Guinea<\/option><option value=\"6540461\">Paraguay<\/option><option value=\"6540462\">Per\u00f9<\/option><option value=\"6540463\">Filippine<\/option><option value=\"6540464\">Isole Pitcairn<\/option><option value=\"6540465\">Polonia<\/option><option value=\"6540466\">Portogallo<\/option><option value=\"6540467\">Portorico<\/option><option value=\"6540468\">Qatar<\/option><option value=\"6540469\">Riunione<\/option><option value=\"6540470\">Romania<\/option><option value=\"6540471\">Russia<\/option><option value=\"6540472\">Ruanda<\/option><option value=\"6540473\">Saipan<\/option><option value=\"6540474\">Samoa<\/option><option value=\"6540475\">Samoa Americane<\/option><option value=\"6540476\">San Marino<\/option><option value=\"6540477\">S\u00e3o Tom\u00e9 e Pr\u00edncipe<\/option><option value=\"6540478\">Arabia Saudita<\/option><option value=\"6540479\">Senegal<\/option><option value=\"6540480\">Serbia<\/option><option value=\"6540481\">Serbia e Montenegro<\/option><option value=\"6540482\">Seychelles<\/option><option value=\"6540483\">Sierra Leone<\/option><option value=\"6540484\">Singapore<\/option><option value=\"6540485\">Slovacchia<\/option><option value=\"6540486\">Slovenia<\/option><option value=\"6540487\">Isole Salomone<\/option><option value=\"6540488\">Somalia<\/option><option value=\"6540489\">Sudafrica<\/option><option value=\"6540490\">Sudan del Sud<\/option><option value=\"6540491\">Spagna<\/option><option value=\"6540492\">Sri Lanka<\/option><option value=\"6540493\">Saint Barts<\/option><option value=\"6540494\">Sint Eustatius<\/option><option value=\"6540495\">Sant&#8217;Elena<\/option><option value=\"6540496\">Saint Kitts e Nevis<\/option><option value=\"6540497\">Santa Lucia<\/option><option value=\"6540498\">Saint Martin<\/option><option value=\"6540499\">Saint Pierre e Miquelon<\/option><option value=\"6540500\">Saint Vincent e Grenadine<\/option><option value=\"6540501\">Sudan<\/option><option value=\"6540502\">Suriname<\/option><option value=\"6540503\">Swaziland<\/option><option value=\"6540504\">Svezia<\/option><option value=\"6540505\">Svizzera<\/option><option value=\"6540506\">Siria<\/option><option value=\"6540507\">Tahiti<\/option><option value=\"6540508\">Taiwan<\/option><option value=\"6540509\">Tagikistan<\/option><option value=\"6540510\">Tanzania<\/option><option value=\"6540511\">Thailandia<\/option><option value=\"6540512\">Togo<\/option><option value=\"6540513\">Tokelau<\/option><option value=\"6540514\">Tonga<\/option><option value=\"6540515\">Trinidad e Tobago<\/option><option value=\"6540516\">Tunisia<\/option><option value=\"6540517\">Turchia<\/option><option value=\"6540518\">Turkmenistan<\/option><option value=\"6540519\">Isole Turks e Caicos<\/option><option value=\"6540520\">Tuvalu<\/option><option value=\"6540521\">Uganda<\/option><option value=\"6540522\">Ucraina<\/option><option value=\"6540523\">Emirati Arabi Uniti<\/option><option value=\"6540524\">Regno Unito<\/option><option value=\"6540525\">Stati Uniti d&#8217;America<\/option><option value=\"6540526\">Uruguay<\/option><option value=\"6540527\">Uzbekistan<\/option><option value=\"6540528\">Vanuatu<\/option><option value=\"6540529\">Citt\u00e0 del Vaticano<\/option><option value=\"6540530\">Venezuela<\/option><option value=\"6540531\">Vietnam<\/option><option value=\"6540532\">Isole Vergini britanniche<\/option><option value=\"6540533\">Isole Vergini americane<\/option><option value=\"6540534\">Isola di Wake<\/option><option value=\"6540535\">Isole Wallis e Futuna<\/option><option value=\"6540536\">Yemen<\/option><option value=\"6540537\">Zambia<\/option><option value=\"6540538\">Zimbabwe<\/option><\/select><\/p>\n<p>&nbsp;<\/p>\n<p><label for=\"multiple-interests\">Quali prodotti ti interessano? (Puoi selezionare pi\u00f9 opzioni cliccandole mentre tieni premuto il tasto <code>ctrl<\/code> o <code>option<\/code>)<\/label><\/p>\n<p><select id=\"multiple-interests\" multiple=\"multiple\" name=\"multiple-interests\"><option value=\"\">&#8212;<\/option><option value=\"Tec Glue Guns\">Pistole per colla Tec<\/option><option value=\"Tecbond Adhesives\">Adesivi tecbond<\/option><option value=\"Hobbytec\">Hobbytec<\/option><option value=\"Vac-tac\">Vac-tac<\/option><option value=\"Skimender\">Skimender<\/option><option value=\"Casttec\">Casttec<\/option><option value=\"Foundrytec\">Foundrytec<\/option><option value=\"Spraytec\">Spraytec<\/option><option value=\"Knottec\">Knottec<\/option><option value=\"Overtec\">Overtec<\/option><option value=\"Tackfix\">Tackfix<\/option><option value=\"Dentmenda\">Dentmenda<\/option><option value=\"Cabletac\">Cabletax<\/option><option value=\"Gas-tec\">Gas-tec<\/option><option value=\"Peeltec\">Peelec<\/option><\/select><\/p>\n<p>&nbsp;<\/p>\n<p><input id=\"single-product-string\" class=\"hide\" name=\"cm-f-btdjidr\" type=\"text\"><\/p>\n<p><label for=\"your-message\">Raccontaci un po&#8217; di te<\/label><\/p>\n<p><textarea id=\"your-message\" cols=\"40\" name=\"your-message\" rows=\"10\"><\/textarea><\/p>\n<p>&nbsp;<\/p>\n<p><input class=\"button right small\" type=\"submit\" value=\"Invia\"><\/p>\n<\/form>\n","protected":false},"excerpt":{"rendered":"<p>Siamo orgogliosi dei nostri prodotti e siamo fiduciosi che i vostri contatti e clienti li troveranno utili. Ecco perch\u00e9 vogliamo creare partnership vantaggiose in tutto il mondo con societ\u00e0 specializzate che forniscono queste industrie. La nostra sede principale nel Regno Unito, dedicata alla progettazione e alla produzione, in congiunzione con personale impegnato e una serie [&hellip;]<\/p>\n","protected":false},"author":1,"featured_media":0,"parent":0,"menu_order":0,"comment_status":"closed","ping_status":"open","template":"","meta":[],"acf":[],"_links":{"self":[{"href":"https:\/\/oldpower.overheardatpower.co.uk\/it\/wp-json\/wp\/v2\/pages\/1601"}],"collection":[{"href":"https:\/\/oldpower.overheardatpower.co.uk\/it\/wp-json\/wp\/v2\/pages"}],"about":[{"href":"https:\/\/oldpower.overheardatpower.co.uk\/it\/wp-json\/wp\/v2\/types\/page"}],"author":[{"embeddable":true,"href":"https:\/\/oldpower.overheardatpower.co.uk\/it\/wp-json\/wp\/v2\/users\/1"}],"replies":[{"embeddable":true,"href":"https:\/\/oldpower.overheardatpower.co.uk\/it\/wp-json\/wp\/v2\/comments?post=1601"}],"version-history":[{"count":2,"href":"https:\/\/oldpower.overheardatpower.co.uk\/it\/wp-json\/wp\/v2\/pages\/1601\/revisions"}],"predecessor-version":[{"id":2620,"href":"https:\/\/oldpower.overheardatpower.co.uk\/it\/wp-json\/wp\/v2\/pages\/1601\/revisions\/2620"}],"wp:attachment":[{"href":"https:\/\/oldpower.overheardatpower.co.uk\/it\/wp-json\/wp\/v2\/media?parent=1601"}],"curies":[{"name":"wp","href":"https:\/\/api.w.org\/{rel}","templated":true}]}}