{"id":1599,"date":"2017-09-25T10:43:31","date_gmt":"2017-09-25T09:43:31","guid":{"rendered":"https:\/\/oldpower.overheardatpower.co.uk\/it\/adesivi-per-arti-e-mestieri"},"modified":"2018-05-29T14:19:10","modified_gmt":"2018-05-29T13:19:10","slug":"adesivi-per-arti-e-mestieri","status":"publish","type":"page","link":"https:\/\/oldpower.overheardatpower.co.uk\/it\/mercati\/adesivi-per-arti-e-mestieri","title":{"rendered":"Adesivi per arti e mestieri"},"content":{"rendered":"<p>La qualit\u00e0 della finitura di artigianato, fai-da-te e composizioni floreali dipender\u00e0 naturalmente dai vari strumenti e tecniche disponibili. Ecco perch\u00e9 Power Adhesives ha progettato e sviluppato attrezzature professionali specifiche per i mercati di bricolage, artigianato e fioraio a prezzi accessibili per tutti.<\/p>\n<p>Progettati per offrire un&#8217;adesione istantanea su una variet\u00e0 di materiali come tessuto, legno, carta, cartone, plastica e ceramica, le pistole tec 305 e tec 805 sono ideali per una vasta gamma di fai-da-te e artigianato.<\/p>\n<p>L&#8217;utilizzo di pistole Tec 305 e Tec 805 con adesivi tecbond presenta molti vantaggi rispetto ad altri sistemi di fissaggio comuni: sono puliti, non tossici, non hanno scadenza, non lasciano tracce , hanno un aspetto pi\u00f9 attraente e non oscurano le superfici.<\/p>\n<p>Gli adesivi Tecbond sono disponibili in una variet\u00e0 di formulazioni, con tempi di presa, resistenza al calore e viscosit\u00e0 su misura per ogni particolare applicazione. La disponibilit\u00e0 di una gamma di stick di colla colorati e brillanti apre nuove possibilit\u00e0 creative per l&#8217;incollaggio a caldo. Tutte le colle sono disponibili in confezioni da 8 bastoncini per il test e in cartoni da 5 chili.<\/p>\n<p>Non puoi solo INCOLLARE, GUARNIRE, MONTARE, INSULARE, RINFORZARE, INCAPSULARE, RIPARARE e RIEMPIRE, ma puoi DECORARE e CREARE molti oggetti e modelli per ogni occasione.<\/p>\n","protected":false},"excerpt":{"rendered":"<p>La qualit\u00e0 della finitura di artigianato, fai-da-te e composizioni floreali dipender\u00e0 naturalmente dai vari strumenti e tecniche disponibili. Ecco perch\u00e9 Power Adhesives ha progettato e sviluppato attrezzature professionali specifiche per i mercati di bricolage, artigianato e fioraio a prezzi accessibili per tutti. Progettati per offrire un&#8217;adesione istantanea su una variet\u00e0 di materiali come tessuto, legno, [&hellip;]<\/p>\n","protected":false},"author":1,"featured_media":2684,"parent":1600,"menu_order":0,"comment_status":"closed","ping_status":"closed","template":"","meta":[],"acf":[],"_links":{"self":[{"href":"https:\/\/oldpower.overheardatpower.co.uk\/it\/wp-json\/wp\/v2\/pages\/1599"}],"collection":[{"href":"https:\/\/oldpower.overheardatpower.co.uk\/it\/wp-json\/wp\/v2\/pages"}],"about":[{"href":"https:\/\/oldpower.overheardatpower.co.uk\/it\/wp-json\/wp\/v2\/types\/page"}],"author":[{"embeddable":true,"href":"https:\/\/oldpower.overheardatpower.co.uk\/it\/wp-json\/wp\/v2\/users\/1"}],"replies":[{"embeddable":true,"href":"https:\/\/oldpower.overheardatpower.co.uk\/it\/wp-json\/wp\/v2\/comments?post=1599"}],"version-history":[{"count":2,"href":"https:\/\/oldpower.overheardatpower.co.uk\/it\/wp-json\/wp\/v2\/pages\/1599\/revisions"}],"predecessor-version":[{"id":1849,"href":"https:\/\/oldpower.overheardatpower.co.uk\/it\/wp-json\/wp\/v2\/pages\/1599\/revisions\/1849"}],"up":[{"embeddable":true,"href":"https:\/\/oldpower.overheardatpower.co.uk\/it\/wp-json\/wp\/v2\/pages\/1600"}],"wp:featuredmedia":[{"embeddable":true,"href":"https:\/\/oldpower.overheardatpower.co.uk\/it\/wp-json\/wp\/v2\/media\/2684"}],"wp:attachment":[{"href":"https:\/\/oldpower.overheardatpower.co.uk\/it\/wp-json\/wp\/v2\/media?parent=1599"}],"curies":[{"name":"wp","href":"https:\/\/api.w.org\/{rel}","templated":true}]}}