{"id":1597,"date":"2017-09-25T10:43:26","date_gmt":"2017-09-25T09:43:26","guid":{"rendered":"https:\/\/oldpower.overheardatpower.co.uk\/it\/adesivi-per-pavimentazione"},"modified":"2020-02-14T06:56:09","modified_gmt":"2020-02-14T06:56:09","slug":"adesivi-per-pavimentazione","status":"publish","type":"page","link":"https:\/\/oldpower.overheardatpower.co.uk\/it\/mercati\/adesivi-per-pavimentazione","title":{"rendered":"Adesivi per pavimentazione"},"content":{"rendered":"<p>Tackfix 48 \u00e8 il sistema di incollaggio adesivo per pavimentazione pi\u00f9 veloce e resistente sul mercato e supera tutti i concorrenti. Non \u00e8 tossico ed \u00e8 stato appositamente formulato per funzionare bene con qualsiasi pistola a colla. Con Tackfix 48, il rendimento massimale della pistola \u00e8 regolato dal grilletto della pistola e consente l\u2019uso in applicazioni con superfici pi\u00f9 grandi o pi\u00f9 vasti. I bastoncini di adesivo Tackfix 48 rimangono stabili in ambienti ad alta temperatura o nel caso in cui la pistola viene lasciata accesa inusata.<\/p>\n<p>Tackfix 48 \u00e8 un&#8217;alternativa rapida e semplice per fissare bordi di tappeti, posare piastrelle e soglie di pavimenti. Applicare l&#8217;adesivo su una delle superfici con le nostre pistole industriali e premere insieme i substrati per un legame istantaneo. Il tappeto pu\u00f2 essere steso pochi minuti dopo e le piastrelle possono essere fissate immediatamente senza problemi di movimento o l&#8217;adesivo pu\u00f2 essere semplicemente utilizzato come paio di mani in innumerevoli applicazioni di pavimenti e costruzione. Questi non sono I soloiti bastoncini trasparenti standard!<\/p>\n<p>Scopri come gli adesivi a caldo industriali di Power Adhes possono semplificarti il \u200b\u200blavoro!<\/p>\n","protected":false},"excerpt":{"rendered":"<p>Tackfix 48 \u00e8 il sistema di incollaggio adesivo per pavimentazione pi\u00f9 veloce e resistente sul mercato e supera tutti i concorrenti. Non \u00e8 tossico ed \u00e8 stato appositamente formulato per funzionare bene con qualsiasi pistola a colla. Con Tackfix 48, il rendimento massimale della pistola \u00e8 regolato dal grilletto della pistola e consente l\u2019uso in [&hellip;]<\/p>\n","protected":false},"author":1,"featured_media":2734,"parent":1600,"menu_order":0,"comment_status":"closed","ping_status":"closed","template":"","meta":[],"acf":[],"_links":{"self":[{"href":"https:\/\/oldpower.overheardatpower.co.uk\/it\/wp-json\/wp\/v2\/pages\/1597"}],"collection":[{"href":"https:\/\/oldpower.overheardatpower.co.uk\/it\/wp-json\/wp\/v2\/pages"}],"about":[{"href":"https:\/\/oldpower.overheardatpower.co.uk\/it\/wp-json\/wp\/v2\/types\/page"}],"author":[{"embeddable":true,"href":"https:\/\/oldpower.overheardatpower.co.uk\/it\/wp-json\/wp\/v2\/users\/1"}],"replies":[{"embeddable":true,"href":"https:\/\/oldpower.overheardatpower.co.uk\/it\/wp-json\/wp\/v2\/comments?post=1597"}],"version-history":[{"count":5,"href":"https:\/\/oldpower.overheardatpower.co.uk\/it\/wp-json\/wp\/v2\/pages\/1597\/revisions"}],"predecessor-version":[{"id":2544,"href":"https:\/\/oldpower.overheardatpower.co.uk\/it\/wp-json\/wp\/v2\/pages\/1597\/revisions\/2544"}],"up":[{"embeddable":true,"href":"https:\/\/oldpower.overheardatpower.co.uk\/it\/wp-json\/wp\/v2\/pages\/1600"}],"wp:featuredmedia":[{"embeddable":true,"href":"https:\/\/oldpower.overheardatpower.co.uk\/it\/wp-json\/wp\/v2\/media\/2734"}],"wp:attachment":[{"href":"https:\/\/oldpower.overheardatpower.co.uk\/it\/wp-json\/wp\/v2\/media?parent=1597"}],"curies":[{"name":"wp","href":"https:\/\/api.w.org\/{rel}","templated":true}]}}