{"id":1595,"date":"2017-09-25T10:43:20","date_gmt":"2017-09-25T09:43:20","guid":{"rendered":"https:\/\/oldpower.overheardatpower.co.uk\/it\/adesivi-per-gommapiuma-e-materassi"},"modified":"2018-05-29T14:23:11","modified_gmt":"2018-05-29T13:23:11","slug":"adesivi-per-gommapiuma-e-materassi","status":"publish","type":"page","link":"https:\/\/oldpower.overheardatpower.co.uk\/it\/mercati\/adesivi-per-gommapiuma-e-materassi","title":{"rendered":"Adesivi per gommapiuma e materassi"},"content":{"rendered":"<p>Nella produzione di materassi e mobili, gli adesivi vengono utilizzati per posizionare gommapiuma e vari strati morbidi prima della copertura. Sono anche utilizzati per sigillare le tasche a molla coinvolte nella produzione di materassi.<\/p>\n<p>Durante la costruzione del materasso, un adesivo spruzzabile viene normalmente usato per posizionare la gommapiuma e gli elementi di imbottitura che costituiscono lo strato della fodera esterna. Ci\u00f2 consente un&#8217;applicazione rapida e un&#8217;adesione uniforme su tutta la superficie. L&#8217;adesivo non deve essere particolarmente forte, ma deve essere flessibile e inodore.<\/p>\n<p>Storicamente, gli adesivi utilizzati erano spesso a base di acqua o a base di solventi, ma entrambi pongono problemi intrinseci se usati per la produzione di materassi e mobili imbottiti.<\/p>\n<p>Il tempo di presa dei sistemi a base d&#8217;acqua tende ad essere pi\u00f9 lungo perch\u00e9 dipende dall&#8217;evaporazione dell&#8217;acqua. Questa acqua evapora nella fodera del materasso e viene quindi intrappolata dal sacchetto in polietilene tipicamente utilizzato per proteggere il materasso durante lo stoccaggio e il trasporto. L&#8217;umidit\u00e0 intrappolata pu\u00f2 causare muffe e cattivi odori che rovinano il nuovo materasso. Gli adesivi a base d&#8217;acqua devono inoltre essere protetti dal congelamento durante il trasporto e l&#8217;immagazzinaggio e possono indurire nell&#8217;attrezzatura di applicazione se non sono adeguatamente svuotati quando il lavoro \u00e8 finito.<\/p>\n<p>Il tempo di presa dei sistemi adesivi a base di solvente \u00e8 pi\u00f9 veloce perch\u00e9 il solvente evapora pi\u00f9 velocemente dell&#8217;acqua, ma l&#8217;adesivo tende a fuoriuscire nell&#8217;aria quando viene spruzzato. Residui adesivi e vapori di solventi contaminano sia l&#8217;area di lavoro che gli operatori, che in entrambi i casi non sono buoni. Gli adesivi a base di solventi rappresentano anche un pericolo di incendio perch\u00e9 sono volatili e altamente infiammabili. Si induriscono anche negli strumenti di applicazione e richiedono un solvente per la pulizia. Allo stesso modo, alterano il materasso con forti odori del solvente che saranno intrappolati dalla confezione in polietilene.<\/p>\n<p>Negli ultimi anni, gli adesivi a caldo sono diventati la soluzione preferita per questo tipo di applicazione. Non contengono solventi o acqua e il fissaggio avviene semplicemente perdendo il calore con cui sono stati applicati, quindi solidifica. Ci\u00f2 significa che gli adesivi a caldo offrono un&#8217;adesione molto pi\u00f9 rapida rispetto agli adesivi a base di acqua o solventi. Ci\u00f2 significa anche che \u00e8 necessario meno materiale a caldo per ottenere un determinato livello di adesione, che aumenta l&#8217;area trattabile per unit\u00e0 di colla e riduce i costi. Presa istantanea significa anche che \u00e8 possibile sagomare la gommapiuma elastica attorno alla struttura.<\/p>\n<p>Formulazioni di adesivi a caldo sono state create per la produzione di tasche a molla. La loro composizione chimica unica corrisponde a quella dei sacchetti a molla, creando una presa istantanea, forte, flessibile e senza odori.<\/p>\n<p>Allo stesso modo, le formulazioni hot melt spruzzabili come Tecbond 420 e 425 sono ampiamente utilizzate nella produzione di imbottiture esterne morbide di materassi e altre applicazioni a base di gommapiuma nei mobili. Possono essere applicati con le pistole a spray industriali Tec 6300 e 7300.<\/p>\n<p>Queste pistole a spruzzo relativamente economiche richiedono un&#8217;alimentazione elettrica e un&#8217;alimentazione d&#8217;aria a basso volume. Sono strumenti manuali semplici e robusti, facili da ussare e mantenere nell&#8217;area di produzione. A causa del loro costo relativamente basso, la maggior parte dei produttori ha alcune pistole di ricambio per sostituire lo strumento guasto in meno di 5 minuti se c&#8217;\u00e8 un problema sulla linea di produzione. Gli adesivi a caldo sono resistenti al freddo, quindi una semplice premuta sul grilletto della pistola scioglie la colla ed \u00e8 pronto per il funzionamento senza pulizia o pre-spurgo.<\/p>\n<p>L&#8217;adesivo \u00e8 facile da caricare ed \u00e8 confezionato in un cartone riciclabile a basso costo. Ha una vita indefinita ed \u00e8 solido al 100%. Ancora meglio, tutto ci\u00f2 che si paga viene utilizzato perch\u00e9 nulla evapora.<\/p>\n<p>Non sorprende che gli adesivi a caldo stiano rapidamente diventando il sistema di incollaggio preferito dei produttori di materassi.<\/p>\n","protected":false},"excerpt":{"rendered":"<p>Nella produzione di materassi e mobili, gli adesivi vengono utilizzati per posizionare gommapiuma e vari strati morbidi prima della copertura. Sono anche utilizzati per sigillare le tasche a molla coinvolte nella produzione di materassi. Durante la costruzione del materasso, un adesivo spruzzabile viene normalmente usato per posizionare la gommapiuma e gli elementi di imbottitura che [&hellip;]<\/p>\n","protected":false},"author":1,"featured_media":2722,"parent":1600,"menu_order":0,"comment_status":"closed","ping_status":"closed","template":"","meta":[],"acf":[],"_links":{"self":[{"href":"https:\/\/oldpower.overheardatpower.co.uk\/it\/wp-json\/wp\/v2\/pages\/1595"}],"collection":[{"href":"https:\/\/oldpower.overheardatpower.co.uk\/it\/wp-json\/wp\/v2\/pages"}],"about":[{"href":"https:\/\/oldpower.overheardatpower.co.uk\/it\/wp-json\/wp\/v2\/types\/page"}],"author":[{"embeddable":true,"href":"https:\/\/oldpower.overheardatpower.co.uk\/it\/wp-json\/wp\/v2\/users\/1"}],"replies":[{"embeddable":true,"href":"https:\/\/oldpower.overheardatpower.co.uk\/it\/wp-json\/wp\/v2\/comments?post=1595"}],"version-history":[{"count":3,"href":"https:\/\/oldpower.overheardatpower.co.uk\/it\/wp-json\/wp\/v2\/pages\/1595\/revisions"}],"predecessor-version":[{"id":1850,"href":"https:\/\/oldpower.overheardatpower.co.uk\/it\/wp-json\/wp\/v2\/pages\/1595\/revisions\/1850"}],"up":[{"embeddable":true,"href":"https:\/\/oldpower.overheardatpower.co.uk\/it\/wp-json\/wp\/v2\/pages\/1600"}],"wp:featuredmedia":[{"embeddable":true,"href":"https:\/\/oldpower.overheardatpower.co.uk\/it\/wp-json\/wp\/v2\/media\/2722"}],"wp:attachment":[{"href":"https:\/\/oldpower.overheardatpower.co.uk\/it\/wp-json\/wp\/v2\/media?parent=1595"}],"curies":[{"name":"wp","href":"https:\/\/api.w.org\/{rel}","templated":true}]}}