{"id":1593,"date":"2017-09-25T10:43:18","date_gmt":"2017-09-25T09:43:18","guid":{"rendered":"https:\/\/oldpower.overheardatpower.co.uk\/it\/adesivi-per-anime-da-fonderia"},"modified":"2020-02-14T07:12:49","modified_gmt":"2020-02-14T07:12:49","slug":"adesivi-per-anime-da-fonderia","status":"publish","type":"page","link":"https:\/\/oldpower.overheardatpower.co.uk\/it\/mercati\/adesivi-per-anime-da-fonderia","title":{"rendered":"Adesivi per anime da fonderia"},"content":{"rendered":"<p>Offriamo una gamma di adesivi formulati appositamente per anime da fonderia sotto il marchio Foundrytec. Questi adesivi sono stati progettati per ridurre i tempi di produzione mantenendo lo stesso livello di qualit\u00e0 o addirittura migliorandolo.<\/p>\n<p>Si ottiene un\u2019eccellente adesione nei processi a freddo, come &#8220;Cold Box&#8221;, &#8220;Alpha Set&#8221; e &#8220;Beta Set&#8221;, consentendo una presa quasi istantanea. I nostri adesivi per anime di fonderia possono essere utilizzati anche in processi caldi come &#8220;Warm Box&#8221;, &#8220;Hot Box&#8221; e &#8220;Shell&#8221;, ma questi devono essere raffreddati prima dell&#8217;applicazione.<\/p>\n<p>Dove \u00e8 possibile applicare gli adesivi Foundrytec, il tempo di presa pu\u00f2 aumentare significativamente la velocit\u00e0 di produzione delle anime di fonderia. Grazie alla nostre formulazioni speciali del nostro adesivo a caldo, non c\u2019\u00e8 quasi nessun tempo da attendere che il legame sia effettuato.<\/p>\n<p>Gli adesivi per anime Foundrytec migliorano la precisione riducendo al contempo la quantit\u00e0 di spazio di stoccaggio necessaria per conservare le attrezzature. Con la loro durata indefinita, non c\u2019\u00e8 alcun rischio che i nostri prodotti scadano e diventino inutilizzabili.<\/p>\n","protected":false},"excerpt":{"rendered":"<p>Offriamo una gamma di adesivi formulati appositamente per anime da fonderia sotto il marchio Foundrytec. Questi adesivi sono stati progettati per ridurre i tempi di produzione mantenendo lo stesso livello di qualit\u00e0 o addirittura migliorandolo. Si ottiene un\u2019eccellente adesione nei processi a freddo, come &#8220;Cold Box&#8221;, &#8220;Alpha Set&#8221; e &#8220;Beta Set&#8221;, consentendo una presa quasi [&hellip;]<\/p>\n","protected":false},"author":1,"featured_media":2718,"parent":1600,"menu_order":0,"comment_status":"closed","ping_status":"closed","template":"","meta":[],"acf":[],"_links":{"self":[{"href":"https:\/\/oldpower.overheardatpower.co.uk\/it\/wp-json\/wp\/v2\/pages\/1593"}],"collection":[{"href":"https:\/\/oldpower.overheardatpower.co.uk\/it\/wp-json\/wp\/v2\/pages"}],"about":[{"href":"https:\/\/oldpower.overheardatpower.co.uk\/it\/wp-json\/wp\/v2\/types\/page"}],"author":[{"embeddable":true,"href":"https:\/\/oldpower.overheardatpower.co.uk\/it\/wp-json\/wp\/v2\/users\/1"}],"replies":[{"embeddable":true,"href":"https:\/\/oldpower.overheardatpower.co.uk\/it\/wp-json\/wp\/v2\/comments?post=1593"}],"version-history":[{"count":3,"href":"https:\/\/oldpower.overheardatpower.co.uk\/it\/wp-json\/wp\/v2\/pages\/1593\/revisions"}],"predecessor-version":[{"id":2552,"href":"https:\/\/oldpower.overheardatpower.co.uk\/it\/wp-json\/wp\/v2\/pages\/1593\/revisions\/2552"}],"up":[{"embeddable":true,"href":"https:\/\/oldpower.overheardatpower.co.uk\/it\/wp-json\/wp\/v2\/pages\/1600"}],"wp:featuredmedia":[{"embeddable":true,"href":"https:\/\/oldpower.overheardatpower.co.uk\/it\/wp-json\/wp\/v2\/media\/2718"}],"wp:attachment":[{"href":"https:\/\/oldpower.overheardatpower.co.uk\/it\/wp-json\/wp\/v2\/media?parent=1593"}],"curies":[{"name":"wp","href":"https:\/\/api.w.org\/{rel}","templated":true}]}}