{"id":1592,"date":"2017-09-25T10:43:16","date_gmt":"2017-09-25T09:43:16","guid":{"rendered":"https:\/\/oldpower.overheardatpower.co.uk\/it\/adesivi-per-punti-vendita"},"modified":"2018-05-29T15:14:59","modified_gmt":"2018-05-29T14:14:59","slug":"adesivi-per-punti-vendita","status":"publish","type":"page","link":"https:\/\/oldpower.overheardatpower.co.uk\/it\/mercati\/adesivi-per-punti-vendita","title":{"rendered":"Adesivi per punti vendita"},"content":{"rendered":"<p>I punti di vendita POS variano da semplice espositori da casse fino a sculture in cartone altamente sofisticate. La loro fabbricazione richiede quasi sempre un adesivo.<\/p>\n<p>Spesso \u00e8 difficile automatizzare la produzione di questi punti di vensita perch\u00e9 il tempo \u00e8 molto breve, alcuni componenti sono molto voluminosi e certi disegni possono utilizzare molti elementi intercambiabili. Tradizionalmente, pistole industriali e adesivi a caldo sono la prima scelta per l\u2019assemblaggio efficace du punti di vendita, in gran parte perch\u00e9 forniscono risultati eccellenti, sono facili da usare e sono ampiamente disponibili.<\/p>\n<p>I punti di vendita hanno una vita dura, spesso caricati con merci pesanti e poi trascinati nei negozi, quindi la loro integrit\u00e0 strutturale pu\u00f2 essere severamente testata. Se a ci\u00f2 si aggiunge l&#8217;esposizione al calore solare nelle vetrine e alle basse temperature durante il trasporto o lo stoccaggio non riscaldato, \u00e8 chiaro che qualsiasi adesivo utilizzato nella produzione punti di vendita POS avr\u00e0 molto da contendere.<\/p>\n<p>Purtroppo, la maggior parte dei produttori di punti di vendita, anche con il personale di produzione pi\u00f9 qualificator e applicando la giusta quantit\u00e0 di adesivo alla giusta temperatura, pu\u00f2 raccontare storie di costosi problemi sul campo a causa di l&#8217;uso di una colla a caldo di scarsa qualit\u00e0.<\/p>\n<p>Le difficolt\u00e0 affrontate dai produttori di punti di vendita sono quasi uniche perch\u00e9 i materiali da incollare sono lontani dal semplice cartone. Il cartone utilizzato \u00e8 spesso stampato o verniciato e altri componenti sono realizzati in diverse materie plastiche. Un piccolo cambiamento nel materiale su qualsiasi componente pu\u00f2 influire sull&#8217;adesione e, in caso di problemi, pu\u00f2 essere difficile da identificare a causa di fattori ulteriori nella catena di approvvigionamento.<\/p>\n<p>Data la criticit\u00e0 dei requisiti di questa applicazione, \u00e8 essenziale utilizzare un adesivo di alta qualit\u00e0 che rimanga stabile da un anno all\u2019altro, cosa pi\u00f9 importante, avere un&#8217;adesione superiore ai requisiti in modo che sia il pi\u00f9 resistente possibile a tutte le variabili coinvolte.<\/p>\n<p>L&#8217;uso di un adesivo di alta qualit\u00e0, come Tecbond 213 o 214, pu\u00f2 ridurre i problemi sul campo per lunghi periodi. Sebbene i clienti possano inizialmente essere attratti dal prezzo inferiore di un adesivo inferiore, i costi di riparazione di un punti di vendita in varie localit\u00e0 diventa presto evidente.<\/p>\n<p>Gli adesivi a caldo tecbond e le pistole tec sono utilizzati da quasi tutti i produttori di POS rispettabili per una buona ragione. Molto semplicemente, la tecnologia funziona quando ne hanno bisogno.<\/p>\n<p>Pensando di ridurre i costi, alcuni produttori di punti di vendita sono a volte tentati da una soluzione basata su serbatoi di colla sfusa, con l&#8217;idea che eventualmente il costoso sistema pagher\u00e0 per se in pochi anni risparamiando adesivo. Ma in realt\u00e0, i serbatoi di grandi dimensioni richiedono una manutenzione costosa e possono degradare l&#8217;adesivo se lasciato fuso e inutilizzato nel serbatoio. In particolare, i tubi utilizzati riscaldati usati per distribuire l\u2019adesivo alle pistole manuali non reagiscono bene se piegate durante l\u2019uso normale ed \u00e8 ancora peggio se la colla si \u00e8 raffreddata allo stato solido.<\/p>\n<p>Le sostituzioni costano spesso centinaia di Euro e i tempi di fermo sono significativi perch\u00e9 non si tratta solo di collegare una nuova pistola. S\u00ec, l&#8217;adesivo potrebbe essere un po &#8216;pi\u00f9 economico, ma se si aggiungono i costi di manutenzione, i pezzi di ricambio di un sistema di serbatoi e le perdite di lavoro a causa di un problema con l&#8217;attrezzatura, il risparmio scompare rapidamente.<\/p>\n","protected":false},"excerpt":{"rendered":"<p>I punti di vendita POS variano da semplice espositori da casse fino a sculture in cartone altamente sofisticate. La loro fabbricazione richiede quasi sempre un adesivo. Spesso \u00e8 difficile automatizzare la produzione di questi punti di vensita perch\u00e9 il tempo \u00e8 molto breve, alcuni componenti sono molto voluminosi e certi disegni possono utilizzare molti elementi [&hellip;]<\/p>\n","protected":false},"author":1,"featured_media":2698,"parent":1600,"menu_order":0,"comment_status":"closed","ping_status":"closed","template":"","meta":[],"acf":[],"_links":{"self":[{"href":"https:\/\/oldpower.overheardatpower.co.uk\/it\/wp-json\/wp\/v2\/pages\/1592"}],"collection":[{"href":"https:\/\/oldpower.overheardatpower.co.uk\/it\/wp-json\/wp\/v2\/pages"}],"about":[{"href":"https:\/\/oldpower.overheardatpower.co.uk\/it\/wp-json\/wp\/v2\/types\/page"}],"author":[{"embeddable":true,"href":"https:\/\/oldpower.overheardatpower.co.uk\/it\/wp-json\/wp\/v2\/users\/1"}],"replies":[{"embeddable":true,"href":"https:\/\/oldpower.overheardatpower.co.uk\/it\/wp-json\/wp\/v2\/comments?post=1592"}],"version-history":[{"count":2,"href":"https:\/\/oldpower.overheardatpower.co.uk\/it\/wp-json\/wp\/v2\/pages\/1592\/revisions"}],"predecessor-version":[{"id":1800,"href":"https:\/\/oldpower.overheardatpower.co.uk\/it\/wp-json\/wp\/v2\/pages\/1592\/revisions\/1800"}],"up":[{"embeddable":true,"href":"https:\/\/oldpower.overheardatpower.co.uk\/it\/wp-json\/wp\/v2\/pages\/1600"}],"wp:featuredmedia":[{"embeddable":true,"href":"https:\/\/oldpower.overheardatpower.co.uk\/it\/wp-json\/wp\/v2\/media\/2698"}],"wp:attachment":[{"href":"https:\/\/oldpower.overheardatpower.co.uk\/it\/wp-json\/wp\/v2\/media?parent=1592"}],"curies":[{"name":"wp","href":"https:\/\/api.w.org\/{rel}","templated":true}]}}