{"id":1590,"date":"2017-09-25T10:43:11","date_gmt":"2017-09-25T09:43:11","guid":{"rendered":"https:\/\/oldpower.overheardatpower.co.uk\/it\/adesivi-per-il-montaggio-dei-prodotti"},"modified":"2018-05-24T09:44:58","modified_gmt":"2018-05-24T08:44:58","slug":"adesivi-per-il-montaggio-dei-prodotti","status":"publish","type":"page","link":"https:\/\/oldpower.overheardatpower.co.uk\/it\/mercati\/adesivi-per-il-montaggio-dei-prodotti","title":{"rendered":"Adesivi per il montaggio dei prodotti per assemblaggi"},"content":{"rendered":"<p>Gli adesivi a caldo tecbond possono essere utilizzati in molte applicazioni di assemblaggio di prodotti e sono ampiamente utilizzati nel settore automobilistico, elettronico e nella produzione di mobili.<\/p>\n<p>Offriamo adesivi industriali per incollare quasi tutte le materie plastiche, con formulazioni adattate a diversi materiali. Questi adesivi sono disponibili anche in diverse viscosit\u00e0: bassa viscosit\u00e0 per legami stretti e alte viscosit\u00e0 per riempire spazi e materiali porosi come tessuto e gommapiuma.<\/p>\n<p>Alcuni adesivi hanno resistenza alle alte e basse temperature che \u00e8 utile &#8211; ad esempio &#8211; nelle applicazioni automobilistiche, mentre altri hanno una resistenza chimica utile nelle applicazioni di filtrazione.<\/p>\n<p>Gli adesivi possono essere applicati con pistole manuali tec per facilitare l&#8217;applicazione del volume adesivo preciso su un punto specifico. Gli stick adesivi tecbond per l&#8217;assemblaggio sono disponibili in misure da 12, 15 e 43 mm per adattarsi alle varie pistole per colla disponibili. In generale, le dimensioni pi\u00f9 grandi vengono utilizzate per applicazioni ad alto volume, la velocit\u00e0 di fusione viene aumentata e il tempo di ricarica viene ridotto.<\/p>\n<p>Il vantaggio principale dell&#8217;uso delle colle\u00a0 a caldo nell&#8217;assemblaggio di prodotti \u00e8 che la l\u2019incollaggio \u00e8 quasi istantaneo quando vengono compressi I substrati. Ci\u00f2 riduce la necessit\u00e0 di serraggi secondari o di stallo e, in alcuni casi, la colla a caldo stessa pu\u00f2 essere utilizzata per fornire una presa istantanea, consentendo il tempo per un adesivo strutturale a indurimento pi\u00f9 lento di curare.<\/p>\n<p>Inoltre, I nostri adesivi a caldo non contengono umidit\u00e0 o solventi, eliminando ogni rischio di contaminazione del prodotto finito da odori e muffe.<\/p>\n","protected":false},"excerpt":{"rendered":"<p>Gli adesivi a caldo tecbond possono essere utilizzati in molte applicazioni di assemblaggio di prodotti e sono ampiamente utilizzati nel settore automobilistico, elettronico e nella produzione di mobili. Offriamo adesivi industriali per incollare quasi tutte le materie plastiche, con formulazioni adattate a diversi materiali. Questi adesivi sono disponibili anche in diverse viscosit\u00e0: bassa viscosit\u00e0 per [&hellip;]<\/p>\n","protected":false},"author":1,"featured_media":0,"parent":1600,"menu_order":0,"comment_status":"closed","ping_status":"closed","template":"","meta":[],"acf":[],"_links":{"self":[{"href":"https:\/\/oldpower.overheardatpower.co.uk\/it\/wp-json\/wp\/v2\/pages\/1590"}],"collection":[{"href":"https:\/\/oldpower.overheardatpower.co.uk\/it\/wp-json\/wp\/v2\/pages"}],"about":[{"href":"https:\/\/oldpower.overheardatpower.co.uk\/it\/wp-json\/wp\/v2\/types\/page"}],"author":[{"embeddable":true,"href":"https:\/\/oldpower.overheardatpower.co.uk\/it\/wp-json\/wp\/v2\/users\/1"}],"replies":[{"embeddable":true,"href":"https:\/\/oldpower.overheardatpower.co.uk\/it\/wp-json\/wp\/v2\/comments?post=1590"}],"version-history":[{"count":2,"href":"https:\/\/oldpower.overheardatpower.co.uk\/it\/wp-json\/wp\/v2\/pages\/1590\/revisions"}],"predecessor-version":[{"id":1791,"href":"https:\/\/oldpower.overheardatpower.co.uk\/it\/wp-json\/wp\/v2\/pages\/1590\/revisions\/1791"}],"up":[{"embeddable":true,"href":"https:\/\/oldpower.overheardatpower.co.uk\/it\/wp-json\/wp\/v2\/pages\/1600"}],"wp:attachment":[{"href":"https:\/\/oldpower.overheardatpower.co.uk\/it\/wp-json\/wp\/v2\/media?parent=1590"}],"curies":[{"name":"wp","href":"https:\/\/api.w.org\/{rel}","templated":true}]}}