{"id":1569,"date":"2017-09-25T10:42:43","date_gmt":"2017-09-25T09:42:43","guid":{"rendered":"https:\/\/oldpower.overheardatpower.co.uk\/it\/adesivo-per-lo-stampaggio-overtec"},"modified":"2020-02-14T12:28:41","modified_gmt":"2020-02-14T12:28:41","slug":"adesivo-per-lo-stampaggio-overtec","status":"publish","type":"page","link":"https:\/\/oldpower.overheardatpower.co.uk\/it\/soluzioni\/adesivo-per-lo-stampaggio-overtec","title":{"rendered":"Adesivo per lo stampaggio overtec"},"content":{"rendered":"<p>Il sistema Overtec \u00e8 un processo di stampaggio ad iniezione a bassa pressione che utilizza una resina termoplastica di stampaggio per effettuare un sigillo e protezione di alta qualit\u00e0 di componenti pi\u00f9 velocemente che le resine a due parti, e richiedono un investimento inferiore dai sistemi di stampaggio ad iniezione tradizionali.<\/p>\n<p>Un processo innovativo tra tecnologie convenzionali e di stampaggio ad iniezione, il sistema Overtec utilizza un\u2019iniezione a pressione bassa, che incapsula e protegge componenti fragili o delicati senza il rischio di danni. I bastoncini di resina Overtec 5 FR devono essere semplicemente alimentati nella pistola Overtec 820-15 e aspettare che raggiungala temperatura di operazione prima dell\u2019uso, risulatando in un processo semplice e pulito con cicli di tempo veloci.<\/p>\n<p>Overtec 5 FR \u00e8 una resina da stampaggio ad alte prestazioni senza solventi, prodotta principalmente da materiali rinnovabili, rendendola un prodotto ecologico. Non c&#8217;\u00e8 n\u00e9 lo spreco di tempo n\u00e9 i rifiuti associati alla miscelazione o alla durata di conservazione. Le propriet\u00e0 di questo materiale forniscono stampaggio resistente all&#8217;acqua, resistente agli agenti chimici e un&#8217;eccellente resistenza alle basse e alle alte temperature.<\/p>\n<p>Il sistema di stampaggio Overtec a basso costo elimina la necessit\u00e0 dell&#8217;involucro necessario per lo stampaggio convenzionale ed \u00e8 pi\u00f9 efficiente dal punto di vista energetico poich\u00e9 non richiede l&#8217;ingresso di calore per la polimerizzazione. Non \u00e8 necessario usare resine per stampaggio a 2 componenti, che \u00e8 un processo lento e dispendioso. Gli utensili a basso costo sono in alluminio, facili da lavorare, forare e fresare. Ha una buona conducibilit\u00e0 termica, che lo rende il materiale ideale per realizzare stampi. Gli stampi in alluminio hanno generalmente una lunga durata di vita a causa dell&#8217;assenza di componenti abrasivi o corrosivi nella resina Overtec 5 FR. Questi stampi si raffreddano rapidamente, rendendo pi\u00f9 facile smontare le parti quando il processo \u00e8 completo. L&#8217;uso di agenti di rilascio dello stampo pu\u00f2 facilitare il processo di estrazione.<\/p>\n","protected":false},"excerpt":{"rendered":"<p>Il sistema Overtec \u00e8 un processo di stampaggio ad iniezione a bassa pressione che utilizza una resina termoplastica di stampaggio per effettuare un sigillo e protezione di alta qualit\u00e0 di componenti pi\u00f9 velocemente che le resine a due parti, e richiedono un investimento inferiore dai sistemi di stampaggio ad iniezione tradizionali. Un processo innovativo tra [&hellip;]<\/p>\n","protected":false},"author":1,"featured_media":2730,"parent":1588,"menu_order":0,"comment_status":"closed","ping_status":"closed","template":"","meta":[],"acf":[],"_links":{"self":[{"href":"https:\/\/oldpower.overheardatpower.co.uk\/it\/wp-json\/wp\/v2\/pages\/1569"}],"collection":[{"href":"https:\/\/oldpower.overheardatpower.co.uk\/it\/wp-json\/wp\/v2\/pages"}],"about":[{"href":"https:\/\/oldpower.overheardatpower.co.uk\/it\/wp-json\/wp\/v2\/types\/page"}],"author":[{"embeddable":true,"href":"https:\/\/oldpower.overheardatpower.co.uk\/it\/wp-json\/wp\/v2\/users\/1"}],"replies":[{"embeddable":true,"href":"https:\/\/oldpower.overheardatpower.co.uk\/it\/wp-json\/wp\/v2\/comments?post=1569"}],"version-history":[{"count":5,"href":"https:\/\/oldpower.overheardatpower.co.uk\/it\/wp-json\/wp\/v2\/pages\/1569\/revisions"}],"predecessor-version":[{"id":2575,"href":"https:\/\/oldpower.overheardatpower.co.uk\/it\/wp-json\/wp\/v2\/pages\/1569\/revisions\/2575"}],"up":[{"embeddable":true,"href":"https:\/\/oldpower.overheardatpower.co.uk\/it\/wp-json\/wp\/v2\/pages\/1588"}],"wp:featuredmedia":[{"embeddable":true,"href":"https:\/\/oldpower.overheardatpower.co.uk\/it\/wp-json\/wp\/v2\/media\/2730"}],"wp:attachment":[{"href":"https:\/\/oldpower.overheardatpower.co.uk\/it\/wp-json\/wp\/v2\/media?parent=1569"}],"curies":[{"name":"wp","href":"https:\/\/api.w.org\/{rel}","templated":true}]}}