{"id":1561,"date":"2017-09-25T10:42:35","date_gmt":"2017-09-25T09:42:35","guid":{"rendered":"https:\/\/oldpower.overheardatpower.co.uk\/it\/adesivo-a-caldo-spruzzabile-spraytec"},"modified":"2018-05-29T15:23:36","modified_gmt":"2018-05-29T14:23:36","slug":"adesivo-a-caldo-spruzzabile-spraytec","status":"publish","type":"page","link":"https:\/\/oldpower.overheardatpower.co.uk\/it\/soluzioni\/adesivo-a-caldo-spruzzabile-spraytec","title":{"rendered":"Adesivo a caldo spruzzabile spraytec"},"content":{"rendered":"<p>L\u2019adesivo a caldo spraytec ha rivoluzionato l&#8217;uso di adesivi a caldo su materiali sensibili al calore come gommapiuma e film plastici. L&#8217;applicazione a sray copre una zona di adesione pi\u00f9 ampia,\u00a0 migliorando la forza di adesione su substrati fragili rispetto all&#8217;applicazione a gocce o tratto.<\/p>\n<p>Danni termici su materiali sensibili al calore sono evitati perch\u00e9 l&#8217;adesivo appositamente formulato si raffredda rapidamente quando viene spruzzato mantenendo la sua adesivit\u00e0 sulla superfice coperta.<\/p>\n<p>Un ulteriore vantaggio quando si utilizza il sistema Spraytec \u00e8 che non ci sono rifiuti. Qualsiasi adesivo inutilizzato lasciato nello strumento alla fine del lavoro si scioglier\u00e0 di nuovo la prossima volta che la pistola \u00e8 accesa e pu\u00f2 continuare ad essere usata nello stesso modo.<\/p>\n<p>A differenza degli adesivi a base di solvente o acqua, Spraytec ha una durata indefinita e non richiede imballaggi speciali, trasporto o stoccaggio.<\/p>\n<p>Spraytec \u00e8 sicuro e facile da usare, non richiede una maschera o altri indumenti protettivi perch\u00e9 l&#8217;adesivo \u00e8 depositato solo dove \u00e8 necessario.<\/p>\n<p>I nostri unici adesivi spraytec sono completamente privi di solventi e acqua.<\/p>\n","protected":false},"excerpt":{"rendered":"<p>L\u2019adesivo a caldo spraytec ha rivoluzionato l&#8217;uso di adesivi a caldo su materiali sensibili al calore come gommapiuma e film plastici. L&#8217;applicazione a sray copre una zona di adesione pi\u00f9 ampia,\u00a0 migliorando la forza di adesione su substrati fragili rispetto all&#8217;applicazione a gocce o tratto. Danni termici su materiali sensibili al calore sono evitati perch\u00e9 [&hellip;]<\/p>\n","protected":false},"author":1,"featured_media":2722,"parent":1588,"menu_order":0,"comment_status":"closed","ping_status":"closed","template":"","meta":[],"acf":[],"_links":{"self":[{"href":"https:\/\/oldpower.overheardatpower.co.uk\/it\/wp-json\/wp\/v2\/pages\/1561"}],"collection":[{"href":"https:\/\/oldpower.overheardatpower.co.uk\/it\/wp-json\/wp\/v2\/pages"}],"about":[{"href":"https:\/\/oldpower.overheardatpower.co.uk\/it\/wp-json\/wp\/v2\/types\/page"}],"author":[{"embeddable":true,"href":"https:\/\/oldpower.overheardatpower.co.uk\/it\/wp-json\/wp\/v2\/users\/1"}],"replies":[{"embeddable":true,"href":"https:\/\/oldpower.overheardatpower.co.uk\/it\/wp-json\/wp\/v2\/comments?post=1561"}],"version-history":[{"count":3,"href":"https:\/\/oldpower.overheardatpower.co.uk\/it\/wp-json\/wp\/v2\/pages\/1561\/revisions"}],"predecessor-version":[{"id":2189,"href":"https:\/\/oldpower.overheardatpower.co.uk\/it\/wp-json\/wp\/v2\/pages\/1561\/revisions\/2189"}],"up":[{"embeddable":true,"href":"https:\/\/oldpower.overheardatpower.co.uk\/it\/wp-json\/wp\/v2\/pages\/1588"}],"wp:featuredmedia":[{"embeddable":true,"href":"https:\/\/oldpower.overheardatpower.co.uk\/it\/wp-json\/wp\/v2\/media\/2722"}],"wp:attachment":[{"href":"https:\/\/oldpower.overheardatpower.co.uk\/it\/wp-json\/wp\/v2\/media?parent=1561"}],"curies":[{"name":"wp","href":"https:\/\/api.w.org\/{rel}","templated":true}]}}