{"id":747,"date":"2016-10-21T16:12:33","date_gmt":"2016-10-21T15:12:33","guid":{"rendered":"http:\/\/fr.power.paltd.net\/?page_id=747"},"modified":"2020-05-21T14:03:27","modified_gmt":"2020-05-21T13:03:27","slug":"contact","status":"publish","type":"page","link":"https:\/\/oldpower.overheardatpower.co.uk\/fr\/contact","title":{"rendered":"Contact"},"content":{"rendered":"<div class=\"row text-center\">\n<div class=\"large-4 columns\">\n<h2>Nous contacter au Royaume-Uni<\/h2>\n<p><strong>Power Adhesives Ltd.<\/strong><br \/>\n1 Lords Way,<br \/>\nBasildon,<br \/>\nEssex,<br \/>\nSS13 1TN, ROYAUME-UNI<br \/>\nT\u00e9l. r\u00e9ception&nbsp;: +44 (0)1268 885800<br \/>\nT\u00e9l. ventes&nbsp;: +44 (0)1268 885801<br \/>\nFax ventes&nbsp;: +44 (0)1268 885810<br \/>\nFax comptabilit\u00e9&nbsp;: +44 (0)1268 885850<br \/>\nE-mail:&nbsp;<a href=\"mailto:sales@poweradhesives.com\">sales@poweradhesives.com<\/a><\/p>\n<\/div>\n<div class=\"large-4 columns\">\n<h2>Nous contacter aux \u00c9tats-Unis<\/h2>\n<p><strong>Mr Lee Stegall<\/strong><br \/>\nAgent commercial pour l&#8217;Am\u00e9rique du Nord<br \/>\nPower Adhesives Ltd<br \/>\n3030 Horseshoe Lane,<br \/>\nCharlotte, NC 28208<br \/>\nT\u00e9l.&nbsp;: +1 (704) 334 2425<br \/>\nFax&nbsp;: +1 (704) 334 2435<br \/>\nEmail:&nbsp;<a href=\"mailto:l.stegall@poweradhesives.com\">l.stegall@poweradhesives.com<\/a><\/p>\n<\/div>\n<div class=\"large-4 columns\">\n<h2>Nous contacter en Allemagne<\/h2>\n<p><strong>Power Adhesives DE<\/strong><br \/>\nPortable&nbsp;: +44 (0) 7854 660399<br \/>\nE-mail: <a href=\"mailto:t.hardt@poweradhesives.com\">t.hardt@poweradhesives.com<\/a><\/p>\n<\/div>\n<p>&nbsp;<\/p>\n<\/div>\n","protected":false},"excerpt":{"rendered":"<p>Nous contacter au Royaume-Uni Power Adhesives Ltd. 1 Lords Way, Basildon, Essex, SS13 1TN, ROYAUME-UNI T\u00e9l. r\u00e9ception&nbsp;: +44 (0)1268 885800 T\u00e9l. ventes&nbsp;: +44 (0)1268 885801 Fax ventes&nbsp;: +44 (0)1268 885810 Fax comptabilit\u00e9&nbsp;: +44 (0)1268 885850 E-mail:&nbsp;sales@poweradhesives.com Nous contacter aux \u00c9tats-Unis Mr Lee Stegall Agent commercial pour l&#8217;Am\u00e9rique du Nord Power Adhesives Ltd 3030 Horseshoe Lane, [&hellip;]<\/p>\n","protected":false},"author":1,"featured_media":0,"parent":0,"menu_order":0,"comment_status":"closed","ping_status":"open","template":"page-full-map.php","meta":[],"acf":[],"_links":{"self":[{"href":"https:\/\/oldpower.overheardatpower.co.uk\/fr\/wp-json\/wp\/v2\/pages\/747"}],"collection":[{"href":"https:\/\/oldpower.overheardatpower.co.uk\/fr\/wp-json\/wp\/v2\/pages"}],"about":[{"href":"https:\/\/oldpower.overheardatpower.co.uk\/fr\/wp-json\/wp\/v2\/types\/page"}],"author":[{"embeddable":true,"href":"https:\/\/oldpower.overheardatpower.co.uk\/fr\/wp-json\/wp\/v2\/users\/1"}],"replies":[{"embeddable":true,"href":"https:\/\/oldpower.overheardatpower.co.uk\/fr\/wp-json\/wp\/v2\/comments?post=747"}],"version-history":[{"count":4,"href":"https:\/\/oldpower.overheardatpower.co.uk\/fr\/wp-json\/wp\/v2\/pages\/747\/revisions"}],"predecessor-version":[{"id":2616,"href":"https:\/\/oldpower.overheardatpower.co.uk\/fr\/wp-json\/wp\/v2\/pages\/747\/revisions\/2616"}],"wp:attachment":[{"href":"https:\/\/oldpower.overheardatpower.co.uk\/fr\/wp-json\/wp\/v2\/media?parent=747"}],"curies":[{"name":"wp","href":"https:\/\/api.w.org\/{rel}","templated":true}]}}