{"id":744,"date":"2015-08-12T12:38:02","date_gmt":"2015-08-12T11:38:02","guid":{"rendered":"http:\/\/fr.power.paltd.net\/world-leaders\/"},"modified":"2017-08-25T10:19:21","modified_gmt":"2017-08-25T09:19:21","slug":"world-leaders","status":"publish","type":"page","link":"https:\/\/oldpower.overheardatpower.co.uk\/fr","title":{"rendered":"Leader mondial en adh\u00e9sifs thermofusibles"},"content":{"rendered":"<p>Power Adhesives est, depuis plus de 40 ans, un pionnier des pistolets \u00e0 colle et de la technologie des colles qui introduit constamment de nouvelles applications et utilisations pour sa large gamme de produits.<\/p>\n<p> En tant que leader du march\u00e9, nous avons \u00e9tudi\u00e9, d\u00e9velopp\u00e9, fabriqu\u00e9 et distribu\u00e9 \u00e0 travers le monde une large gamme de pistolets \u00e0 colle de qualit\u00e9 sup\u00e9rieure \u00e0 prix comp\u00e9titif ainsi que des colles en b\u00e2tons ou en cartouches. Cela nous a plac\u00e9s dans la position unique d&#8217;\u00eatre capables de mettre nos connaissances industrielles sp\u00e9cialis\u00e9es au service des utilisateurs dans tous les domaines touchant aux op\u00e9rations de collage faisant appel aux adh\u00e9sifs thermofusibles.<\/p>\n<h2>Pistolets \u00e0 colle TEC<\/h2>\n<p> Vendus sous la marque TEC, nos pistolets sont la r\u00e9f\u00e9rence des applicateurs \u00e0 colle thermofusibles. Que vous cherchiez un <a title=\"Pistolets \u00e0 colle pour le bricolage\" href=\"http:\/\/www.hobbytec.co.uk\" target=\"_blank\">pistolet \u00e0 colle pour le bricolage<\/a>, plut\u00f4t un outil <a title=\"Pistolets \u00e0 colle industriels\" href=\"http:\/\/www.hotmeltgluegunsticks.co.uk\/industrial-glue-guns.html\" target=\"_blank\">plus industriel<\/a> ou encore tout autre chose, la gamme de pistolets \u00e0 colle TEC couvre un large \u00e9ventail d&#8217;applications.<\/p>\n<h2>B\u00e2tons de colle TECBOND<\/h2>\n<p> La colle de Power Adhesives est vendue sous la marque TECBOND et elle continue \u00e0 mettre la barre toujours plus haut dans l&#8217;industrie de la colle thermofusible. Un programme continu de recherche et de d\u00e9veloppement dans notre usine de production moderne du Royaume-Uni garantit que nous soyons toujours en mesure de r\u00e9pondre aux besoins changeants de l&#8217;industrie des colles thermofusibles.<\/p>\n","protected":false},"excerpt":{"rendered":"<p>Power Adhesives est, depuis plus de 40 ans, un pionnier des pistolets \u00e0 colle et de la technologie des colles qui introduit constamment de nouvelles applications et utilisations pour sa large gamme de produits. En tant que leader du march\u00e9, nous avons \u00e9tudi\u00e9, d\u00e9velopp\u00e9, fabriqu\u00e9 et distribu\u00e9 \u00e0 travers le monde une large gamme de [&hellip;]<\/p>\n","protected":false},"author":1,"featured_media":0,"parent":0,"menu_order":0,"comment_status":"closed","ping_status":"open","template":"page-video.php","meta":[],"acf":[],"_links":{"self":[{"href":"https:\/\/oldpower.overheardatpower.co.uk\/fr\/wp-json\/wp\/v2\/pages\/744"}],"collection":[{"href":"https:\/\/oldpower.overheardatpower.co.uk\/fr\/wp-json\/wp\/v2\/pages"}],"about":[{"href":"https:\/\/oldpower.overheardatpower.co.uk\/fr\/wp-json\/wp\/v2\/types\/page"}],"author":[{"embeddable":true,"href":"https:\/\/oldpower.overheardatpower.co.uk\/fr\/wp-json\/wp\/v2\/users\/1"}],"replies":[{"embeddable":true,"href":"https:\/\/oldpower.overheardatpower.co.uk\/fr\/wp-json\/wp\/v2\/comments?post=744"}],"version-history":[{"count":5,"href":"https:\/\/oldpower.overheardatpower.co.uk\/fr\/wp-json\/wp\/v2\/pages\/744\/revisions"}],"predecessor-version":[{"id":1248,"href":"https:\/\/oldpower.overheardatpower.co.uk\/fr\/wp-json\/wp\/v2\/pages\/744\/revisions\/1248"}],"wp:attachment":[{"href":"https:\/\/oldpower.overheardatpower.co.uk\/fr\/wp-json\/wp\/v2\/media?parent=744"}],"curies":[{"name":"wp","href":"https:\/\/api.w.org\/{rel}","templated":true}]}}