{"id":1493,"date":"2017-08-29T15:02:17","date_gmt":"2017-08-29T14:02:17","guid":{"rendered":"https:\/\/oldpower.overheardatpower.co.uk\/fr\/solutions\/adhesif-de-moulage-overtec"},"modified":"2020-02-14T12:31:43","modified_gmt":"2020-02-14T12:31:43","slug":"adhesif-de-moulage-overtec","status":"publish","type":"page","link":"https:\/\/oldpower.overheardatpower.co.uk\/fr\/solutions\/adhesif-de-moulage-overtec","title":{"rendered":"Adh\u00e9sif de moulage Overtec"},"content":{"rendered":"<p>Le syst\u00e8me Overtec est un proc\u00e9d\u00e9 de moulage \u00e0 basse pression faisant appel \u00e0 une r\u00e9sine de moulage thermoplastique pour obtenir une \u00e9tanch\u00e9it\u00e9 et une protection des composants de haute qualit\u00e9, plus rapide que les r\u00e9sines \u00e0 2 composants et demandant un investissement beaucoup plus faible que le moulage par injection.<\/p>\n<p>Processus innovant se situant entre les technologies du moulage conventionnel et par injection, le syst\u00e8me Overtec utilise une faible pression d&#8217;injection, ce qui permet d&#8217;encapsuler et de prot\u00e9ger les composants fragiles ou d\u00e9licats sans risque de dommage. Les b\u00e2tons de r\u00e9sine Overtec 5 FR se chargent simplement dans le pistolet \u00e0 colle Overtec 820-15 et il suffit d&#8217;attendre que la temp\u00e9rature de fonctionnement soit atteinte, ce qui rend la mise en \u0153uvre simple et propre avec des temps de cycle courts.<\/p>\n<p>Overtec 5 FR est une r\u00e9sine de moulage \u00e0 hautes performances, sans solvants, compos\u00e9e principalement de mati\u00e8res renouvelables, ce qui en fait un produit respectueux de l&#8217;environnement. Il n&#8217;y a ni la perte de temps, ni le gaspillage li\u00e9s au m\u00e9lange ou \u00e0 la date limite de conservation. Les propri\u00e9t\u00e9s de cette mati\u00e8re assurent un moulage \u00e9tanche \u00e0 l&#8217;eau et r\u00e9sistant aux agents chimiques ainsi qu&#8217;une excellente r\u00e9sistance aux basses et hautes temp\u00e9ratures.<\/p>\n<p>Le syst\u00e8me de moulage Overtec \u00e0 faible co\u00fbt \u00e9limine le besoin de bo\u00eetier ou d&#8217;enveloppe n\u00e9cessaire au moulage conventionnel, il est plus \u00e9conome en \u00e9nergie puisqu&#8217;il n&#8217;a pas besoin d&#8217;un apport de chaleur pour le durcissement. Il n&#8217;est pas n\u00e9cessaire de couler des r\u00e9sines de moulage \u00e0 2 composants, qui est un processus lent et impliquant du gaspillage, ce qui permet de r\u00e9duire les co\u00fbts. L&#8217;outillage \u00e0 faible co\u00fbt est fabriqu\u00e9 en aluminium qui est facile \u00e0 usiner, \u00e0 percer et \u00e0 \u00e9tinceler. Il a une bonne conductivit\u00e9 thermique, ce qui en fait la mati\u00e8re id\u00e9ale pour fabriquer les moules. Les moules en aluminium ont g\u00e9n\u00e9ralement une longue dur\u00e9e de vie, du fait de l&#8217;absence de composants abrasifs ou corrosifs dans la r\u00e9sine Overtec 5 FR. Ces moules refroidissent rapidement, ce qui facilite le d\u00e9moulage des pi\u00e8ces lorsque le processus est termin\u00e9. L&#8217;utilisation de pulv\u00e9risateurs de d\u00e9moulage peut faciliter le d\u00e9-moulage.<\/p>\n","protected":false},"excerpt":{"rendered":"<p>Le syst\u00e8me Overtec est un proc\u00e9d\u00e9 de moulage \u00e0 basse pression faisant appel \u00e0 une r\u00e9sine de moulage thermoplastique pour obtenir une \u00e9tanch\u00e9it\u00e9 et une protection des composants de haute qualit\u00e9, plus rapide que les r\u00e9sines \u00e0 2 composants et demandant un investissement beaucoup plus faible que le moulage par injection. Processus innovant se situant [&hellip;]<\/p>\n","protected":false},"author":1,"featured_media":2728,"parent":1226,"menu_order":0,"comment_status":"closed","ping_status":"closed","template":"","meta":[],"acf":[],"_links":{"self":[{"href":"https:\/\/oldpower.overheardatpower.co.uk\/fr\/wp-json\/wp\/v2\/pages\/1493"}],"collection":[{"href":"https:\/\/oldpower.overheardatpower.co.uk\/fr\/wp-json\/wp\/v2\/pages"}],"about":[{"href":"https:\/\/oldpower.overheardatpower.co.uk\/fr\/wp-json\/wp\/v2\/types\/page"}],"author":[{"embeddable":true,"href":"https:\/\/oldpower.overheardatpower.co.uk\/fr\/wp-json\/wp\/v2\/users\/1"}],"replies":[{"embeddable":true,"href":"https:\/\/oldpower.overheardatpower.co.uk\/fr\/wp-json\/wp\/v2\/comments?post=1493"}],"version-history":[{"count":4,"href":"https:\/\/oldpower.overheardatpower.co.uk\/fr\/wp-json\/wp\/v2\/pages\/1493\/revisions"}],"predecessor-version":[{"id":2577,"href":"https:\/\/oldpower.overheardatpower.co.uk\/fr\/wp-json\/wp\/v2\/pages\/1493\/revisions\/2577"}],"up":[{"embeddable":true,"href":"https:\/\/oldpower.overheardatpower.co.uk\/fr\/wp-json\/wp\/v2\/pages\/1226"}],"wp:featuredmedia":[{"embeddable":true,"href":"https:\/\/oldpower.overheardatpower.co.uk\/fr\/wp-json\/wp\/v2\/media\/2728"}],"wp:attachment":[{"href":"https:\/\/oldpower.overheardatpower.co.uk\/fr\/wp-json\/wp\/v2\/media?parent=1493"}],"curies":[{"name":"wp","href":"https:\/\/api.w.org\/{rel}","templated":true}]}}