{"id":1490,"date":"2017-08-29T15:01:57","date_gmt":"2017-08-29T14:01:57","guid":{"rendered":"https:\/\/oldpower.overheardatpower.co.uk\/fr\/solutions\/adhesif-acrylique-tackfix"},"modified":"2020-02-14T07:06:35","modified_gmt":"2020-02-14T07:06:35","slug":"adhesif-acrylique-tackfix","status":"publish","type":"page","link":"https:\/\/oldpower.overheardatpower.co.uk\/fr\/solutions\/adhesif-acrylique-tackfix","title":{"rendered":"Adh\u00e9sif acrylique TackFix"},"content":{"rendered":"<p>Le Tackfix 48 est le syst\u00e8me de collage thermofusible le plus rapide et le plus puissant. Il surpasse tous les concurrents. Il est non-toxique et a \u00e9t\u00e9 sp\u00e9cialement formul\u00e9 pour fonctionner avec N&#8217;IMPORTE QUEL pistolet \u00e0 colle. Avec les b\u00e2tons de colle Tackfix 48, le volume de colle par tirage de g\u00e2chette du pistolet est maximal, ce qui permet de les utiliser dans des applications dont les surfaces sont plus grandes ou plus longues. Les b\u00e2tons de colle Tackfix 48 restent stables dans les environnements \u00e0 haute temp\u00e9rature ou au cas o\u00f9 le pistolet \u00e0 colle est laiss\u00e9 branch\u00e9 sans utilisation.<\/p>\n<p>Tackfix 48 est une alternative rapide et facile au cloutage sur les bords de moquette, \u00e0 la pose de carrelages et de seuils de parquet. Appliquer l&#8217;adh\u00e9sif sur une des surfaces avec nos pistolets \u00e0 colle industriels et bien presser les pi\u00e8ces ensemble pour un collage instantan\u00e9. \u00c9tirez puissamment le tapis plain apr\u00e8s seulement quelques minutes, s\u00e9curisez les carrelages instantan\u00e9ment sans crainte qu&#8217;ils ne bougent, ou utilisez simplement l&#8217;adh\u00e9sif comme une paire de mains suppl\u00e9mentaire dans d&#8217;innombrables applications des m\u00e9tiers du rev\u00eatement de sol et de la construction. Rien \u00e0 voir avec les b\u00e2tons de colle claire \u00e0 bon march\u00e9 ! D\u00e9couvrez comment les adh\u00e9sifs thermofusibles industriels Power Adhesives peuvent faciliter votre travail !<\/p>\n","protected":false},"excerpt":{"rendered":"<p>Le Tackfix 48 est le syst\u00e8me de collage thermofusible le plus rapide et le plus puissant. Il surpasse tous les concurrents. Il est non-toxique et a \u00e9t\u00e9 sp\u00e9cialement formul\u00e9 pour fonctionner avec N&#8217;IMPORTE QUEL pistolet \u00e0 colle. Avec les b\u00e2tons de colle Tackfix 48, le volume de colle par tirage de g\u00e2chette du pistolet est [&hellip;]<\/p>\n","protected":false},"author":1,"featured_media":2732,"parent":1226,"menu_order":0,"comment_status":"closed","ping_status":"closed","template":"","meta":[],"acf":[],"_links":{"self":[{"href":"https:\/\/oldpower.overheardatpower.co.uk\/fr\/wp-json\/wp\/v2\/pages\/1490"}],"collection":[{"href":"https:\/\/oldpower.overheardatpower.co.uk\/fr\/wp-json\/wp\/v2\/pages"}],"about":[{"href":"https:\/\/oldpower.overheardatpower.co.uk\/fr\/wp-json\/wp\/v2\/types\/page"}],"author":[{"embeddable":true,"href":"https:\/\/oldpower.overheardatpower.co.uk\/fr\/wp-json\/wp\/v2\/users\/1"}],"replies":[{"embeddable":true,"href":"https:\/\/oldpower.overheardatpower.co.uk\/fr\/wp-json\/wp\/v2\/comments?post=1490"}],"version-history":[{"count":2,"href":"https:\/\/oldpower.overheardatpower.co.uk\/fr\/wp-json\/wp\/v2\/pages\/1490\/revisions"}],"predecessor-version":[{"id":2546,"href":"https:\/\/oldpower.overheardatpower.co.uk\/fr\/wp-json\/wp\/v2\/pages\/1490\/revisions\/2546"}],"up":[{"embeddable":true,"href":"https:\/\/oldpower.overheardatpower.co.uk\/fr\/wp-json\/wp\/v2\/pages\/1226"}],"wp:featuredmedia":[{"embeddable":true,"href":"https:\/\/oldpower.overheardatpower.co.uk\/fr\/wp-json\/wp\/v2\/media\/2732"}],"wp:attachment":[{"href":"https:\/\/oldpower.overheardatpower.co.uk\/fr\/wp-json\/wp\/v2\/media?parent=1490"}],"curies":[{"name":"wp","href":"https:\/\/api.w.org\/{rel}","templated":true}]}}