{"id":1489,"date":"2017-08-29T15:01:54","date_gmt":"2017-08-29T14:01:54","guid":{"rendered":"https:\/\/oldpower.overheardatpower.co.uk\/fr\/solutions\/adhesifs-tecbond"},"modified":"2018-02-05T10:53:10","modified_gmt":"2018-02-05T10:53:10","slug":"adhesifs-tecbond","status":"publish","type":"page","link":"https:\/\/oldpower.overheardatpower.co.uk\/fr\/solutions\/adhesifs-tecbond","title":{"rendered":"Adh\u00e9sifs Tecbond"},"content":{"rendered":"<p>Les adh\u00e9sifs thermofusibles Tecbond permettent de r\u00e9aliser des collages instantan\u00e9s et permanents sur une vaste gamme de mati\u00e8res, sans faire appel \u00e0 des solvants nocifs. Ils sont id\u00e9aux pour les applications de collage rapide et r\u00e9p\u00e9titif .<\/p>\n<p>Nos adh\u00e9sifs thermofusibles sont disponibles sous forme de b\u00e2tons ou de cartouches qui sont faciles \u00e0 charger dans les pistolets \u00e0 colle \u00e0 main. L&#8217;adh\u00e9sif solide est pouss\u00e9 dans une chambre chauff\u00e9e, o\u00f9 il fond, et il est extrud\u00e9 de la buse par tirage en douceur de la g\u00e2chette.<\/p>\n<p>Les adh\u00e9sifs thermofusibles permettent de coller la plupart des mati\u00e8res, \u00e0 condition que les pi\u00e8ces puissent \u00eatre assembl\u00e9es alors que l&#8217;adh\u00e9sif est encore fondu. L&#8217;adh\u00e9sif fondu est appliqu\u00e9 sur l&#8217;une des surfaces \u00e0 coller. Lorsque les pi\u00e8ces sont press\u00e9es ensemble, la chaleur se dissipe rapidement dans les substrats, ce qui solidifie l&#8217;adh\u00e9sif, et le collage ou le colmatage sont r\u00e9alis\u00e9s instantan\u00e9ment.<\/p>\n<p>Les temps de travail de nos adh\u00e9sifs thermofusibles varient de quelques secondes \u00e0 plusieurs minutes\u00a0: le temps r\u00e9el d\u00e9pend de la formulation adh\u00e9sive, de la temp\u00e9rature ambiante, de la temp\u00e9rature du substrat et de la quantit\u00e9 et de la configuration de l&#8217;adh\u00e9sif appliqu\u00e9.<\/p>\n<p>Les thermofusibles Tecbond sont des adh\u00e9sifs 100% solides, non toxiques, sans solvants (sans COV) ni eau. Les utilisateurs ne doivent pas craindre d&#8217;avoir des odeurs ou des moisissures dans les produits finis, ni de payer pour un solvant qui s&#8217;\u00e9vapore. Les adh\u00e9sifs thermofusibles Tecbond sont s\u00fbrs et faciles \u00e0 stocker et ont une dur\u00e9e de vie pratiquement illimit\u00e9e.<\/p>\n","protected":false},"excerpt":{"rendered":"<p>Les adh\u00e9sifs thermofusibles Tecbond permettent de r\u00e9aliser des collages instantan\u00e9s et permanents sur une vaste gamme de mati\u00e8res, sans faire appel \u00e0 des solvants nocifs. Ils sont id\u00e9aux pour les applications de collage rapide et r\u00e9p\u00e9titif . Nos adh\u00e9sifs thermofusibles sont disponibles sous forme de b\u00e2tons ou de cartouches qui sont faciles \u00e0 charger dans [&hellip;]<\/p>\n","protected":false},"author":1,"featured_media":2696,"parent":1226,"menu_order":0,"comment_status":"closed","ping_status":"closed","template":"","meta":[],"acf":[],"_links":{"self":[{"href":"https:\/\/oldpower.overheardatpower.co.uk\/fr\/wp-json\/wp\/v2\/pages\/1489"}],"collection":[{"href":"https:\/\/oldpower.overheardatpower.co.uk\/fr\/wp-json\/wp\/v2\/pages"}],"about":[{"href":"https:\/\/oldpower.overheardatpower.co.uk\/fr\/wp-json\/wp\/v2\/types\/page"}],"author":[{"embeddable":true,"href":"https:\/\/oldpower.overheardatpower.co.uk\/fr\/wp-json\/wp\/v2\/users\/1"}],"replies":[{"embeddable":true,"href":"https:\/\/oldpower.overheardatpower.co.uk\/fr\/wp-json\/wp\/v2\/comments?post=1489"}],"version-history":[{"count":1,"href":"https:\/\/oldpower.overheardatpower.co.uk\/fr\/wp-json\/wp\/v2\/pages\/1489\/revisions"}],"predecessor-version":[{"id":1736,"href":"https:\/\/oldpower.overheardatpower.co.uk\/fr\/wp-json\/wp\/v2\/pages\/1489\/revisions\/1736"}],"up":[{"embeddable":true,"href":"https:\/\/oldpower.overheardatpower.co.uk\/fr\/wp-json\/wp\/v2\/pages\/1226"}],"wp:featuredmedia":[{"embeddable":true,"href":"https:\/\/oldpower.overheardatpower.co.uk\/fr\/wp-json\/wp\/v2\/media\/2696"}],"wp:attachment":[{"href":"https:\/\/oldpower.overheardatpower.co.uk\/fr\/wp-json\/wp\/v2\/media?parent=1489"}],"curies":[{"name":"wp","href":"https:\/\/api.w.org\/{rel}","templated":true}]}}