{"id":1238,"date":"2017-08-23T16:34:07","date_gmt":"2017-08-23T15:34:07","guid":{"rendered":"https:\/\/oldpower.overheardatpower.co.uk\/fr\/solutions\/adhesifs-pour-noyaux-de-fonderie-foundrytec"},"modified":"2020-02-14T07:21:25","modified_gmt":"2020-02-14T07:21:25","slug":"adhesifs-pour-noyaux-de-fonderie-foundrytec","status":"publish","type":"page","link":"https:\/\/oldpower.overheardatpower.co.uk\/fr\/solutions\/adhesifs-pour-noyaux-de-fonderie-foundrytec","title":{"rendered":"Adh\u00e9sifs pour noyaux de fonderie Foundrytec"},"content":{"rendered":"<p>La gamme d&#8217;adh\u00e9sifs thermofusibles Foundrytec propos\u00e9e par Power Adhesives est adapt\u00e9e \u00e0 la plupart des syst\u00e8mes de fonderie, ce qui leur permet d&#8217;acc\u00e9l\u00e9rer tous les aspects de la production des noyaux.<\/p>\n<p>Les adh\u00e9sifs thermofusibles Foundrytec donnent une excellente adh\u00e9rence dans le cas des processus \u00e0 froid tels que \u00e0 \u00ab\u00a0bo\u00eete froide\u00a0\u00bb, \u00ab\u00a0alpha set\u00a0\u00bb et \u00ab\u00a0beta set\u00a0\u00bb. Ils peuvent \u00e9galement \u00eatre utilis\u00e9s dans les processus \u00e0 \u00ab\u00a0bo\u00eete ti\u00e8de\u00a0\u00bb, \u00e0 \u00ab\u00a0boite chaude\u00a0\u00bb et \u00ab\u00a0shell\u00a0\u00bb \u00e0 condition de laisser refroidir le noyau avant l&#8217;application de l&#8217;adh\u00e9sif thermofusible.<\/p>\n<p>Les avantages de Foundrytec par rapport aux syst\u00e8mes de fixation conventionnels (tels que les colles \u00e0 base d&#8217;eau) comprennent un gain de temps de temps de production du fait qu&#8217;il n&#8217;y a pas d&#8217;attente pour que la prise soit effective ainsi qu&#8217;une meilleure pr\u00e9cision qui signifie moins de perte de temps.<\/p>\n<p>Les adh\u00e9sifs thermofusibles Foundrytec ont une dur\u00e9e de conservation ind\u00e9finie, ce qui \u00e9limine le risque de p\u00e9remption du stock de mati\u00e8re et la n\u00e9cessit\u00e9 de le remplacer. Le risque d&#8217;\u00eatre expos\u00e9 \u00e0 des gaz nuisibles est r\u00e9duit, ce qui contribue \u00e0 la s\u00e9curit\u00e9 d&#8217;utilisation. Les adh\u00e9sifs thermofusibles ne contiennent aucun solvant contrairement \u00e0 certains adh\u00e9sifs \u00e0 base d&#8217;eau.<\/p>\n","protected":false},"excerpt":{"rendered":"<p>La gamme d&#8217;adh\u00e9sifs thermofusibles Foundrytec propos\u00e9e par Power Adhesives est adapt\u00e9e \u00e0 la plupart des syst\u00e8mes de fonderie, ce qui leur permet d&#8217;acc\u00e9l\u00e9rer tous les aspects de la production des noyaux. Les adh\u00e9sifs thermofusibles Foundrytec donnent une excellente adh\u00e9rence dans le cas des processus \u00e0 froid tels que \u00e0 \u00ab\u00a0bo\u00eete froide\u00a0\u00bb, \u00ab\u00a0alpha set\u00a0\u00bb et \u00ab\u00a0beta [&hellip;]<\/p>\n","protected":false},"author":1,"featured_media":2716,"parent":1226,"menu_order":0,"comment_status":"closed","ping_status":"closed","template":"","meta":[],"acf":[],"_links":{"self":[{"href":"https:\/\/oldpower.overheardatpower.co.uk\/fr\/wp-json\/wp\/v2\/pages\/1238"}],"collection":[{"href":"https:\/\/oldpower.overheardatpower.co.uk\/fr\/wp-json\/wp\/v2\/pages"}],"about":[{"href":"https:\/\/oldpower.overheardatpower.co.uk\/fr\/wp-json\/wp\/v2\/types\/page"}],"author":[{"embeddable":true,"href":"https:\/\/oldpower.overheardatpower.co.uk\/fr\/wp-json\/wp\/v2\/users\/1"}],"replies":[{"embeddable":true,"href":"https:\/\/oldpower.overheardatpower.co.uk\/fr\/wp-json\/wp\/v2\/comments?post=1238"}],"version-history":[{"count":2,"href":"https:\/\/oldpower.overheardatpower.co.uk\/fr\/wp-json\/wp\/v2\/pages\/1238\/revisions"}],"predecessor-version":[{"id":2554,"href":"https:\/\/oldpower.overheardatpower.co.uk\/fr\/wp-json\/wp\/v2\/pages\/1238\/revisions\/2554"}],"up":[{"embeddable":true,"href":"https:\/\/oldpower.overheardatpower.co.uk\/fr\/wp-json\/wp\/v2\/pages\/1226"}],"wp:featuredmedia":[{"embeddable":true,"href":"https:\/\/oldpower.overheardatpower.co.uk\/fr\/wp-json\/wp\/v2\/media\/2716"}],"wp:attachment":[{"href":"https:\/\/oldpower.overheardatpower.co.uk\/fr\/wp-json\/wp\/v2\/media?parent=1238"}],"curies":[{"name":"wp","href":"https:\/\/api.w.org\/{rel}","templated":true}]}}