{"id":1224,"date":"2017-08-23T10:58:38","date_gmt":"2017-08-23T09:58:38","guid":{"rendered":"https:\/\/oldpower.overheardatpower.co.uk\/fr\/marches\/adhesifs-pour-le-travail-du-bois"},"modified":"2017-08-31T11:35:07","modified_gmt":"2017-08-31T10:35:07","slug":"adhesifs-pour-le-travail-du-bois","status":"publish","type":"page","link":"https:\/\/oldpower.overheardatpower.co.uk\/fr\/marches\/adhesifs-pour-le-travail-du-bois","title":{"rendered":"Adh\u00e9sifs pour le travail du bois"},"content":{"rendered":"<p>Power Adhesives a consacr\u00e9 beaucoup de temps et d&#8217;efforts \u00e0 d\u00e9velopper et fabriquer une gamme d&#8217;adh\u00e9sifs thermofusibles et d&#8217;applicateurs adapt\u00e9s au travail avec diff\u00e9rentes essences de bois. Nos adh\u00e9sifs pour le travail du bois ont \u00e9t\u00e9 rigoureusement test\u00e9s et valid\u00e9s par des professionnels du monde entier.<\/p>\n<p> Le syst\u00e8me de r\u00e9paration du bois Knottec permet la r\u00e9paration invisible, rapide et efficace des d\u00e9fauts tels que les trous de noeuds, les rayures profondes, les coupures et d&#8217;autres formes de dommages du bois. Disponible en kit, dans une valise pratique, le syst\u00e8me de r\u00e9paration de bois Knottec est parfait pour les professionnels en d\u00e9placement.<\/p>\n<p> En utilisant les adh\u00e9sifs Tecbond sp\u00e9cialement formul\u00e9s, les applications comme la fixation de tasseaux \u00e0 l&#8217;int\u00e9rieur des armoires \u00e0 tiroirs et des garde-robes devient une t\u00e2che simple et rapide. L&#8217;assemblage de pi\u00e8ces rainur\u00e9es en V se fait de fa\u00e7on instantan\u00e9e gr\u00e2ce \u00e0 la prise rapide et \u00e0 l&#8217;adh\u00e9rence forte des adh\u00e9sifs Tecbond.<\/p>\n<p> Nos adh\u00e9sifs pour le travail du bois pr\u00e9sentent \u00e9galement de la flexibilit\u00e9 lorsqu&#8217;il s&#8217;agit de construire des gabarits ou de coller les moulures d\u00e9coratives directement sur les cercueils.<\/p>\n","protected":false},"excerpt":{"rendered":"<p>Power Adhesives a consacr\u00e9 beaucoup de temps et d&#8217;efforts \u00e0 d\u00e9velopper et fabriquer une gamme d&#8217;adh\u00e9sifs thermofusibles et d&#8217;applicateurs adapt\u00e9s au travail avec diff\u00e9rentes essences de bois. Nos adh\u00e9sifs pour le travail du bois ont \u00e9t\u00e9 rigoureusement test\u00e9s et valid\u00e9s par des professionnels du monde entier. Le syst\u00e8me de r\u00e9paration du bois Knottec permet la [&hellip;]<\/p>\n","protected":false},"author":1,"featured_media":2724,"parent":1194,"menu_order":0,"comment_status":"closed","ping_status":"closed","template":"","meta":[],"acf":[],"_links":{"self":[{"href":"https:\/\/oldpower.overheardatpower.co.uk\/fr\/wp-json\/wp\/v2\/pages\/1224"}],"collection":[{"href":"https:\/\/oldpower.overheardatpower.co.uk\/fr\/wp-json\/wp\/v2\/pages"}],"about":[{"href":"https:\/\/oldpower.overheardatpower.co.uk\/fr\/wp-json\/wp\/v2\/types\/page"}],"author":[{"embeddable":true,"href":"https:\/\/oldpower.overheardatpower.co.uk\/fr\/wp-json\/wp\/v2\/users\/1"}],"replies":[{"embeddable":true,"href":"https:\/\/oldpower.overheardatpower.co.uk\/fr\/wp-json\/wp\/v2\/comments?post=1224"}],"version-history":[{"count":2,"href":"https:\/\/oldpower.overheardatpower.co.uk\/fr\/wp-json\/wp\/v2\/pages\/1224\/revisions"}],"predecessor-version":[{"id":1546,"href":"https:\/\/oldpower.overheardatpower.co.uk\/fr\/wp-json\/wp\/v2\/pages\/1224\/revisions\/1546"}],"up":[{"embeddable":true,"href":"https:\/\/oldpower.overheardatpower.co.uk\/fr\/wp-json\/wp\/v2\/pages\/1194"}],"wp:featuredmedia":[{"embeddable":true,"href":"https:\/\/oldpower.overheardatpower.co.uk\/fr\/wp-json\/wp\/v2\/media\/2724"}],"wp:attachment":[{"href":"https:\/\/oldpower.overheardatpower.co.uk\/fr\/wp-json\/wp\/v2\/media?parent=1224"}],"curies":[{"name":"wp","href":"https:\/\/api.w.org\/{rel}","templated":true}]}}