{"id":1220,"date":"2017-08-22T18:08:41","date_gmt":"2017-08-22T17:08:41","guid":{"rendered":"https:\/\/oldpower.overheardatpower.co.uk\/fr\/marches\/adhesifs-pour-le-collage-du-polypropylene"},"modified":"2017-08-22T18:08:41","modified_gmt":"2017-08-22T17:08:41","slug":"adhesifs-pour-le-collage-du-polypropylene","status":"publish","type":"page","link":"https:\/\/oldpower.overheardatpower.co.uk\/fr\/marches\/adhesifs-pour-le-collage-du-polypropylene","title":{"rendered":"Adh\u00e9sifs pour le collage du polypropyl\u00e8ne"},"content":{"rendered":"<p>Le collage d&#8217;\u00e9l\u00e9ments en polypropyl\u00e8ne (PP) a toujours \u00e9t\u00e9 d\u00e9licat. Pour obtenir un collage de PP qui soit v\u00e9ritablement solide et qui r\u00e9siste aussi bien aux temp\u00e9ratures de service \u00e9lev\u00e9es que tr\u00e8s basses, le soudage reste probablement encore la meilleure option. <\/p>\n<p> Cependant, au cours des derni\u00e8res ann\u00e9es, des adh\u00e9sifs thermofusibles \u00e0 base de polypropyl\u00e8ne ont \u00e9t\u00e9 d\u00e9velopp\u00e9s et sont utilis\u00e9s de plus en plus r\u00e9guli\u00e8rement pour coller des \u00e9l\u00e9ments en polypropyl\u00e8ne.<\/p>\n<p> Dans de nombreuses applications allant de l&#8217;industrie automobile \u00e0 l&#8217;emballage, il est maintenant possible d&#8217;obtenir un collage suffisamment durable en utilisant ces adh\u00e9sifs thermofusibles sp\u00e9cifiques.<\/p>\n<p> Des pr\u00e9cautions doivent \u00eatre prises lors du collage de PP\u00a0: l&#8217;adh\u00e9sif doit \u00eatre appliqu\u00e9 \u00e0 la plus haute temp\u00e9rature possible et le collage doit avoir pris avant que la chaleur ne se soit dissip\u00e9e.<\/p>\n<p> Des adh\u00e9sifs Tecbond ont \u00e9t\u00e9 optimis\u00e9s pour chaque application particuli\u00e8re. Par exemple, le Tecbond 263 appliqu\u00e9 \u00e0 200\u00b0C collera le PP au PP, mais il ne collera pas le PP \u00e0 d&#8217;autres mati\u00e8res plastiques. Par contre, les produits tels que le Tecbond 267 et 261 permettent de coller le PP \u00e0 d&#8217;autres mati\u00e8res. Le Tecbond 267 est largement utilis\u00e9 dans le march\u00e9 du garnissage automobile pour sa combinaison unique d&#8217;adh\u00e9sion et de r\u00e9sistance \u00e0 la temp\u00e9rature.<\/p>\n<p> Les formulations Tecbond 261 et 420 sont utilis\u00e9es pour l&#8217;assemblage des panneaux en PP Correx, qui sont utilis\u00e9s dans de nombreuses applications semi-permanentes telles que les bo\u00eetes d&#8217;emballage et les panneaux d&#8217;agences immobili\u00e8res.<\/p>\n<p> Pour le collage de polypropyl\u00e8ne, nous recommandons d&#8217;utiliser les pistolets industriels Tec pouvant \u00eatre r\u00e9gl\u00e9s aussi pr\u00e8s que possible de 200\u00b0C , et qui puissent maintenir cette temp\u00e9rature \u00e0 mesure que l&#8217;adh\u00e9sif est distribu\u00e9, car cela am\u00e9liore consid\u00e9rablement la r\u00e9sistance du collage.<\/p>\n<p> Il est \u00e9galement important que la quantit\u00e9 d&#8217;adh\u00e9sif et le temps n\u00e9cessaire pour que le collage prenne soient bien ma\u00eetris\u00e9s pour assurer un r\u00e9sultat constant. Mais en suivant ces r\u00e8gles de base, il est maintenant possible de coller le polypropyl\u00e8ne efficacement.<\/p>\n","protected":false},"excerpt":{"rendered":"<p>Le collage d&#8217;\u00e9l\u00e9ments en polypropyl\u00e8ne (PP) a toujours \u00e9t\u00e9 d\u00e9licat. Pour obtenir un collage de PP qui soit v\u00e9ritablement solide et qui r\u00e9siste aussi bien aux temp\u00e9ratures de service \u00e9lev\u00e9es que tr\u00e8s basses, le soudage reste probablement encore la meilleure option. Cependant, au cours des derni\u00e8res ann\u00e9es, des adh\u00e9sifs thermofusibles \u00e0 base de polypropyl\u00e8ne ont [&hellip;]<\/p>\n","protected":false},"author":1,"featured_media":0,"parent":1194,"menu_order":0,"comment_status":"closed","ping_status":"closed","template":"","meta":[],"acf":[],"_links":{"self":[{"href":"https:\/\/oldpower.overheardatpower.co.uk\/fr\/wp-json\/wp\/v2\/pages\/1220"}],"collection":[{"href":"https:\/\/oldpower.overheardatpower.co.uk\/fr\/wp-json\/wp\/v2\/pages"}],"about":[{"href":"https:\/\/oldpower.overheardatpower.co.uk\/fr\/wp-json\/wp\/v2\/types\/page"}],"author":[{"embeddable":true,"href":"https:\/\/oldpower.overheardatpower.co.uk\/fr\/wp-json\/wp\/v2\/users\/1"}],"replies":[{"embeddable":true,"href":"https:\/\/oldpower.overheardatpower.co.uk\/fr\/wp-json\/wp\/v2\/comments?post=1220"}],"version-history":[{"count":0,"href":"https:\/\/oldpower.overheardatpower.co.uk\/fr\/wp-json\/wp\/v2\/pages\/1220\/revisions"}],"up":[{"embeddable":true,"href":"https:\/\/oldpower.overheardatpower.co.uk\/fr\/wp-json\/wp\/v2\/pages\/1194"}],"wp:attachment":[{"href":"https:\/\/oldpower.overheardatpower.co.uk\/fr\/wp-json\/wp\/v2\/media?parent=1220"}],"curies":[{"name":"wp","href":"https:\/\/api.w.org\/{rel}","templated":true}]}}