{"id":1210,"date":"2017-08-21T17:48:41","date_gmt":"2017-08-21T16:48:41","guid":{"rendered":"https:\/\/oldpower.overheardatpower.co.uk\/fr\/marches\/adhesifs-pour-les-presentoirs-sur-les-lieux-de-vente-plv"},"modified":"2017-08-21T17:48:41","modified_gmt":"2017-08-21T16:48:41","slug":"adhesifs-pour-les-presentoirs-sur-les-lieux-de-vente-plv","status":"publish","type":"page","link":"https:\/\/oldpower.overheardatpower.co.uk\/fr\/marches\/adhesifs-pour-les-presentoirs-sur-les-lieux-de-vente-plv","title":{"rendered":"Adh\u00e9sifs pour les pr\u00e9sentoirs sur les lieux de vente (PLV)"},"content":{"rendered":"<p>Les pr\u00e9sentoirs de PLV vont de la simple bo\u00eete sur comptoir pr\u00e8s des caisses jusqu&#8217;\u00e0 des sculptures en carton tr\u00e8s sophistiqu\u00e9es. Leur fabrication n\u00e9cessite quasi toujours un adh\u00e9sif.<\/p>\n<p> Il est souvent difficile d&#8217;automatiser la production des pr\u00e9sentoirs parce que les d\u00e9lais sont tr\u00e8s courts, certains composants sont tr\u00e8s volumineux et leur design fait appel \u00e0 de nombreux \u00e9l\u00e9ments interchangeables. Traditionnellement, les pistolets \u00e0 colle industriels et les adh\u00e9sifs thermofusibles ont \u00e9t\u00e9 l&#8217;outil pr\u00e9f\u00e9r\u00e9 pour l&#8217;assemblage efficace des pr\u00e9sentoirs de PLV, en grande partie parce qu&#8217;ils permettent d&#8217;obtenir d&#8217;excellents r\u00e9sultats, sont faciles \u00e0 utiliser et sont largement disponibles.<\/p>\n<p> Les pr\u00e9sentoirs finis ont une vie difficile, souvent charg\u00e9s de marchandises lourdes et puis tra\u00een\u00e9s dans les magasins &#8211; de sorte que leur int\u00e9grit\u00e9 structurelle peut \u00eatre s\u00e9v\u00e8rement mise \u00e0 l&#8217;\u00e9preuve. Ajoutez \u00e0 cela l&#8217;exposition aux rayons du soleil dans les vitrines et \u00e0 de basses temp\u00e9ratures pendant le transport ou l&#8217;entreposage non chauff\u00e9, il est clair que tout adh\u00e9sif utilis\u00e9 dans la fabrication des pr\u00e9sentoirs de PLV sera fortement sollicit\u00e9.<\/p>\n<p> Malheureusement, la plupart des fabricants de PLV, m\u00eame avec le personnel de production le mieux form\u00e9, appliquant la bonne quantit\u00e9 d&#8217;adh\u00e9sif \u00e0 la bonne temp\u00e9rature et r\u00e9alisant les assemblages rapidement, peuvent raconter des histoires de probl\u00e8mes co\u00fbteux rencontr\u00e9s sur le terrain \u00e0 cause de l&#8217;utilisation d&#8217;une colle \u00e0 chaud de mauvaise qualit\u00e9.<\/p>\n<p> Les d\u00e9fis auxquels sont confront\u00e9s les fabricants de PLV sont quasi uniques car les mati\u00e8res \u00e0 coller sont loin d&#8217;\u00eatre du simple carton. Le carton utilis\u00e9 est souvent imprim\u00e9 ou verni et d&#8217;autres composants sont fabriqu\u00e9s \u00e0 partir de diff\u00e9rentes mati\u00e8res plastiques. Un petit changement de mati\u00e8re sur un composant quelconque peut affecter l&#8217;adh\u00e9rence et, en cas de probl\u00e8me, peut s&#8217;av\u00e9rer difficile \u00e0 identifier en raison des multiples intervenants dans la cha\u00eene d&#8217;approvisionnement.<\/p>\n<p> Compte tenu de la criticit\u00e9 des exigences de cette application, il est essentiel d&#8217;utiliser un adh\u00e9sif de haute qualit\u00e9 qui restera stable d&#8217;une ann\u00e9e \u00e0 l&#8217;autre et, plus important encore, ayant une adh\u00e9rence sup\u00e9rieure aux exigences afin qu&#8217;elle soit aussi r\u00e9sistante que possible \u00e0 toutes les variables impliqu\u00e9es.<\/p>\n<p> L&#8217;utilisation d&#8217;un adh\u00e9sif de haute qualit\u00e9, tels que les Tecbond 213 ou 214, permet de r\u00e9duire les probl\u00e8mes sur le terrain pendant de longues dur\u00e9es. Bien que les clients puissent \u00eatre initialement attir\u00e9s par le prix inf\u00e9rieur d&#8217;un adh\u00e9sif inf\u00e9rieur, les co\u00fbts du rappel et de la r\u00e9paration des unit\u00e9s de PLV d\u00e9ploy\u00e9es dans diff\u00e9rents lieux peuvent rapidement s&#8217;additionner.<\/p>\n<p> Les colles thermofusibles Tecbond et les pistolets applicateurs Tec sont utilis\u00e9s par presque tous les fabricants respectables de PLV, et ce pour une bonne raison. Tout simplement, la technologie fonctionne au moment o\u00f9 ils en ont besoin et ce de fa\u00e7on fiable.<\/p>\n<p> Pour r\u00e9duire les co\u00fbts, certains fabricants de PLV sont parfois tent\u00e9s par une solution bas\u00e9e sur des r\u00e9servoirs de colle en vrac, l&#8217;id\u00e9e \u00e9tant que le syst\u00e8me co\u00fbteux de r\u00e9servoir en vrac sera amorti en quelques ann\u00e9es par des \u00e9conomies d&#8217;adh\u00e9sif. Mais en r\u00e9alit\u00e9, les r\u00e9servoirs en vrac n\u00e9cessitent un entretien co\u00fbteux et peuvent d\u00e9grader l&#8217;adh\u00e9sif s&#8217;il est laiss\u00e9 fondu et non utilis\u00e9 dans le r\u00e9servoir. En particulier, les tuyaux chauffants utilis\u00e9s pour amener la colle jusqu&#8217;aux pistolets supportent mal d&#8217;\u00eatre continuellement pli\u00e9s en utilisation normale, et encore moins d&#8217;\u00eatre pli\u00e9s lorsqu&#8217;ils sont remplis d&#8217;adh\u00e9sif froid. Les remplacements co\u00fbtent souvent plusieurs centaines d&#8217;euros, et les temps d&#8217;arr\u00eat sont significatifs, du fait qu&#8217;il ne s&#8217;agit pas seulement de brancher un nouveau pistolet \u00e0 colle. Oui, l&#8217;adh\u00e9sif pourrait \u00eatre un peu moins cher, mais si vous ajoutez \u00e0 cela les frais de maintenance, de pi\u00e8ces de rechange d&#8217;un syst\u00e8me \u00e0 r\u00e9servoir en vrac ainsi que les pertes engendr\u00e9es par quelques \u00e9ch\u00e9ances manqu\u00e9es en raison d&#8217;un probl\u00e8me avec l&#8217;\u00e9quipement, et les \u00e9conomies disparaissent rapidement.<\/p>\n","protected":false},"excerpt":{"rendered":"<p>Les pr\u00e9sentoirs de PLV vont de la simple bo\u00eete sur comptoir pr\u00e8s des caisses jusqu&#8217;\u00e0 des sculptures en carton tr\u00e8s sophistiqu\u00e9es. Leur fabrication n\u00e9cessite quasi toujours un adh\u00e9sif. Il est souvent difficile d&#8217;automatiser la production des pr\u00e9sentoirs parce que les d\u00e9lais sont tr\u00e8s courts, certains composants sont tr\u00e8s volumineux et leur design fait appel \u00e0 [&hellip;]<\/p>\n","protected":false},"author":1,"featured_media":2696,"parent":1194,"menu_order":0,"comment_status":"closed","ping_status":"closed","template":"","meta":[],"acf":[],"_links":{"self":[{"href":"https:\/\/oldpower.overheardatpower.co.uk\/fr\/wp-json\/wp\/v2\/pages\/1210"}],"collection":[{"href":"https:\/\/oldpower.overheardatpower.co.uk\/fr\/wp-json\/wp\/v2\/pages"}],"about":[{"href":"https:\/\/oldpower.overheardatpower.co.uk\/fr\/wp-json\/wp\/v2\/types\/page"}],"author":[{"embeddable":true,"href":"https:\/\/oldpower.overheardatpower.co.uk\/fr\/wp-json\/wp\/v2\/users\/1"}],"replies":[{"embeddable":true,"href":"https:\/\/oldpower.overheardatpower.co.uk\/fr\/wp-json\/wp\/v2\/comments?post=1210"}],"version-history":[{"count":0,"href":"https:\/\/oldpower.overheardatpower.co.uk\/fr\/wp-json\/wp\/v2\/pages\/1210\/revisions"}],"up":[{"embeddable":true,"href":"https:\/\/oldpower.overheardatpower.co.uk\/fr\/wp-json\/wp\/v2\/pages\/1194"}],"wp:featuredmedia":[{"embeddable":true,"href":"https:\/\/oldpower.overheardatpower.co.uk\/fr\/wp-json\/wp\/v2\/media\/2696"}],"wp:attachment":[{"href":"https:\/\/oldpower.overheardatpower.co.uk\/fr\/wp-json\/wp\/v2\/media?parent=1210"}],"curies":[{"name":"wp","href":"https:\/\/api.w.org\/{rel}","templated":true}]}}