{"id":1201,"date":"2017-08-18T17:13:46","date_gmt":"2017-08-18T16:13:46","guid":{"rendered":"https:\/\/oldpower.overheardatpower.co.uk\/fr\/marches\/adhesifs-pour-revetements-de-sol"},"modified":"2020-02-14T06:55:08","modified_gmt":"2020-02-14T06:55:08","slug":"adhesifs-pour-revetements-de-sol","status":"publish","type":"page","link":"https:\/\/oldpower.overheardatpower.co.uk\/fr\/marches\/adhesifs-pour-revetements-de-sol","title":{"rendered":"Adh\u00e9sifs pour rev\u00eatements de sol"},"content":{"rendered":"<p>Tackfix 48 est le syst\u00e8me de collage \u00e0 chaud pour rev\u00eatements de sol le plus rapide et le plus solide du march\u00e9 et il surpasse tous les concurrents. Il est non toxique et a \u00e9t\u00e9 sp\u00e9cialement formul\u00e9 pour bien fonctionner avec n&#8217;importe quel pistolet \u00e0 colle. Avec les b\u00e2tons de colle Tackfix 48, la sortie de colle par tirage de g\u00e2chette du pistolet est maximale, ce qui permet de les utiliser dans des applications dont les surfaces sont plus grandes ou plus longues. Les b\u00e2tons de colle Tackfix 48 restent stables dans les environnements \u00e0 haute temp\u00e9rature ou au cas o\u00f9 le pistolet \u00e0 colle est laiss\u00e9 branch\u00e9 sans utilisation.<\/p>\n<p>Tackfix 48 est une alternative rapide et facile au cloutage sur les bords de moquette, \u00e0 la pose de carrelages et de seuils de parquet. Appliquer l&#8217;adh\u00e9sif sur une des surfaces avec nos pistolets \u00e0 colle industriels et bien presser les pi\u00e8ces ensemble pour un collage instantan\u00e9. La moquette peut \u00eatre \u00e9tir\u00e9e dans les minutes qui suivent la pose, les carrelages peuvent \u00eatre s\u00e9curis\u00e9s instantan\u00e9ment sans crainte qu&#8217;ils ne bougent et l&#8217;adh\u00e9sif peut tout simplement servir de paire de mains suppl\u00e9mentaire dans d&#8217;innombrables applications de rev\u00eatements de sol et de construction. Rien \u00e0 voir avec les b\u00e2tons de colle claire \u00e0 bon march\u00e9 !<\/p>\n<p>D\u00e9couvrez comment les adh\u00e9sifs thermofusibles industriels Power Adhesives peuvent faciliter votre travail !<\/p>\n","protected":false},"excerpt":{"rendered":"<p>Tackfix 48 est le syst\u00e8me de collage \u00e0 chaud pour rev\u00eatements de sol le plus rapide et le plus solide du march\u00e9 et il surpasse tous les concurrents. Il est non toxique et a \u00e9t\u00e9 sp\u00e9cialement formul\u00e9 pour bien fonctionner avec n&#8217;importe quel pistolet \u00e0 colle. Avec les b\u00e2tons de colle Tackfix 48, la sortie [&hellip;]<\/p>\n","protected":false},"author":1,"featured_media":2732,"parent":1194,"menu_order":0,"comment_status":"closed","ping_status":"closed","template":"","meta":[],"acf":[],"_links":{"self":[{"href":"https:\/\/oldpower.overheardatpower.co.uk\/fr\/wp-json\/wp\/v2\/pages\/1201"}],"collection":[{"href":"https:\/\/oldpower.overheardatpower.co.uk\/fr\/wp-json\/wp\/v2\/pages"}],"about":[{"href":"https:\/\/oldpower.overheardatpower.co.uk\/fr\/wp-json\/wp\/v2\/types\/page"}],"author":[{"embeddable":true,"href":"https:\/\/oldpower.overheardatpower.co.uk\/fr\/wp-json\/wp\/v2\/users\/1"}],"replies":[{"embeddable":true,"href":"https:\/\/oldpower.overheardatpower.co.uk\/fr\/wp-json\/wp\/v2\/comments?post=1201"}],"version-history":[{"count":3,"href":"https:\/\/oldpower.overheardatpower.co.uk\/fr\/wp-json\/wp\/v2\/pages\/1201\/revisions"}],"predecessor-version":[{"id":2542,"href":"https:\/\/oldpower.overheardatpower.co.uk\/fr\/wp-json\/wp\/v2\/pages\/1201\/revisions\/2542"}],"up":[{"embeddable":true,"href":"https:\/\/oldpower.overheardatpower.co.uk\/fr\/wp-json\/wp\/v2\/pages\/1194"}],"wp:featuredmedia":[{"embeddable":true,"href":"https:\/\/oldpower.overheardatpower.co.uk\/fr\/wp-json\/wp\/v2\/media\/2732"}],"wp:attachment":[{"href":"https:\/\/oldpower.overheardatpower.co.uk\/fr\/wp-json\/wp\/v2\/media?parent=1201"}],"curies":[{"name":"wp","href":"https:\/\/api.w.org\/{rel}","templated":true}]}}