{"id":1199,"date":"2017-08-18T16:33:23","date_gmt":"2017-08-18T15:33:23","guid":{"rendered":"https:\/\/oldpower.overheardatpower.co.uk\/fr\/marches\/adhesifs-pour-linfusion-sous-vide-des-composites"},"modified":"2018-02-05T10:06:22","modified_gmt":"2018-02-05T10:06:22","slug":"adhesifs-pour-linfusion-sous-vide-des-composites","status":"publish","type":"page","link":"https:\/\/oldpower.overheardatpower.co.uk\/fr\/marches\/adhesifs-pour-linfusion-sous-vide-des-composites","title":{"rendered":"Adh\u00e9sifs pour l&#8217;infusion sous vide des composites"},"content":{"rendered":"<p>Gr\u00e2ce \u00e0 l&#8217;expertise de son \u00e9quipe de recherche et d\u00e9veloppement, Power Adhesives a pu cr\u00e9er un adh\u00e9sif sp\u00e9cialis\u00e9 dont la formule est destin\u00e9e \u00e0 l&#8217;assemblage de mat\u00e9riaux composites infus\u00e9s sous vide. Ce produit permet aux clients de positionner et de s\u00e9curiser les mat\u00e9riaux de renforcement lors de la superposition des couches.<\/p>\n<p>Appliqu\u00e9 sur une seule surface \u00e0 l&#8217;aide des outils de pulv\u00e9risation Vactac de Power Adhesives, il g\u00e9n\u00e8re instantan\u00e9ment une surface adh\u00e9sive \u00e0 \u00ab\u00a0haute prise\u00a0\u00bb, tout en permettant un repositionnement si n\u00e9cessaire. Ce n&#8217;est que lorsque les mat\u00e9riaux sont fermement mis en contact que la prise adh\u00e9sive finale se fait.<\/p>\n<p>Les avantages du syst\u00e8me adh\u00e9sif Vactac pour infusion sous vide incluent une adh\u00e9rence instantan\u00e9e plus \u00e9lev\u00e9e que les m\u00e9thodes conventionnelles ainsi que z\u00e9ro perte de mati\u00e8re, ce qui signifie que l&#8217;argent n&#8217;est pas gaspill\u00e9 pendant la production.<\/p>\n<p>Les produits Vactac ont une dur\u00e9e de conservation infinie, contrairement aux adh\u00e9sifs \u00e0 base de compos\u00e9s organiques volatils, et la gamme ne n\u00e9cessite pas d&#8217;emballage sp\u00e9cial pour le transport et le stockage.<\/p>\n<p>Notre gamme d&#8217;adh\u00e9sifs pour infusion sous vide \u00e9limine les probl\u00e8mes de sant\u00e9 et de contamination habituellement associ\u00e9s aux particules que les adh\u00e9sifs concurrents rejettent dans l&#8217;air, tout en \u00e9tant totalement exempte d&#8217;eau et de solvants.<\/p>\n<p>Les adh\u00e9sifs Vactac ne vont qu&#8217;\u00e0 l&#8217;endroit attendu et \u00e9liminent toute inqui\u00e9tude qu&#8217;ils puissent se retrouver dans la zone &#8211; ou sur les v\u00eatements &#8211; de travail.<\/p>\n","protected":false},"excerpt":{"rendered":"<p>Gr\u00e2ce \u00e0 l&#8217;expertise de son \u00e9quipe de recherche et d\u00e9veloppement, Power Adhesives a pu cr\u00e9er un adh\u00e9sif sp\u00e9cialis\u00e9 dont la formule est destin\u00e9e \u00e0 l&#8217;assemblage de mat\u00e9riaux composites infus\u00e9s sous vide. Ce produit permet aux clients de positionner et de s\u00e9curiser les mat\u00e9riaux de renforcement lors de la superposition des couches. Appliqu\u00e9 sur une seule [&hellip;]<\/p>\n","protected":false},"author":1,"featured_media":2704,"parent":1194,"menu_order":0,"comment_status":"closed","ping_status":"closed","template":"","meta":[],"acf":[],"_links":{"self":[{"href":"https:\/\/oldpower.overheardatpower.co.uk\/fr\/wp-json\/wp\/v2\/pages\/1199"}],"collection":[{"href":"https:\/\/oldpower.overheardatpower.co.uk\/fr\/wp-json\/wp\/v2\/pages"}],"about":[{"href":"https:\/\/oldpower.overheardatpower.co.uk\/fr\/wp-json\/wp\/v2\/types\/page"}],"author":[{"embeddable":true,"href":"https:\/\/oldpower.overheardatpower.co.uk\/fr\/wp-json\/wp\/v2\/users\/1"}],"replies":[{"embeddable":true,"href":"https:\/\/oldpower.overheardatpower.co.uk\/fr\/wp-json\/wp\/v2\/comments?post=1199"}],"version-history":[{"count":4,"href":"https:\/\/oldpower.overheardatpower.co.uk\/fr\/wp-json\/wp\/v2\/pages\/1199\/revisions"}],"predecessor-version":[{"id":1727,"href":"https:\/\/oldpower.overheardatpower.co.uk\/fr\/wp-json\/wp\/v2\/pages\/1199\/revisions\/1727"}],"up":[{"embeddable":true,"href":"https:\/\/oldpower.overheardatpower.co.uk\/fr\/wp-json\/wp\/v2\/pages\/1194"}],"wp:featuredmedia":[{"embeddable":true,"href":"https:\/\/oldpower.overheardatpower.co.uk\/fr\/wp-json\/wp\/v2\/media\/2704"}],"wp:attachment":[{"href":"https:\/\/oldpower.overheardatpower.co.uk\/fr\/wp-json\/wp\/v2\/media?parent=1199"}],"curies":[{"name":"wp","href":"https:\/\/api.w.org\/{rel}","templated":true}]}}