{"id":702,"date":"2015-09-23T11:40:53","date_gmt":"2015-09-23T10:40:53","guid":{"rendered":"http:\/\/power.paltd.net\/product\/tec-3150-2\/"},"modified":"2015-09-23T11:40:53","modified_gmt":"2015-09-23T10:40:53","slug":"tec-3150-2","status":"publish","type":"product","link":"https:\/\/oldpower.overheardatpower.co.uk\/de\/product\/tec-3150-2","title":{"rendered":"tec 3150"},"content":{"rendered":"<p>Hochleistungs-Hei\u00dfklebepistole f\u00fcr den industriellen Klebstoff-Auftrag mit 43mm Patronen. Voll elektrisch und extrem robust. Verf\u00fcgt \u00fcber LED-Anzeige bei Stromzufuhr sowie abnehmbaren St\u00e4nder mit eingebautem Schl\u00fcssel f\u00fcr die austauschbare D\u00fcse.<\/p>\n","protected":false},"excerpt":{"rendered":"<p>Hochleistungs-Hei\u00dfklebepistole f\u00fcr den industriellen Klebstoff-Auftrag mit 43mm Patronen.<\/p>\n","protected":false},"featured_media":1162,"comment_status":"closed","ping_status":"closed","template":"","meta":[],"acf":[],"_links":{"self":[{"href":"https:\/\/oldpower.overheardatpower.co.uk\/de\/wp-json\/wp\/v2\/product\/702"}],"collection":[{"href":"https:\/\/oldpower.overheardatpower.co.uk\/de\/wp-json\/wp\/v2\/product"}],"about":[{"href":"https:\/\/oldpower.overheardatpower.co.uk\/de\/wp-json\/wp\/v2\/types\/product"}],"replies":[{"embeddable":true,"href":"https:\/\/oldpower.overheardatpower.co.uk\/de\/wp-json\/wp\/v2\/comments?post=702"}],"wp:featuredmedia":[{"embeddable":true,"href":"https:\/\/oldpower.overheardatpower.co.uk\/de\/wp-json\/wp\/v2\/media\/1162"}],"wp:attachment":[{"href":"https:\/\/oldpower.overheardatpower.co.uk\/de\/wp-json\/wp\/v2\/media?parent=702"}],"curies":[{"name":"wp","href":"https:\/\/api.w.org\/{rel}","templated":true}]}}