{"id":700,"date":"2015-09-23T11:40:53","date_gmt":"2015-09-23T10:40:53","guid":{"rendered":"http:\/\/power.paltd.net\/product\/tec-820-12-2\/"},"modified":"2015-09-23T11:40:53","modified_gmt":"2015-09-23T10:40:53","slug":"tec-820-12-2","status":"publish","type":"product","link":"https:\/\/oldpower.overheardatpower.co.uk\/de\/product\/tec-820-12-2","title":{"rendered":"tec 820-12"},"content":{"rendered":"<p>Strapazierf\u00e4hige Hei\u00dfklebepistole\u00a0mittlerer Leistung f\u00fcr 12mm Klebestifte. Robust und leicht zu handhaben bei frei einstellbarer Temperatur und\u00a0kurzer Aufw\u00e4rmzeit von 2 Minuten. Verf\u00fcgt \u00fcber beleuchteten Ein-\/Aus-Schalter.<\/p>\n","protected":false},"excerpt":{"rendered":"<p>Strapazierf\u00e4hige Hei\u00dfklebepistole\u00a0mittlerer Leistung f\u00fcr 12mm Klebestifte mit frei einstellbarer Temperatur.<\/p>\n","protected":false},"featured_media":1160,"comment_status":"closed","ping_status":"closed","template":"","meta":[],"acf":[],"_links":{"self":[{"href":"https:\/\/oldpower.overheardatpower.co.uk\/de\/wp-json\/wp\/v2\/product\/700"}],"collection":[{"href":"https:\/\/oldpower.overheardatpower.co.uk\/de\/wp-json\/wp\/v2\/product"}],"about":[{"href":"https:\/\/oldpower.overheardatpower.co.uk\/de\/wp-json\/wp\/v2\/types\/product"}],"replies":[{"embeddable":true,"href":"https:\/\/oldpower.overheardatpower.co.uk\/de\/wp-json\/wp\/v2\/comments?post=700"}],"wp:featuredmedia":[{"embeddable":true,"href":"https:\/\/oldpower.overheardatpower.co.uk\/de\/wp-json\/wp\/v2\/media\/1160"}],"wp:attachment":[{"href":"https:\/\/oldpower.overheardatpower.co.uk\/de\/wp-json\/wp\/v2\/media?parent=700"}],"curies":[{"name":"wp","href":"https:\/\/api.w.org\/{rel}","templated":true}]}}