{"id":693,"date":"2015-09-23T11:40:53","date_gmt":"2015-09-23T10:40:53","guid":{"rendered":"http:\/\/power.paltd.net\/product\/tec-805-12-2\/"},"modified":"2018-09-28T12:43:09","modified_gmt":"2018-09-28T11:43:09","slug":"tec-806-12-2","status":"publish","type":"product","link":"https:\/\/oldpower.overheardatpower.co.uk\/de\/product\/tec-806-12-2","title":{"rendered":"tec 806-12"},"content":{"rendered":"<p>Preiswerte Hei\u00dfklebepistole mittlerer Leistung f\u00fcr 12mm Klebestifte. Robust und leicht zu handhaben bei niedrigem Energieverbrauch und kurzer Aufw\u00e4rmzeit von 3 Minuten. Verf\u00fcgt \u00fcber beleuchteten Ein-\/Aus-Schalter.<\/p>\n","protected":false},"excerpt":{"rendered":"<p>Preiswerte Hei\u00dfklebepistole mittlerer Leistung f\u00fcr 12mm Klebestifte.<\/p>\n","protected":false},"featured_media":2243,"comment_status":"closed","ping_status":"closed","template":"","meta":[],"acf":[],"_links":{"self":[{"href":"https:\/\/oldpower.overheardatpower.co.uk\/de\/wp-json\/wp\/v2\/product\/693"}],"collection":[{"href":"https:\/\/oldpower.overheardatpower.co.uk\/de\/wp-json\/wp\/v2\/product"}],"about":[{"href":"https:\/\/oldpower.overheardatpower.co.uk\/de\/wp-json\/wp\/v2\/types\/product"}],"replies":[{"embeddable":true,"href":"https:\/\/oldpower.overheardatpower.co.uk\/de\/wp-json\/wp\/v2\/comments?post=693"}],"wp:featuredmedia":[{"embeddable":true,"href":"https:\/\/oldpower.overheardatpower.co.uk\/de\/wp-json\/wp\/v2\/media\/2243"}],"wp:attachment":[{"href":"https:\/\/oldpower.overheardatpower.co.uk\/de\/wp-json\/wp\/v2\/media?parent=693"}],"curies":[{"name":"wp","href":"https:\/\/api.w.org\/{rel}","templated":true}]}}