{"id":692,"date":"2015-09-23T11:40:53","date_gmt":"2015-09-23T10:40:53","guid":{"rendered":"http:\/\/power.paltd.net\/product\/tec-6100-2\/"},"modified":"2015-09-23T11:40:53","modified_gmt":"2015-09-23T10:40:53","slug":"tec-6100-2","status":"publish","type":"product","link":"https:\/\/oldpower.overheardatpower.co.uk\/de\/product\/tec-6100-2","title":{"rendered":"tec 6100"},"content":{"rendered":"<p>Sehr robuste Hei\u00dfklebepistole f\u00fcr hohe Klebstoff-Auftragsmengen mit 43mm Patronen in industriellem Einsatz. Pneumatischer Antrieb verringert Benutzer-Erm\u00fcdung. Verf\u00fcgt \u00fcber Leuchtdiode f\u00fcr Stromversorgungs-Anzeige. Ben\u00f6tigt Pressluftversorgung von 8bar und 14l\/min.<\/p>\n","protected":false},"excerpt":{"rendered":"<p>Sehr robuste druckluftbetriebene Hei\u00dfklebepistole f\u00fcr hohe Klebstoff-Auftragsmengen mit 43mm Patronen in industriellem Einsatz.<\/p>\n","protected":false},"featured_media":1166,"comment_status":"closed","ping_status":"closed","template":"","meta":[],"acf":[],"_links":{"self":[{"href":"https:\/\/oldpower.overheardatpower.co.uk\/de\/wp-json\/wp\/v2\/product\/692"}],"collection":[{"href":"https:\/\/oldpower.overheardatpower.co.uk\/de\/wp-json\/wp\/v2\/product"}],"about":[{"href":"https:\/\/oldpower.overheardatpower.co.uk\/de\/wp-json\/wp\/v2\/types\/product"}],"replies":[{"embeddable":true,"href":"https:\/\/oldpower.overheardatpower.co.uk\/de\/wp-json\/wp\/v2\/comments?post=692"}],"wp:featuredmedia":[{"embeddable":true,"href":"https:\/\/oldpower.overheardatpower.co.uk\/de\/wp-json\/wp\/v2\/media\/1166"}],"wp:attachment":[{"href":"https:\/\/oldpower.overheardatpower.co.uk\/de\/wp-json\/wp\/v2\/media?parent=692"}],"curies":[{"name":"wp","href":"https:\/\/api.w.org\/{rel}","templated":true}]}}