{"id":689,"date":"2015-09-23T11:40:53","date_gmt":"2015-09-23T10:40:53","guid":{"rendered":"http:\/\/power.paltd.net\/product\/tec-7300-2\/"},"modified":"2018-02-01T16:58:48","modified_gmt":"2018-02-01T16:58:48","slug":"tec-7300-2","status":"publish","type":"product","link":"https:\/\/oldpower.overheardatpower.co.uk\/de\/product\/tec-7300-2","title":{"rendered":"tec 7300"},"content":{"rendered":"<p>Sehr robuste Hei\u00dfklebepistole f\u00fcr den Spr\u00fch-Auftrag von 43mm Patronen. Das l\u00f6sungsmittelfreie Spr\u00fch-System, das in jeder Position funktioniert, hat ein justierbares Spr\u00fchbild zum gro\u00dffl\u00e4chigen Klebstoff-Auftrag. Besch\u00e4digt auch hitzeempfindliche Materialien nicht. Verf\u00fcgt \u00fcber &#8220;speed loader&#8221; f\u00fcr schnelles Nachladen, sowie Leuchtdiode f\u00fcr Stromversorgungs-Anzeige. Ben\u00f6tigt Pressluftversorgung von max. 7bar und 85l\/min.<\/p>\n","protected":false},"excerpt":{"rendered":"<p>Sehr robuste Hei\u00dfklebepistole f\u00fcr den Spr\u00fch-Auftrag von 43mm Patronen.<\/p>\n","protected":false},"featured_media":1170,"comment_status":"closed","ping_status":"closed","template":"","meta":[],"acf":[],"_links":{"self":[{"href":"https:\/\/oldpower.overheardatpower.co.uk\/de\/wp-json\/wp\/v2\/product\/689"}],"collection":[{"href":"https:\/\/oldpower.overheardatpower.co.uk\/de\/wp-json\/wp\/v2\/product"}],"about":[{"href":"https:\/\/oldpower.overheardatpower.co.uk\/de\/wp-json\/wp\/v2\/types\/product"}],"replies":[{"embeddable":true,"href":"https:\/\/oldpower.overheardatpower.co.uk\/de\/wp-json\/wp\/v2\/comments?post=689"}],"wp:featuredmedia":[{"embeddable":true,"href":"https:\/\/oldpower.overheardatpower.co.uk\/de\/wp-json\/wp\/v2\/media\/1170"}],"wp:attachment":[{"href":"https:\/\/oldpower.overheardatpower.co.uk\/de\/wp-json\/wp\/v2\/media?parent=689"}],"curies":[{"name":"wp","href":"https:\/\/api.w.org\/{rel}","templated":true}]}}