{"id":685,"date":"2016-02-03T09:50:19","date_gmt":"2016-02-03T09:50:19","guid":{"rendered":"http:\/\/power.paltd.net\/product\/gas-tec-600-2\/"},"modified":"2016-09-07T14:00:24","modified_gmt":"2016-09-07T13:00:24","slug":"gas-tec-600","status":"publish","type":"product","link":"https:\/\/oldpower.overheardatpower.co.uk\/de\/product\/gas-tec-600","title":{"rendered":"GAS-TEC 600"},"content":{"rendered":"<p>Robuste, kompakte, kabellose Hei\u00dfklebepistole f\u00fcr Einsatzgebiete ohne Stromversorgung. Wird mit Butangas aus nachf\u00fcllbaren Kartuschen beheizt.<\/p>\n","protected":false},"excerpt":{"rendered":"<p>Robuste, kompakte, kabellose Hei\u00dfklebepistole.<\/p>\n","protected":false},"featured_media":1148,"comment_status":"closed","ping_status":"closed","template":"","meta":[],"acf":[],"_links":{"self":[{"href":"https:\/\/oldpower.overheardatpower.co.uk\/de\/wp-json\/wp\/v2\/product\/685"}],"collection":[{"href":"https:\/\/oldpower.overheardatpower.co.uk\/de\/wp-json\/wp\/v2\/product"}],"about":[{"href":"https:\/\/oldpower.overheardatpower.co.uk\/de\/wp-json\/wp\/v2\/types\/product"}],"replies":[{"embeddable":true,"href":"https:\/\/oldpower.overheardatpower.co.uk\/de\/wp-json\/wp\/v2\/comments?post=685"}],"wp:featuredmedia":[{"embeddable":true,"href":"https:\/\/oldpower.overheardatpower.co.uk\/de\/wp-json\/wp\/v2\/media\/1148"}],"wp:attachment":[{"href":"https:\/\/oldpower.overheardatpower.co.uk\/de\/wp-json\/wp\/v2\/media?parent=685"}],"curies":[{"name":"wp","href":"https:\/\/api.w.org\/{rel}","templated":true}]}}