{"id":903,"date":"2017-02-03T13:55:00","date_gmt":"2017-02-03T13:55:00","guid":{"rendered":"http:\/\/de.power.paltd.net\/?page_id=903"},"modified":"2017-02-03T13:55:00","modified_gmt":"2017-02-03T13:55:00","slug":"schmelzklebstoffe-fuer-verkaufs-staender-point-sale-displays","status":"publish","type":"page","link":"https:\/\/oldpower.overheardatpower.co.uk\/de\/maerkte\/schmelzklebstoffe-fuer-verkaufs-staender-point-sale-displays","title":{"rendered":"Schmelzklebstoffe f\u00fcr Verkaufs-St\u00e4nder (Point-of-Sale Displays)"},"content":{"rendered":"<p>Verkaufsst\u00e4nder, oder auch Point-of-Sale-Displays, k\u00f6nnen einfache Kisten auf dem Kassentisch sein, oder auch komplexe Skulpturen aus Karton und Kunststoff. Sie ben\u00f6tigen aber fast alle Klebstoff in der Fertigung.<\/p>\n<p>Es ist oft nicht einfach, die Fertigung solcher Verkaufs-Hilfen zu automatisieren, da die Chargen klein sind, und manche Bauteile sehr gro\u00df. Viele Modelle enthalten austauschbare Elemente. Aus diesen Gr\u00fcnden sind Schmelzklebstoffe und Klebepistolen seit langem die bevorzugte L\u00f6sung f\u00fcr die effiziente Montage von Verkaufs-St\u00e4ndern. Der Hauptgrund ist, da\u00df sie verl\u00e4\u00dfliche Verbindung der Bauteile bieten, einfach zu handhaben, und leicht verf\u00fcgbar sind.<\/p>\n<p>Die fertigen Verkaufs-St\u00e4nder m\u00fcssen einiges abk\u00f6nnen. Sie werden oft bereits mit Waren bef\u00fcllt und dann durch den Laden transportiert, was die Festigkeit der Klebung bis an die Grenzen testen kann. Hierzu k\u00f6nnen weitere Faktoren kommen, wie zum Beispiel hohe Temperaturen in einem Schaufenster, tiefe Temperaturen w\u00e4hrend des Transports zum Gesch\u00e4ft oder im Lager. Die Wahl des richtigen Klebstoffs kann hier den Unterschied zwischen \u00dcberleben und Auseinanderfallen machen.<\/p>\n<p>Selbst mit dem bestausgebildeten Fertigungs-Personal, der korrekten Menge Klebstoff und der richtigen Auftragstemperatur kann jeder Hersteller von kostenintensiven Reparaturen berichten, die aufgrund eines qualitativ unzureichenden Klebstoffes beim Kunden anfielen.<\/p>\n<p>Die Herausforderungen an die Hersteller von Verkaufs-St\u00e4ndern sind gro\u00df, da es sich bei den zu klebenden Materialien nicht blo\u00df um einfachen Karton handelt. Die Kartonagen sind oft beschichtet oder Lackiert, und manchmal handelt es sich gar nicht um Karton, sondern um Kunststoffe wie das extrem schwer zu klebende extrudiere Polypropylen. Eine kleine \u00c4nderung im Design des Werkteils kann schlimme Folgen haben, und ist oft schwer nachzuverfolgen.<\/p>\n<p>Unter diesen Gesichtspunkten ist es unabdingbar, da\u00df ein Qualit\u00e4ts-Klebstoff eingesetzt wird, der gleichbleibend in seiner Leistung ist und die gr\u00f6\u00dfte Toleranz gegen\u00fcber den vielen Variablen in diesem Segment aufweist.<\/p>\n<p>Der Einsatz eines Klebstoffes guter Qualit\u00e4t wie tecbond 213 oder 214 hilft bei der Minimierung von Reparaturen im Einsatz. Die Kosten solcher Reparaturen fressen die Einsparungen durch den Einsatz von Schmelzklebstoffen minderer Qualit\u00e4t schnell auf.<\/p>\n<p>Die reputierten Hersteller von Verkaufs-St\u00e4ndern setzen tecbond Schmelzklebstoffe und tec Klebepistolen aus gutem Grund ein: Zuverl\u00e4ssigkeit.<\/p>\n<p>Tank-Schmelz-Anlagen versprechen Herstellern oft Kosteneinsparungen durch den niedrigeren Klebstoff-Preis. In Wirklichkeit rechnen sich die h\u00f6heren Investitionskosten jedoch selten, da diese Systeme extrem wartungsintensiv sind, und oft gereinigt werden m\u00fcssen. Schmelzklebstoff, der zu lange hei\u00df gehalten wird, verliert seine Leistungsf\u00e4higkeit, und die teuren beheizten Schlauchleitungen m\u00fcssen oft ersetz werden, wenn sie zu oft geknickt werden. Reparaturen sind meist zeitaufw\u00e4ndig, und die Stillstandkosten oder Vertragsstrafen f\u00fcr Versp\u00e4tungen sehr teuer. Wieviel einfacher ist es da doch, ein Paar Klebepistolen in Reserve zu haben, und sie einfach an die Steckdoese anzuschlie\u00dfen, wenn es n\u00f6tig wird. Da rechnet sich auch der etwas h\u00f6here Klebstoffpreis ganz schnell.<\/p>\n","protected":false},"excerpt":{"rendered":"<p>Verkaufsst\u00e4nder, oder auch Point-of-Sale-Displays, k\u00f6nnen einfache Kisten auf dem Kassentisch sein, oder auch komplexe Skulpturen aus Karton und Kunststoff. Sie ben\u00f6tigen aber fast alle Klebstoff in der Fertigung. Es ist oft nicht einfach, die Fertigung solcher Verkaufs-Hilfen zu automatisieren, da die Chargen klein sind, und manche Bauteile sehr gro\u00df. Viele Modelle enthalten austauschbare Elemente. Aus [&hellip;]<\/p>\n","protected":false},"author":2,"featured_media":2697,"parent":897,"menu_order":0,"comment_status":"closed","ping_status":"closed","template":"","meta":[],"acf":[],"_links":{"self":[{"href":"https:\/\/oldpower.overheardatpower.co.uk\/de\/wp-json\/wp\/v2\/pages\/903"}],"collection":[{"href":"https:\/\/oldpower.overheardatpower.co.uk\/de\/wp-json\/wp\/v2\/pages"}],"about":[{"href":"https:\/\/oldpower.overheardatpower.co.uk\/de\/wp-json\/wp\/v2\/types\/page"}],"author":[{"embeddable":true,"href":"https:\/\/oldpower.overheardatpower.co.uk\/de\/wp-json\/wp\/v2\/users\/2"}],"replies":[{"embeddable":true,"href":"https:\/\/oldpower.overheardatpower.co.uk\/de\/wp-json\/wp\/v2\/comments?post=903"}],"version-history":[{"count":1,"href":"https:\/\/oldpower.overheardatpower.co.uk\/de\/wp-json\/wp\/v2\/pages\/903\/revisions"}],"predecessor-version":[{"id":904,"href":"https:\/\/oldpower.overheardatpower.co.uk\/de\/wp-json\/wp\/v2\/pages\/903\/revisions\/904"}],"up":[{"embeddable":true,"href":"https:\/\/oldpower.overheardatpower.co.uk\/de\/wp-json\/wp\/v2\/pages\/897"}],"wp:featuredmedia":[{"embeddable":true,"href":"https:\/\/oldpower.overheardatpower.co.uk\/de\/wp-json\/wp\/v2\/media\/2697"}],"wp:attachment":[{"href":"https:\/\/oldpower.overheardatpower.co.uk\/de\/wp-json\/wp\/v2\/media?parent=903"}],"curies":[{"name":"wp","href":"https:\/\/api.w.org\/{rel}","templated":true}]}}