{"id":901,"date":"2017-02-03T13:32:58","date_gmt":"2017-02-03T13:32:58","guid":{"rendered":"http:\/\/de.power.paltd.net\/?page_id=901"},"modified":"2018-02-05T10:13:26","modified_gmt":"2018-02-05T10:13:26","slug":"schmelzklebstoffe-fuer-verpackungen-und-kartonagen","status":"publish","type":"page","link":"https:\/\/oldpower.overheardatpower.co.uk\/de\/maerkte\/schmelzklebstoffe-fuer-verpackungen-und-kartonagen","title":{"rendered":"Schmelzklebstoffe f\u00fcr Verpackungen und Kartonagen"},"content":{"rendered":"<p>Schmelzklebstoffe sind die ideale Technologie f\u00fcr Verpackungen. Die Kombination aus den tecbond Hochleistungsklebstoffen mit den eigens entwickelten tec Klebepistolen f\u00fcr industriellen Einsatz bietet die optimale L\u00f6sung f\u00fcr Ihre Verpackungs-Anwendung.<\/p>\n<p>Das tecbond Sortiment von Hochleistungs-Schmelzklebstoffen enth\u00e4lt eine gro\u00dfe Banbreite an Formulierungen, die nahezu jedes Verpackungs-Material in Sekundenschnelle kleben kann.<\/p>\n<p>Tecbond 265 und 261 zum Beispiel k\u00f6nnen nahezu jedes beschichtete oder lackierte Substrat, das f\u00fcr Verkaufs-St\u00e4nder eingesetzt wird, kleben. Zum schnellen Verschlie\u00dfen von Kartonagen und Wickelverpackungen bieten tecbond 14 und 214 eine optimale L\u00f6sung.<\/p>\n<p>Falls Schaumstoffe als Ladungsschutz in Verpackungen eingeklebt werden sollen, kann das sowohl mit dem Niedrig-Temperatur-Schmelzklebstoff tecbond LM44 oder unseren spr\u00fchbaren spraytec Schmelzklebstoffen geschehen.<\/p>\n<p>Im Gegensatz zu l\u00f6sungsmittelbasierten Klebstoffen greifen Schmelzklebstoffe die zu klebenden Substrate oder den Inhalt der Verpackung nicht an. Schmelzklebstoffe erzeugen eine feste Versiegelung der Verpackung, die unbefugte Manipulationen sofort sichtbar macht. W\u00e4hrend Klebeb\u00e4nder und Klammern Informationen oder Bilder auf der Verpackung verdecken k\u00f6nnen, werden Schmelzklebstoffe immer unsichtbar eingesetzt.<\/p>\n<p>Tecbond Schmelzklebstoffe sind sauber im Einsatz und haben eine unbeschr\u00e4nkte Lagerhaltbarkeit. Dabei bieten Sie optisch ansprechenden Verschlu\u00df von Verpackungen ohne die Probleme oder Einschr\u00e4nkungen anderer Methoden.<\/p>\n","protected":false},"excerpt":{"rendered":"<p>Schmelzklebstoffe sind die ideale Technologie f\u00fcr Verpackungen. Die Kombination aus den tecbond Hochleistungsklebstoffen mit den eigens entwickelten tec Klebepistolen f\u00fcr industriellen Einsatz bietet die optimale L\u00f6sung f\u00fcr Ihre Verpackungs-Anwendung. Das tecbond Sortiment von Hochleistungs-Schmelzklebstoffen enth\u00e4lt eine gro\u00dfe Banbreite an Formulierungen, die nahezu jedes Verpackungs-Material in Sekundenschnelle kleben kann. Tecbond 265 und 261 zum Beispiel k\u00f6nnen [&hellip;]<\/p>\n","protected":false},"author":2,"featured_media":2697,"parent":897,"menu_order":0,"comment_status":"closed","ping_status":"closed","template":"","meta":[],"acf":[],"_links":{"self":[{"href":"https:\/\/oldpower.overheardatpower.co.uk\/de\/wp-json\/wp\/v2\/pages\/901"}],"collection":[{"href":"https:\/\/oldpower.overheardatpower.co.uk\/de\/wp-json\/wp\/v2\/pages"}],"about":[{"href":"https:\/\/oldpower.overheardatpower.co.uk\/de\/wp-json\/wp\/v2\/types\/page"}],"author":[{"embeddable":true,"href":"https:\/\/oldpower.overheardatpower.co.uk\/de\/wp-json\/wp\/v2\/users\/2"}],"replies":[{"embeddable":true,"href":"https:\/\/oldpower.overheardatpower.co.uk\/de\/wp-json\/wp\/v2\/comments?post=901"}],"version-history":[{"count":5,"href":"https:\/\/oldpower.overheardatpower.co.uk\/de\/wp-json\/wp\/v2\/pages\/901\/revisions"}],"predecessor-version":[{"id":1729,"href":"https:\/\/oldpower.overheardatpower.co.uk\/de\/wp-json\/wp\/v2\/pages\/901\/revisions\/1729"}],"up":[{"embeddable":true,"href":"https:\/\/oldpower.overheardatpower.co.uk\/de\/wp-json\/wp\/v2\/pages\/897"}],"wp:featuredmedia":[{"embeddable":true,"href":"https:\/\/oldpower.overheardatpower.co.uk\/de\/wp-json\/wp\/v2\/media\/2697"}],"wp:attachment":[{"href":"https:\/\/oldpower.overheardatpower.co.uk\/de\/wp-json\/wp\/v2\/media?parent=901"}],"curies":[{"name":"wp","href":"https:\/\/api.w.org\/{rel}","templated":true}]}}