{"id":673,"date":"2016-06-29T15:57:19","date_gmt":"2016-06-29T14:57:19","guid":{"rendered":"http:\/\/de.power.paltd.net\/?page_id=673"},"modified":"2016-06-29T16:12:52","modified_gmt":"2016-06-29T15:12:52","slug":"weltweit-fuehrend-in-heissklebstoffen","status":"publish","type":"page","link":"https:\/\/oldpower.overheardatpower.co.uk\/de","title":{"rendered":"Weltweit f\u00fchrend in Hei\u00dfklebstoffen"},"content":{"rendered":"<p>Seit vierzig Jahren hat Power Adhesives Pionierarbeit in der Technologie von Hei\u00dfklebestiften und Hei\u00dfklebepistolen geleistet. Wir haben best\u00e4ndig neue Anwendungsm\u00f6glichkeiten f\u00fcr unsere Produkte gefunden, und neue Produkte f\u00fcr spezifische Kundenbed\u00fcrfnisse entwickelt.<\/p>\n<p>Als globaler Marktf\u00fchrer erforschen, entwickeln und vertreiben wir ein gro\u00dfes Sortiment an qualitativ hochwertigen Produkten mit einem ausgezeichneten Preis-Leistungs-Verh\u00e4ltnis. Das versetzt uns in die einzigartige Position, als Hersteller von sowohl Hei\u00dfschmelzklebstoffen als auch Auftragsger\u00e4ten, industrie-spezifische Beratung zu allen Aspekten kommerzieller Klebstoff-Anwendungen f\u00fcr Hei\u00dfklebstoffe anzubieten.<\/p>\n<h2>TEC\u00a0Klebepistolen<\/h2>\n<p>Unser\u00a0Markenname \u2018TEC\u2019 Klebepistolen setzt den Standard f\u00fcr Auftragsger\u00e4te von Hei\u00dfklebestiften sehr hoch. Egal ob Sie nach einer Klebepistole f\u00fcr\u00a0<a title=\"Craft Glue Guns\" href=\"http:\/\/www.hobbytec.co.uk\" target=\"_blank\">Hobby und Basteln<\/a>\u00a0oder f\u00fcr\u00a0<a title=\"Industrial Glue Guns\" href=\"http:\/\/www.hotmeltgluegunsticks.co.uk\/industrial-glue-guns.html\" target=\"_blank\">industriellen Gebrauch<\/a>\u00a0suchen, oder auch etwas dazwischen &#8211; unser Sortiment von TEC Klebepistolen deckt jede Art von Anwendung ab.<\/p>\n<h2>TECBOND\u00a0Hei\u00dfklebestifte<\/h2>\n<p>Hei\u00dfschmelzklebstoffe der Firma Power Adhesives werden unter der Marke\u00a0\u2018TECBOND\u2019 vertrieben und heben die Erwartungen\u00a0an Hei\u00dfschmelzklebstoffe aufgrund ihrer Leistungsf\u00e4higkeit st\u00e4ndig weiter an. Unsere best\u00e4ndige Forschung und Entwicklung im hochmodernen Firmenzentrum in Gro\u00dfbritannien stellt sicher, da\u00df wir jederzeit in der Lage sind, die Bed\u00fcrfnisse der Benutzer von Hei\u00dfschmelzklebstoffen zu erf\u00fcllen.<\/p>\n","protected":false},"excerpt":{"rendered":"<p>Seit vierzig Jahren hat Power Adhesives Pionierarbeit in der Technologie von Hei\u00dfklebestiften und Hei\u00dfklebepistolen geleistet. Wir haben best\u00e4ndig neue Anwendungsm\u00f6glichkeiten f\u00fcr unsere Produkte gefunden, und neue Produkte f\u00fcr spezifische Kundenbed\u00fcrfnisse entwickelt. Als globaler Marktf\u00fchrer erforschen, entwickeln und vertreiben wir ein gro\u00dfes Sortiment an qualitativ hochwertigen Produkten mit einem ausgezeichneten Preis-Leistungs-Verh\u00e4ltnis. Das versetzt uns in die [&hellip;]<\/p>\n","protected":false},"author":2,"featured_media":0,"parent":0,"menu_order":0,"comment_status":"closed","ping_status":"open","template":"page-video.php","meta":[],"acf":[],"_links":{"self":[{"href":"https:\/\/oldpower.overheardatpower.co.uk\/de\/wp-json\/wp\/v2\/pages\/673"}],"collection":[{"href":"https:\/\/oldpower.overheardatpower.co.uk\/de\/wp-json\/wp\/v2\/pages"}],"about":[{"href":"https:\/\/oldpower.overheardatpower.co.uk\/de\/wp-json\/wp\/v2\/types\/page"}],"author":[{"embeddable":true,"href":"https:\/\/oldpower.overheardatpower.co.uk\/de\/wp-json\/wp\/v2\/users\/2"}],"replies":[{"embeddable":true,"href":"https:\/\/oldpower.overheardatpower.co.uk\/de\/wp-json\/wp\/v2\/comments?post=673"}],"version-history":[{"count":3,"href":"https:\/\/oldpower.overheardatpower.co.uk\/de\/wp-json\/wp\/v2\/pages\/673\/revisions"}],"predecessor-version":[{"id":677,"href":"https:\/\/oldpower.overheardatpower.co.uk\/de\/wp-json\/wp\/v2\/pages\/673\/revisions\/677"}],"wp:attachment":[{"href":"https:\/\/oldpower.overheardatpower.co.uk\/de\/wp-json\/wp\/v2\/media?parent=673"}],"curies":[{"name":"wp","href":"https:\/\/api.w.org\/{rel}","templated":true}]}}