{"id":651,"date":"2016-06-28T16:41:30","date_gmt":"2016-06-28T15:41:30","guid":{"rendered":"http:\/\/de.power.paltd.net\/?page_id=651"},"modified":"2016-06-28T16:41:30","modified_gmt":"2016-06-28T15:41:30","slug":"about","status":"publish","type":"page","link":"https:\/\/oldpower.overheardatpower.co.uk\/de\/about","title":{"rendered":"Firmenhintergrund"},"content":{"rendered":"<p>Power Adhesives Ltd ist der f\u00fchrende Hersteller f\u00fcr Hei\u00dfklebestifte\u00a0und Hei\u00dfklebepistolen in Europa. Wir bieten das gr\u00f6\u00dfte Sortiment an geformten Hei\u00dfschmelzklebstoffen sowie speziell daf\u00fcr entwickelten Auftragsger\u00e4ten in der Welt.\u00a0Die Klebstoffe von Power Adhesives werden von unseren internationalen Vertriebsh\u00e4ndlern unter dem Markennamen\u00a0TECBOND\u00ae, und unsere Klebepistolen unter der Marke TEC\u2122 vertrieben.<\/p>\n<p>Wir entwickeln, fertigen und vertreiben seit \u00fcber vierzig Jahren Hei\u00dfschmelzklebstoffe sowie individuell auf diese zugeschnittene Klebepistolen. Das versetzt uns in die einzigartige Position, Hersteller von sowohl Klebstoffen als auch Auftragsger\u00e4ten zu sein, was uns erm\u00f6glicht, unseren Kunden industriespezifische Beratung zu allen kommerziellen Hei\u00dfklebungen zu geben.<\/p>\n<p>Die fortgeschrittene Technik an unseren modernen Fertigungsstandorten in Gro\u00dfbritannien erlaubt es uns, das extreme hohe Qualit\u00e4tsniveau zu erreichen, das f\u00fcr die TEC\u2122 und TECBOND\u00ae Produkte kennzeichnend ist. Ein st\u00e4ndiges Forschungs- und Entwicklungs-Konzept stellt sicher, da\u00df die TEC\u2122 Klebepistolen\u00a0und TECBOND\u00ae Hei\u00dfklebstoffe sich immer an die Bed\u00fcrfnisse der Industrie anpassen. Hohes Investitionsvolumen, Fertigungsmethoden nach neuestem Stand der Technik, und ein hochmotiviertes Team sind das Fundament, auf dem unsere Markf\u00fchrerschaft basiert.<\/p>\n","protected":false},"excerpt":{"rendered":"<p>Power Adhesives Ltd ist der f\u00fchrende Hersteller f\u00fcr Hei\u00dfklebestifte\u00a0und Hei\u00dfklebepistolen in Europa. Wir bieten das gr\u00f6\u00dfte Sortiment an geformten Hei\u00dfschmelzklebstoffen sowie speziell daf\u00fcr entwickelten Auftragsger\u00e4ten in der Welt.\u00a0Die Klebstoffe von Power Adhesives werden von unseren internationalen Vertriebsh\u00e4ndlern unter dem Markennamen\u00a0TECBOND\u00ae, und unsere Klebepistolen unter der Marke TEC\u2122 vertrieben. Wir entwickeln, fertigen und vertreiben seit \u00fcber [&hellip;]<\/p>\n","protected":false},"author":2,"featured_media":0,"parent":0,"menu_order":0,"comment_status":"closed","ping_status":"open","template":"","meta":[],"acf":[],"_links":{"self":[{"href":"https:\/\/oldpower.overheardatpower.co.uk\/de\/wp-json\/wp\/v2\/pages\/651"}],"collection":[{"href":"https:\/\/oldpower.overheardatpower.co.uk\/de\/wp-json\/wp\/v2\/pages"}],"about":[{"href":"https:\/\/oldpower.overheardatpower.co.uk\/de\/wp-json\/wp\/v2\/types\/page"}],"author":[{"embeddable":true,"href":"https:\/\/oldpower.overheardatpower.co.uk\/de\/wp-json\/wp\/v2\/users\/2"}],"replies":[{"embeddable":true,"href":"https:\/\/oldpower.overheardatpower.co.uk\/de\/wp-json\/wp\/v2\/comments?post=651"}],"version-history":[{"count":2,"href":"https:\/\/oldpower.overheardatpower.co.uk\/de\/wp-json\/wp\/v2\/pages\/651\/revisions"}],"predecessor-version":[{"id":733,"href":"https:\/\/oldpower.overheardatpower.co.uk\/de\/wp-json\/wp\/v2\/pages\/651\/revisions\/733"}],"wp:attachment":[{"href":"https:\/\/oldpower.overheardatpower.co.uk\/de\/wp-json\/wp\/v2\/media?parent=651"}],"curies":[{"name":"wp","href":"https:\/\/api.w.org\/{rel}","templated":true}]}}