{"id":2247,"date":"2018-09-12T10:34:28","date_gmt":"2018-09-12T09:34:28","guid":{"rendered":"https:\/\/oldpower.overheardatpower.co.uk\/de\/losungen\/tecbond-adhesives-bulk-hot-melt"},"modified":"2018-10-09T09:29:36","modified_gmt":"2018-10-09T08:29:36","slug":"tecbond-bulk-schmelzklebstoffe","status":"publish","type":"page","link":"https:\/\/oldpower.overheardatpower.co.uk\/de\/losungen\/tecbond-bulk-schmelzklebstoffe","title":{"rendered":"Tecbond Bulk-Schmelzklebstoffe"},"content":{"rendered":"<p>Die Bulk-Klebstoffe aus dem Sortiment der tecbond Schmelzklebstoffe bieten ausgezeichnete Leistung in einer gro\u00dfen Bandbreite von Anwendungen.<\/p>\n<p>Als f\u00fchrender Hersteller von Schmelzklebstoffen kann Power Adhesives Klebstoffe auf Basis von EVA, APAO, Metallocen und Polyamid anbieten.<\/p>\n<p>Power Adhesives kann Ihnen bei der Wahl des optimalen Klebstoffes f\u00fcr Ihre Anwendung helfen, von Verpackungen bis zur hoch belastbaren Produkt-Montage.<\/p>\n<p>Unsere Schmelzklebstoffe f\u00fcr Verpackungen werden als leicht sch\u00fcttbares Granulat geliefert, was das Nachf\u00fcllen leicht macht. Die Formulierungen sind geruchsarm und hitzebest\u00e4ndig, so da\u00df die Maschinen sauber bleiben.<\/p>\n<p>Eine gro\u00dfe Auswahl an Verpackungs-Klebstoffen bieten gute Hitze- und K\u00e4ltebest\u00e4ndigkeit, haften auf schwierigen Oberfl\u00e4chen (wie zB Lackierungen), und sind f\u00fcr Anwendungen wie hei\u00df bef\u00fcllte oder Mikrowellen-Verpackungen, Gefriergut oder Rieselschutz geeignet.<\/p>\n<p>Schmelzklebstoffe f\u00fcr die Produktmontage sind je nach Formulierung als Granulate und Kissen verf\u00fcgbar. Granulate werden f\u00fcr sch\u00fcttbare Klebstoffe verwendet, und Kissen f\u00fcr Haftklebstoffe und solche mit langer Offenzeit.<\/p>\n<p>Tecbond Bulk-Schmelzklebstoffe k\u00f6nnen in den meisten Schmelztanks verarbeitet werden. Wir bieten Formulierungen f\u00fcr Punkt-, Linien- und Spr\u00fchauftrag.<\/p>\n<p>Wir k\u00f6nnen mit unseren Kunden zusammenarbeiten, um ma\u00dfgeschneiderte L\u00f6sungen zu entwickeln, und spezielle Produkte f\u00fcr Ihren Bedarf zu fertigen.<\/p>\n","protected":false},"excerpt":{"rendered":"<p>Die Bulk-Klebstoffe aus dem Sortiment der tecbond Schmelzklebstoffe bieten ausgezeichnete Leistung in einer gro\u00dfen Bandbreite von Anwendungen. Als f\u00fchrender Hersteller von Schmelzklebstoffen kann Power Adhesives Klebstoffe auf Basis von EVA, APAO, Metallocen und Polyamid anbieten. Power Adhesives kann Ihnen bei der Wahl des optimalen Klebstoffes f\u00fcr Ihre Anwendung helfen, von Verpackungen bis zur hoch belastbaren [&hellip;]<\/p>\n","protected":false},"author":1,"featured_media":2231,"parent":947,"menu_order":0,"comment_status":"closed","ping_status":"closed","template":"","meta":[],"acf":[],"_links":{"self":[{"href":"https:\/\/oldpower.overheardatpower.co.uk\/de\/wp-json\/wp\/v2\/pages\/2247"}],"collection":[{"href":"https:\/\/oldpower.overheardatpower.co.uk\/de\/wp-json\/wp\/v2\/pages"}],"about":[{"href":"https:\/\/oldpower.overheardatpower.co.uk\/de\/wp-json\/wp\/v2\/types\/page"}],"author":[{"embeddable":true,"href":"https:\/\/oldpower.overheardatpower.co.uk\/de\/wp-json\/wp\/v2\/users\/1"}],"replies":[{"embeddable":true,"href":"https:\/\/oldpower.overheardatpower.co.uk\/de\/wp-json\/wp\/v2\/comments?post=2247"}],"version-history":[{"count":4,"href":"https:\/\/oldpower.overheardatpower.co.uk\/de\/wp-json\/wp\/v2\/pages\/2247\/revisions"}],"predecessor-version":[{"id":2255,"href":"https:\/\/oldpower.overheardatpower.co.uk\/de\/wp-json\/wp\/v2\/pages\/2247\/revisions\/2255"}],"up":[{"embeddable":true,"href":"https:\/\/oldpower.overheardatpower.co.uk\/de\/wp-json\/wp\/v2\/pages\/947"}],"wp:featuredmedia":[{"embeddable":true,"href":"https:\/\/oldpower.overheardatpower.co.uk\/de\/wp-json\/wp\/v2\/media\/2231"}],"wp:attachment":[{"href":"https:\/\/oldpower.overheardatpower.co.uk\/de\/wp-json\/wp\/v2\/media?parent=2247"}],"curies":[{"name":"wp","href":"https:\/\/api.w.org\/{rel}","templated":true}]}}