{"id":1045,"date":"2017-03-15T09:23:24","date_gmt":"2017-03-15T09:23:24","guid":{"rendered":"http:\/\/de.power.paltd.net\/?page_id=1045"},"modified":"2018-02-05T10:51:00","modified_gmt":"2018-02-05T10:51:00","slug":"vactac-schmelzklebstoffe-fuer-die-vakuum-infusion","status":"publish","type":"page","link":"https:\/\/oldpower.overheardatpower.co.uk\/de\/losungen\/vactac-schmelzklebstoffe-fuer-die-vakuum-infusion","title":{"rendered":"Vactac Schmelzklebstoffe f\u00fcr die Vakuum-Infusion"},"content":{"rendered":"<p>Vactac Schmelzklebstoffe wurde speziell f\u00fcr die Verwendung in der Fertigung von Komposit-Bauteilen im Vakuum-Infusions-Verfahren entwickelt. Es handelt sich um Positionierungs-Klebstoffe, die Gewebe, Folien, Kernmaterialien, Verst\u00e4rkungselemente, Harz- und Vakuum-Schl\u00e4uche sowie andere Einleger in der Form sicher an Ort und Stelle festhalten. Sie werden mit unseren speziellen Hei\u00dfklebepistolen im partikelfreien swirl-Auftrag aufgebracht. Die Klebstoffe haben bis zu 5 Minuten Offenzeit mit sehr hoher Haftung.<\/p>\n<p>Falls n\u00f6tig k\u00f6nnen Einleger nochmals entfernt und in eine andere Position gebracht werden. Erst wenn beide Oberfl\u00e4chen fest verpre\u00dft werden, ist die Klebung tats\u00e4chlich endfest.<\/p>\n<p>Beim partikelfreien swirl-Auftrag von vactac wird kein Klebstoff atomisiert, so da\u00df kein overspray entsteht und keine Atemschutzmasken getragen werden m\u00fcssen. Der Klebstoff ben\u00f6tigt keine besondere Verpackung, Transport oder Lagerung und hat eine unbegrenzte Lagerhaltbarkeit.<\/p>\n<p>Vactac besteht zu 100% aus Feststoff u nd enth\u00e4lt weder L\u00f6sungsmittel noch Wasser.<\/p>\n","protected":false},"excerpt":{"rendered":"<p>Vactac Schmelzklebstoffe wurde speziell f\u00fcr die Verwendung in der Fertigung von Komposit-Bauteilen im Vakuum-Infusions-Verfahren entwickelt. Es handelt sich um Positionierungs-Klebstoffe, die Gewebe, Folien, Kernmaterialien, Verst\u00e4rkungselemente, Harz- und Vakuum-Schl\u00e4uche sowie andere Einleger in der Form sicher an Ort und Stelle festhalten. Sie werden mit unseren speziellen Hei\u00dfklebepistolen im partikelfreien swirl-Auftrag aufgebracht. Die Klebstoffe haben bis zu [&hellip;]<\/p>\n","protected":false},"author":1,"featured_media":2705,"parent":947,"menu_order":0,"comment_status":"closed","ping_status":"closed","template":"","meta":[],"acf":[],"_links":{"self":[{"href":"https:\/\/oldpower.overheardatpower.co.uk\/de\/wp-json\/wp\/v2\/pages\/1045"}],"collection":[{"href":"https:\/\/oldpower.overheardatpower.co.uk\/de\/wp-json\/wp\/v2\/pages"}],"about":[{"href":"https:\/\/oldpower.overheardatpower.co.uk\/de\/wp-json\/wp\/v2\/types\/page"}],"author":[{"embeddable":true,"href":"https:\/\/oldpower.overheardatpower.co.uk\/de\/wp-json\/wp\/v2\/users\/1"}],"replies":[{"embeddable":true,"href":"https:\/\/oldpower.overheardatpower.co.uk\/de\/wp-json\/wp\/v2\/comments?post=1045"}],"version-history":[{"count":5,"href":"https:\/\/oldpower.overheardatpower.co.uk\/de\/wp-json\/wp\/v2\/pages\/1045\/revisions"}],"predecessor-version":[{"id":1735,"href":"https:\/\/oldpower.overheardatpower.co.uk\/de\/wp-json\/wp\/v2\/pages\/1045\/revisions\/1735"}],"up":[{"embeddable":true,"href":"https:\/\/oldpower.overheardatpower.co.uk\/de\/wp-json\/wp\/v2\/pages\/947"}],"wp:featuredmedia":[{"embeddable":true,"href":"https:\/\/oldpower.overheardatpower.co.uk\/de\/wp-json\/wp\/v2\/media\/2705"}],"wp:attachment":[{"href":"https:\/\/oldpower.overheardatpower.co.uk\/de\/wp-json\/wp\/v2\/media?parent=1045"}],"curies":[{"name":"wp","href":"https:\/\/api.w.org\/{rel}","templated":true}]}}