{"id":1043,"date":"2017-03-15T09:20:33","date_gmt":"2017-03-15T09:20:33","guid":{"rendered":"http:\/\/de.power.paltd.net\/?page_id=1043"},"modified":"2018-02-05T10:54:06","modified_gmt":"2018-02-05T10:54:06","slug":"tecbond-schmelzklebstoffe","status":"publish","type":"page","link":"https:\/\/oldpower.overheardatpower.co.uk\/de\/losungen\/tecbond-schmelzklebstoffe","title":{"rendered":"Tecbond Schmelzklebstoffe"},"content":{"rendered":"<p>Tecbond Schmelzklebstoffe bieten sofortige, dauerhafte Klebung von nahezu allen Materialien. Diese l\u00f6sungsmittelfreien Klebstoffe sind ideal f\u00fcr industrielle Serienfertigung. Die Klebstoff-Stifte in den Durchmessern 12mm, 15mm und 43mm werden einfach in die Kammer der Hei\u00dfklebepistole eingelegt. Dort schmilzt der Klebstoff und wird durch Bet\u00e4tigen des Abzugs in fl\u00fcssiger Form ausgebracht.<\/p>\n<p>Schmelzklebstoffe k\u00f6nnen nahezu alle Materialien kleben, so lange die Bauteile gef\u00fcgt werden, w\u00e4hrend der Klebstoff noch fl\u00fcssig ist. Geschmolzener Klebstoff wird auf ein Bauteil aufgetragen, und die Bauteile werden gef\u00fcgt. Der Klebstoff k\u00fchlt ab und erstarrt, was die Klebung erzielt.<\/p>\n<p>Die Offenzeiten unserer Klebstoffe reichen von wenigen Sekunden f\u00fcr schnelle industrielle Prozesse bis hin zu mehreren Minuten f\u00fcr gro\u00dfe Montagen und manuelle Prozesse. Die tats\u00e4chliche Offenzeit h\u00e4ngt von einer Reihe von Faktoren ab, wie der Umgebungstemperatur, der Temperatur der Substrate sowie deren W\u00e4rmeleitf\u00e4higkeit, sowie der Menge des aufgetragenen Klebstoffes und der Form (Punkt oder Linie).<\/p>\n<p>Tecbond Schmelzklebstoffe bestehen zu 100% aus Feststoff, sind ungiftig und enthalten weder L\u00f6sungsmittel noch Wasser. Die geklebten Bauteile sind geruchsfrei und setzen keinen Schimmel an.<\/p>\n<p>Die Tecbond Klebstoffe ben\u00f6tigen keine besondere Verpackung, Transport oder Lagerung, und haben eine unbegrenzte Lagerhaltbarkeit.<\/p>\n","protected":false},"excerpt":{"rendered":"<p>Tecbond Schmelzklebstoffe bieten sofortige, dauerhafte Klebung von nahezu allen Materialien. Diese l\u00f6sungsmittelfreien Klebstoffe sind ideal f\u00fcr industrielle Serienfertigung. Die Klebstoff-Stifte in den Durchmessern 12mm, 15mm und 43mm werden einfach in die Kammer der Hei\u00dfklebepistole eingelegt. Dort schmilzt der Klebstoff und wird durch Bet\u00e4tigen des Abzugs in fl\u00fcssiger Form ausgebracht. Schmelzklebstoffe k\u00f6nnen nahezu alle Materialien kleben, [&hellip;]<\/p>\n","protected":false},"author":1,"featured_media":2697,"parent":947,"menu_order":0,"comment_status":"closed","ping_status":"closed","template":"","meta":[],"acf":[],"_links":{"self":[{"href":"https:\/\/oldpower.overheardatpower.co.uk\/de\/wp-json\/wp\/v2\/pages\/1043"}],"collection":[{"href":"https:\/\/oldpower.overheardatpower.co.uk\/de\/wp-json\/wp\/v2\/pages"}],"about":[{"href":"https:\/\/oldpower.overheardatpower.co.uk\/de\/wp-json\/wp\/v2\/types\/page"}],"author":[{"embeddable":true,"href":"https:\/\/oldpower.overheardatpower.co.uk\/de\/wp-json\/wp\/v2\/users\/1"}],"replies":[{"embeddable":true,"href":"https:\/\/oldpower.overheardatpower.co.uk\/de\/wp-json\/wp\/v2\/comments?post=1043"}],"version-history":[{"count":2,"href":"https:\/\/oldpower.overheardatpower.co.uk\/de\/wp-json\/wp\/v2\/pages\/1043\/revisions"}],"predecessor-version":[{"id":1737,"href":"https:\/\/oldpower.overheardatpower.co.uk\/de\/wp-json\/wp\/v2\/pages\/1043\/revisions\/1737"}],"up":[{"embeddable":true,"href":"https:\/\/oldpower.overheardatpower.co.uk\/de\/wp-json\/wp\/v2\/pages\/947"}],"wp:featuredmedia":[{"embeddable":true,"href":"https:\/\/oldpower.overheardatpower.co.uk\/de\/wp-json\/wp\/v2\/media\/2697"}],"wp:attachment":[{"href":"https:\/\/oldpower.overheardatpower.co.uk\/de\/wp-json\/wp\/v2\/media?parent=1043"}],"curies":[{"name":"wp","href":"https:\/\/api.w.org\/{rel}","templated":true}]}}