{"id":1037,"date":"2017-03-14T16:48:24","date_gmt":"2017-03-14T16:48:24","guid":{"rendered":"http:\/\/de.power.paltd.net\/?page_id=1037"},"modified":"2020-02-14T07:08:02","modified_gmt":"2020-02-14T07:08:02","slug":"tackfix-akryl-basierter-schmelzklebstoff","status":"publish","type":"page","link":"https:\/\/oldpower.overheardatpower.co.uk\/de\/losungen\/tackfix-akryl-basierter-schmelzklebstoff","title":{"rendered":"Tackfix Akryl-basierter Schmelzklebstoff"},"content":{"rendered":"<p>Tackfix 48 ist das schnellste, st\u00e4rkste Schmelzklebstoff-System auf dem Markt und schl\u00e4gt alle Wettbewerber. Dieser ungiftige Schmelzklebstoff wurde so formuliert, da\u00df er in allen g\u00e4ngigen Hei\u00dfklebepistolen verarbeitet warden kann. Sein Flie\u00dfverhalten optimiert den Austrag je Bet\u00e4tigung des Abzugs, was l\u00e4ngere Klebstoff-Linien oder gro\u00dffl\u00e4chigen Auftrag erleichtert. Die gute Hitzebest\u00e4ndigkeit von Tackfix 48 bedeutet, da\u00df die Stifte sich bei Lagerung in hohen Temperaturen nicht verziehen, und da\u00df der Klebstoff nicht leidet, wenn eine Hei\u00dfklebepistole l\u00e4nger ohne Benutzung eingeschaltet bleibt.<\/p>\n<p>Tackfix 48 ist eine schnelle und einfache Alternative zu mechanischen Befestigungsmethoden f\u00fcr Teppich-Spann-Leisten, \u00dcbergangs-Schienen, Fliesen und anderen Bauteilen. Der geschmolzene Klebstoff wird auf eine Oberfl\u00e4che aufgetragen, die Bauteile warden verpre\u00dft, und eine sofortige Klebung findet statt. Teppiche k\u00f6nnen innerhalb von Minuten vorgespannt werden, Fliesen k\u00f6nnen sofort positioniert werden ohne abzusacken, und der Klebstoff kann als dritte Hand oder chemischen Niet eingesetzt werden, um Bauteile an Ort und Stelle festzuhalten. Tackfix 48 ist kein durchschnittlicher Schmelzklebstoff. Seine Leistungsf\u00e4higkeit macht Ihr Leben leichter.<\/p>\n","protected":false},"excerpt":{"rendered":"<p>Tackfix 48 ist das schnellste, st\u00e4rkste Schmelzklebstoff-System auf dem Markt und schl\u00e4gt alle Wettbewerber. Dieser ungiftige Schmelzklebstoff wurde so formuliert, da\u00df er in allen g\u00e4ngigen Hei\u00dfklebepistolen verarbeitet warden kann. Sein Flie\u00dfverhalten optimiert den Austrag je Bet\u00e4tigung des Abzugs, was l\u00e4ngere Klebstoff-Linien oder gro\u00dffl\u00e4chigen Auftrag erleichtert. Die gute Hitzebest\u00e4ndigkeit von Tackfix 48 bedeutet, da\u00df die Stifte [&hellip;]<\/p>\n","protected":false},"author":1,"featured_media":2733,"parent":947,"menu_order":0,"comment_status":"closed","ping_status":"closed","template":"","meta":[],"acf":[],"_links":{"self":[{"href":"https:\/\/oldpower.overheardatpower.co.uk\/de\/wp-json\/wp\/v2\/pages\/1037"}],"collection":[{"href":"https:\/\/oldpower.overheardatpower.co.uk\/de\/wp-json\/wp\/v2\/pages"}],"about":[{"href":"https:\/\/oldpower.overheardatpower.co.uk\/de\/wp-json\/wp\/v2\/types\/page"}],"author":[{"embeddable":true,"href":"https:\/\/oldpower.overheardatpower.co.uk\/de\/wp-json\/wp\/v2\/users\/1"}],"replies":[{"embeddable":true,"href":"https:\/\/oldpower.overheardatpower.co.uk\/de\/wp-json\/wp\/v2\/comments?post=1037"}],"version-history":[{"count":3,"href":"https:\/\/oldpower.overheardatpower.co.uk\/de\/wp-json\/wp\/v2\/pages\/1037\/revisions"}],"predecessor-version":[{"id":2547,"href":"https:\/\/oldpower.overheardatpower.co.uk\/de\/wp-json\/wp\/v2\/pages\/1037\/revisions\/2547"}],"up":[{"embeddable":true,"href":"https:\/\/oldpower.overheardatpower.co.uk\/de\/wp-json\/wp\/v2\/pages\/947"}],"wp:featuredmedia":[{"embeddable":true,"href":"https:\/\/oldpower.overheardatpower.co.uk\/de\/wp-json\/wp\/v2\/media\/2733"}],"wp:attachment":[{"href":"https:\/\/oldpower.overheardatpower.co.uk\/de\/wp-json\/wp\/v2\/media?parent=1037"}],"curies":[{"name":"wp","href":"https:\/\/api.w.org\/{rel}","templated":true}]}}