{"id":1032,"date":"2017-03-14T11:32:25","date_gmt":"2017-03-14T11:32:25","guid":{"rendered":"http:\/\/de.power.paltd.net\/?page_id=1032"},"modified":"2017-03-14T11:32:25","modified_gmt":"2017-03-14T11:32:25","slug":"peeltec-abloesbare-schmelzklebstoffe","status":"publish","type":"page","link":"https:\/\/oldpower.overheardatpower.co.uk\/de\/losungen\/peeltec-abloesbare-schmelzklebstoffe","title":{"rendered":"Peeltec \u2013 abl\u00f6sbare Schmelzklebstoffe"},"content":{"rendered":"<p>Abl\u00f6sbare Schmelzklebstoffe sind \u00fcblicherweise so weich wie Haftklebstoffe, was es unm\u00f6glich macht, sie in Stiftform zu extrudieren, und diese Stifte in einer Hei\u00dfklebepistole zu verarbeiten, weil die Stifte sich biegen oder unter Druck anschwellen und im Pistolenlauf verklemmen.<\/p>\n<p>Peeltec 210 ist eine spezielle Formulierung, die dieses Problem nicht hat. Die 12mm Stifte k\u00f6nnen problemlos in 12mm Hei\u00dfklebepistolen verarbeitet werden, und ben\u00f6tigen keine speziellen Auftragsger\u00e4te.<\/p>\n<p>Als abl\u00f6sbarer Schmelzklebstoff kann peeltec 210 nach dem Abk\u00fchlen und erstarren r\u00fcckstandslos wieder von den Substraten entfernt werden. Bei sparsamem Auftrag und niedrigen Auftragstemperaturen besch\u00e4digt peeltec 210 die Substrate nicht und erzeugt tempor\u00e4re Klebungen auf den meisten Kunststoffen, vielen Papieren und Kartonagen. Wir empfehlen, vor Serienseinsatz Versuche mit den zu klebenden Materialien durchzuf\u00fchren.<\/p>\n<p>Andere abl\u00f6sbare Klebstoffe ben\u00f6tigen spezielle Auftragsger\u00e4te, die wenig komfortabel sind und oft verringerte Produktivit\u00e4t bieten. Der Einsatz in Standard-Hei\u00dfklebepistolen wie der preiswerten tec 305 bietet Kostensparpotentiale und verbesserten Benutzerkomfort.<\/p>\n","protected":false},"excerpt":{"rendered":"<p>Abl\u00f6sbare Schmelzklebstoffe sind \u00fcblicherweise so weich wie Haftklebstoffe, was es unm\u00f6glich macht, sie in Stiftform zu extrudieren, und diese Stifte in einer Hei\u00dfklebepistole zu verarbeiten, weil die Stifte sich biegen oder unter Druck anschwellen und im Pistolenlauf verklemmen. Peeltec 210 ist eine spezielle Formulierung, die dieses Problem nicht hat. Die 12mm Stifte k\u00f6nnen problemlos in [&hellip;]<\/p>\n","protected":false},"author":1,"featured_media":803,"parent":947,"menu_order":0,"comment_status":"closed","ping_status":"closed","template":"","meta":[],"acf":[],"_links":{"self":[{"href":"https:\/\/oldpower.overheardatpower.co.uk\/de\/wp-json\/wp\/v2\/pages\/1032"}],"collection":[{"href":"https:\/\/oldpower.overheardatpower.co.uk\/de\/wp-json\/wp\/v2\/pages"}],"about":[{"href":"https:\/\/oldpower.overheardatpower.co.uk\/de\/wp-json\/wp\/v2\/types\/page"}],"author":[{"embeddable":true,"href":"https:\/\/oldpower.overheardatpower.co.uk\/de\/wp-json\/wp\/v2\/users\/1"}],"replies":[{"embeddable":true,"href":"https:\/\/oldpower.overheardatpower.co.uk\/de\/wp-json\/wp\/v2\/comments?post=1032"}],"version-history":[{"count":1,"href":"https:\/\/oldpower.overheardatpower.co.uk\/de\/wp-json\/wp\/v2\/pages\/1032\/revisions"}],"predecessor-version":[{"id":1033,"href":"https:\/\/oldpower.overheardatpower.co.uk\/de\/wp-json\/wp\/v2\/pages\/1032\/revisions\/1033"}],"up":[{"embeddable":true,"href":"https:\/\/oldpower.overheardatpower.co.uk\/de\/wp-json\/wp\/v2\/pages\/947"}],"wp:featuredmedia":[{"embeddable":true,"href":"https:\/\/oldpower.overheardatpower.co.uk\/de\/wp-json\/wp\/v2\/media\/803"}],"wp:attachment":[{"href":"https:\/\/oldpower.overheardatpower.co.uk\/de\/wp-json\/wp\/v2\/media?parent=1032"}],"curies":[{"name":"wp","href":"https:\/\/api.w.org\/{rel}","templated":true}]}}