{"id":1028,"date":"2017-03-14T11:24:33","date_gmt":"2017-03-14T11:24:33","guid":{"rendered":"http:\/\/de.power.paltd.net\/?page_id=1028"},"modified":"2017-05-03T12:21:58","modified_gmt":"2017-05-03T11:21:58","slug":"hobbytec-schmelzklebstoffe-fuer-hobby-und-basteln","status":"publish","type":"page","link":"https:\/\/oldpower.overheardatpower.co.uk\/de\/losungen\/hobbytec-schmelzklebstoffe-fuer-hobby-und-basteln","title":{"rendered":"Hobbytec \u2013 Schmelzklebstoffe f\u00fcr Hobby und Basteln"},"content":{"rendered":"<p>Unsere Schmelzklebstoffe f\u00fcr Hei\u00df- und Niedrigtemperatur-Auftrag warden weltweit f\u00fcr Anwendungen in Hobby und Basteln eingesetzt \u2013 vom einfachen Papp-Mach\u00e9-Ballon bis zur filigranen venezianischen Karnevalsmaske.<\/p>\n<p>Wir haben ein Sortiment von aufeinander abgestimmten Klebstoffen und Klebepistolen enntwickelt, die f\u00fcr diese Art von Anwendungen ideal ist. Der Klebstoff tecbond 240, zum Beispiel, ist jetzt in 12 Faben erh\u00e4ltlich und bietet eine lange Offenzeit f\u00fcr komplizierte Projekte.<\/p>\n<p>Die Klebepistolen, die wir \u00fcber die Jahre hinweg entwickelt haben, sind f\u00fcr den Einsatz f\u00fcr Hobby und Basteln ideal geeignet: geringes Gewichte, komfortabler Griff und leichte Bedienung. Die tec 305 in Kombination mit der Feind\u00fcse ist ein typisches Beispiel f\u00fcr das richtige Werkzeug f\u00fcr pr\u00e4zise Arbeiten.<\/p>\n","protected":false},"excerpt":{"rendered":"<p>Unsere Schmelzklebstoffe f\u00fcr Hei\u00df- und Niedrigtemperatur-Auftrag warden weltweit f\u00fcr Anwendungen in Hobby und Basteln eingesetzt \u2013 vom einfachen Papp-Mach\u00e9-Ballon bis zur filigranen venezianischen Karnevalsmaske. Wir haben ein Sortiment von aufeinander abgestimmten Klebstoffen und Klebepistolen enntwickelt, die f\u00fcr diese Art von Anwendungen ideal ist. Der Klebstoff tecbond 240, zum Beispiel, ist jetzt in 12 Faben erh\u00e4ltlich [&hellip;]<\/p>\n","protected":false},"author":1,"featured_media":2683,"parent":947,"menu_order":0,"comment_status":"closed","ping_status":"closed","template":"","meta":[],"acf":[],"_links":{"self":[{"href":"https:\/\/oldpower.overheardatpower.co.uk\/de\/wp-json\/wp\/v2\/pages\/1028"}],"collection":[{"href":"https:\/\/oldpower.overheardatpower.co.uk\/de\/wp-json\/wp\/v2\/pages"}],"about":[{"href":"https:\/\/oldpower.overheardatpower.co.uk\/de\/wp-json\/wp\/v2\/types\/page"}],"author":[{"embeddable":true,"href":"https:\/\/oldpower.overheardatpower.co.uk\/de\/wp-json\/wp\/v2\/users\/1"}],"replies":[{"embeddable":true,"href":"https:\/\/oldpower.overheardatpower.co.uk\/de\/wp-json\/wp\/v2\/comments?post=1028"}],"version-history":[{"count":2,"href":"https:\/\/oldpower.overheardatpower.co.uk\/de\/wp-json\/wp\/v2\/pages\/1028\/revisions"}],"predecessor-version":[{"id":1107,"href":"https:\/\/oldpower.overheardatpower.co.uk\/de\/wp-json\/wp\/v2\/pages\/1028\/revisions\/1107"}],"up":[{"embeddable":true,"href":"https:\/\/oldpower.overheardatpower.co.uk\/de\/wp-json\/wp\/v2\/pages\/947"}],"wp:featuredmedia":[{"embeddable":true,"href":"https:\/\/oldpower.overheardatpower.co.uk\/de\/wp-json\/wp\/v2\/media\/2683"}],"wp:attachment":[{"href":"https:\/\/oldpower.overheardatpower.co.uk\/de\/wp-json\/wp\/v2\/media?parent=1028"}],"curies":[{"name":"wp","href":"https:\/\/api.w.org\/{rel}","templated":true}]}}