{"id":1024,"date":"2017-03-14T10:14:28","date_gmt":"2017-03-14T10:14:28","guid":{"rendered":"http:\/\/de.power.paltd.net\/?page_id=1024"},"modified":"2017-07-24T16:11:15","modified_gmt":"2017-07-24T15:11:15","slug":"skimender-skibelagsreparaturen","status":"publish","type":"page","link":"https:\/\/oldpower.overheardatpower.co.uk\/de\/losungen\/skimender-skibelagsreparaturen","title":{"rendered":"Skimender \u2013 Skibelagsreparaturen"},"content":{"rendered":"<p>Das skimender System ist die ideale Methode zur Reparatur von Ski- und Snoboard-Bel\u00e4gen.<\/p>\n<p>F\u00fcr schnelle Reparturen \u201cim Feld\u201d k\u00f6nnen die skimender Reparatur-Stifte zusammen mit der Pistole RP105 verwendet warden. Dieses Ger\u00e4t schmilzt das Reparatur-Material bedarfsgesteuert auf und f\u00f6rdert es durch Bet\u00e4tigen des Abzugs zum flachen Auftragskopf. Das fl\u00fcssige Belagsmaterial wird mit dem hei\u00dfen Auftragskopf langsam in die Besch\u00e4digung hinein\u201cgeb\u00fcgelt\u201c. Die Pistole wird mit einem praktischen Metallst\u00e4nder und einer Silikonmatte zum Auffangen von Tropfen geliefert.<\/p>\n<p>Die Reparaturpistole RP105 ist leicht zu handhaben. Zuerst wird ein Reparaturstift eingef\u00fchrt. Nach Bet\u00e4tigen des beleuchteten Netzschalters ben\u00f6tigt sie eine Aufw\u00e4rmzeit von 15 bis 20 Minuten. Sobald die Betriebstemperatur erreicht ist, kann der Abzug zum Ausbringen des fl\u00fcssigen Reparaturmaterials bet\u00e4tigt werden.<\/p>\n<p>F\u00fcr gewerblichen Einsatz und permanente Reparaturen bieten wir die Reparaturpistole RP360 an. Mit dieser Pistole werden permanente Reparaturen schnell und leicht durchgef\u00fchrt.<\/p>\n<p>Die Benutzung der RP360 ist ebenso einfach wie die der RP105: Stift einf\u00fchren, Ger\u00e4t einschalten, 5 \u2013 10 Minuten aufheizen lassen, Abzug bet\u00e4tigen. Die Menge des ausgebrachten fl\u00fcssigen Reparaturmaterials h\u00e4ngt wird \u00fcber den Abzug gesteuert und \u00fcber den einzigartige, auf besonders hohe Temperatur beheizten Auftragskopf ausgebracht.<\/p>\n<p>Kein anderes System zur Reparatur von Skibel\u00e4gen unter Einsatz von Hei\u00dfklebepistolen operiert im gleichen Temperaturbereich wie die RP360. Der Auftragskopf wird durch sein separates Heizelement auf eine Temperatur erhitzt, die nahe am Schmelzpunkt des originalen Skibelags liegt. Der gro\u00dfe flache Kopf w\u00e4rmt den Skibelag vor, um eine vollst\u00e4ndige Verschmelzung des fl\u00fcssigen Reparaturmaterials mit dem Skibelag zu erzielen. Kratzer werden nicht nur gef\u00fcllt, sondern ein neuer Belag wird in dem Bereich aufgeschwei\u00dft. Die Reparatur ist absolut permanent.<\/p>\n<p>Als weitere Reparaturl\u00f6sung sind Kerzen aus dem gleichen Material erh\u00e4ltlich. Diese k\u00f6nnen abgebrannt oder anderweitig geschmolzen werden, um damit Kratzer im Skibelag zu f\u00fcllen. Diese Kerzen in Abmessungen 8mm Durchmesser und 20cm L\u00e4nge, sowie die Stifte f\u00fcr die Reparaturpistolen in Abmessungen 12mm Durchmesser und 20cm L\u00e4nge, sind in verschiedensten Gebindegr\u00f6\u00dfen erh\u00e4ltlich. Beide Produkte werden sowohl transparent als auch schwarz angeboten. Nach dem Erkalten der Reparatur sollte die Oberfl\u00e4che mit dem skimender Schaber gegl\u00e4ttet werden.<\/p>\n","protected":false},"excerpt":{"rendered":"<p>Das skimender System ist die ideale Methode zur Reparatur von Ski- und Snoboard-Bel\u00e4gen. F\u00fcr schnelle Reparturen \u201cim Feld\u201d k\u00f6nnen die skimender Reparatur-Stifte zusammen mit der Pistole RP105 verwendet warden. Dieses Ger\u00e4t schmilzt das Reparatur-Material bedarfsgesteuert auf und f\u00f6rdert es durch Bet\u00e4tigen des Abzugs zum flachen Auftragskopf. Das fl\u00fcssige Belagsmaterial wird mit dem hei\u00dfen Auftragskopf langsam [&hellip;]<\/p>\n","protected":false},"author":1,"featured_media":2709,"parent":947,"menu_order":0,"comment_status":"closed","ping_status":"closed","template":"","meta":[],"acf":[],"_links":{"self":[{"href":"https:\/\/oldpower.overheardatpower.co.uk\/de\/wp-json\/wp\/v2\/pages\/1024"}],"collection":[{"href":"https:\/\/oldpower.overheardatpower.co.uk\/de\/wp-json\/wp\/v2\/pages"}],"about":[{"href":"https:\/\/oldpower.overheardatpower.co.uk\/de\/wp-json\/wp\/v2\/types\/page"}],"author":[{"embeddable":true,"href":"https:\/\/oldpower.overheardatpower.co.uk\/de\/wp-json\/wp\/v2\/users\/1"}],"replies":[{"embeddable":true,"href":"https:\/\/oldpower.overheardatpower.co.uk\/de\/wp-json\/wp\/v2\/comments?post=1024"}],"version-history":[{"count":3,"href":"https:\/\/oldpower.overheardatpower.co.uk\/de\/wp-json\/wp\/v2\/pages\/1024\/revisions"}],"predecessor-version":[{"id":1145,"href":"https:\/\/oldpower.overheardatpower.co.uk\/de\/wp-json\/wp\/v2\/pages\/1024\/revisions\/1145"}],"up":[{"embeddable":true,"href":"https:\/\/oldpower.overheardatpower.co.uk\/de\/wp-json\/wp\/v2\/pages\/947"}],"wp:featuredmedia":[{"embeddable":true,"href":"https:\/\/oldpower.overheardatpower.co.uk\/de\/wp-json\/wp\/v2\/media\/2709"}],"wp:attachment":[{"href":"https:\/\/oldpower.overheardatpower.co.uk\/de\/wp-json\/wp\/v2\/media?parent=1024"}],"curies":[{"name":"wp","href":"https:\/\/api.w.org\/{rel}","templated":true}]}}