{"id":1016,"date":"2017-03-13T15:31:54","date_gmt":"2017-03-13T15:31:54","guid":{"rendered":"http:\/\/de.power.paltd.net\/?page_id=1016"},"modified":"2017-03-13T15:31:54","modified_gmt":"2017-03-13T15:31:54","slug":"gas-tec-gasbetriebene-heissklebepistole","status":"publish","type":"page","link":"https:\/\/oldpower.overheardatpower.co.uk\/de\/losungen\/gas-tec-gasbetriebene-heissklebepistole","title":{"rendered":"Gas-tec &#8211; gasbetriebene Hei\u00dfklebepistole"},"content":{"rendered":"<p>Die gas-tec 600 ist eine kabellose, tragbare Hei\u00dfklebepistole. Sie ist robust, kompakt, und wird mit Butangas (Feuerzeugbenzin) betrieben. Dieses Ger\u00e4t zum Auftrag von Schmelzklebstoff ben\u00f6tigt keinen Strom-Netz-Anschlu\u00df, sondern funktioniert ausschlie\u00dflich mit den nachf\u00fcllbaren LEC-Kartuschen (Liquid Energy Cell). Die gas-tec 600 wird nach einem hohen Standard gefertigt und bietet hohen Benutzerkomfort durch einen weichen Griff und 4-Finger-Abzug.<\/p>\n<p>Die gas-tec 600 wird komplett mit zwei LEC Kartuschen geliefert. Diese k\u00f6nnen mit normalem Feuerzeug-Benzin nachgef\u00fcllt werden. Der Nachf\u00fcllvorgang dauert nur 15 Sekunden. Eine Kartusche reicht durchschnittlich f\u00fcr 1 1\/2 Stunden Betrieb.<\/p>\n<p>Die Pistole ist einfach zu aktivieren. Gaszufuhr aufdrehen, und die Piezo-Z\u00fcndung dr\u00fccken. Nach f\u00fcnf Minuten hat die Pistole Betriebstemperatur erreicht. Die Temperatur wird \u00fcber einen Thermostat so gesteuert, da\u00df die Schmelzleistung optimiert wird.<\/p>\n<p>Die kabellose gas-tec 600 Hei\u00dfklebepistole kann f\u00fcr eine gro\u00dfe Bandbreite von Anwendungen eingesetzt werden, wie z.B. Inneneinrichtungen von Ladenlokalen, Messest\u00e4nde, Bodenbel\u00e4ge, Keramik-Fliesen-St\u00e4nder, Niedrig-Spannungs-Verkabelung, Karosserie-Ausbeulen und viele andere mehr.<\/p>\n","protected":false},"excerpt":{"rendered":"<p>Die gas-tec 600 ist eine kabellose, tragbare Hei\u00dfklebepistole. Sie ist robust, kompakt, und wird mit Butangas (Feuerzeugbenzin) betrieben. Dieses Ger\u00e4t zum Auftrag von Schmelzklebstoff ben\u00f6tigt keinen Strom-Netz-Anschlu\u00df, sondern funktioniert ausschlie\u00dflich mit den nachf\u00fcllbaren LEC-Kartuschen (Liquid Energy Cell). Die gas-tec 600 wird nach einem hohen Standard gefertigt und bietet hohen Benutzerkomfort durch einen weichen Griff und [&hellip;]<\/p>\n","protected":false},"author":2,"featured_media":2737,"parent":947,"menu_order":0,"comment_status":"closed","ping_status":"closed","template":"","meta":[],"acf":[],"_links":{"self":[{"href":"https:\/\/oldpower.overheardatpower.co.uk\/de\/wp-json\/wp\/v2\/pages\/1016"}],"collection":[{"href":"https:\/\/oldpower.overheardatpower.co.uk\/de\/wp-json\/wp\/v2\/pages"}],"about":[{"href":"https:\/\/oldpower.overheardatpower.co.uk\/de\/wp-json\/wp\/v2\/types\/page"}],"author":[{"embeddable":true,"href":"https:\/\/oldpower.overheardatpower.co.uk\/de\/wp-json\/wp\/v2\/users\/2"}],"replies":[{"embeddable":true,"href":"https:\/\/oldpower.overheardatpower.co.uk\/de\/wp-json\/wp\/v2\/comments?post=1016"}],"version-history":[{"count":1,"href":"https:\/\/oldpower.overheardatpower.co.uk\/de\/wp-json\/wp\/v2\/pages\/1016\/revisions"}],"predecessor-version":[{"id":1017,"href":"https:\/\/oldpower.overheardatpower.co.uk\/de\/wp-json\/wp\/v2\/pages\/1016\/revisions\/1017"}],"up":[{"embeddable":true,"href":"https:\/\/oldpower.overheardatpower.co.uk\/de\/wp-json\/wp\/v2\/pages\/947"}],"wp:featuredmedia":[{"embeddable":true,"href":"https:\/\/oldpower.overheardatpower.co.uk\/de\/wp-json\/wp\/v2\/media\/2737"}],"wp:attachment":[{"href":"https:\/\/oldpower.overheardatpower.co.uk\/de\/wp-json\/wp\/v2\/media?parent=1016"}],"curies":[{"name":"wp","href":"https:\/\/api.w.org\/{rel}","templated":true}]}}