{"id":1011,"date":"2017-03-13T15:07:38","date_gmt":"2017-03-13T15:07:38","guid":{"rendered":"http:\/\/de.power.paltd.net\/?page_id=1011"},"modified":"2020-02-14T07:22:21","modified_gmt":"2020-02-14T07:22:21","slug":"foundrytec-schmelzklebstoffe-fuer-die-montage-von-kernen-metall-giessereien","status":"publish","type":"page","link":"https:\/\/oldpower.overheardatpower.co.uk\/de\/losungen\/foundrytec-schmelzklebstoffe-fuer-die-montage-von-kernen-metall-giessereien","title":{"rendered":"Foundrytec &#8211; Schmelzklebstoffe f\u00fcr die Montage von Kernen in Metall-Gie\u00dfereien"},"content":{"rendered":"<p>Die foundrytec Schmelzklebstoffe von Power Adhesives sind ein Sortiment von speziell entwickelten Hei\u00dfklebstoffen f\u00fcr die Metallgie\u00dferei. Sie erlauben die rasche und zuverl\u00e4ssige Montage aller Arten von Kernen.<\/p>\n<p>Foundrytec bietet ausgezeichnete Haftung auf Sandkernen, die mit Prozessen wie Cold-Box-, Warm-Box- und Hot-Box-Verfahren sowie dem Shell-Verfahren hergestellt werden, und ist voll kompatibel mit Bindemitteln wie Alpha Set und Beta Set. Bei Anwendung in Warm-Box, Hot-Box und Shell Prozessen m\u00fcssen die Kerne vor Montage erst abk\u00fchlen.<\/p>\n<p>Foundrytec bietet gegen\u00fcber konventionellen wasserbasierten Klebstoffen deutliche Zeiteinsparungen, weil der Klebstoff nicht trocknen mu\u00df und sofort haftet. Der Auftrag ist au\u00dferdem wesentlich pr\u00e4ziser.<\/p>\n<p>Schmelzklebstoffe wie foundrytec haben eine unbeschr\u00e4nkte Lagerhaltbarkeit, so da\u00df kein Risiko besteht, da\u00df Lagerbest\u00e4nde verfallen. Die Arbeitssicherheit wird durch v\u00f6llige Freiheit von fl\u00fcchtigen Stoffen garantiert.<\/p>\n","protected":false},"excerpt":{"rendered":"<p>Die foundrytec Schmelzklebstoffe von Power Adhesives sind ein Sortiment von speziell entwickelten Hei\u00dfklebstoffen f\u00fcr die Metallgie\u00dferei. Sie erlauben die rasche und zuverl\u00e4ssige Montage aller Arten von Kernen. Foundrytec bietet ausgezeichnete Haftung auf Sandkernen, die mit Prozessen wie Cold-Box-, Warm-Box- und Hot-Box-Verfahren sowie dem Shell-Verfahren hergestellt werden, und ist voll kompatibel mit Bindemitteln wie Alpha Set [&hellip;]<\/p>\n","protected":false},"author":2,"featured_media":2717,"parent":947,"menu_order":0,"comment_status":"closed","ping_status":"closed","template":"","meta":[],"acf":[],"_links":{"self":[{"href":"https:\/\/oldpower.overheardatpower.co.uk\/de\/wp-json\/wp\/v2\/pages\/1011"}],"collection":[{"href":"https:\/\/oldpower.overheardatpower.co.uk\/de\/wp-json\/wp\/v2\/pages"}],"about":[{"href":"https:\/\/oldpower.overheardatpower.co.uk\/de\/wp-json\/wp\/v2\/types\/page"}],"author":[{"embeddable":true,"href":"https:\/\/oldpower.overheardatpower.co.uk\/de\/wp-json\/wp\/v2\/users\/2"}],"replies":[{"embeddable":true,"href":"https:\/\/oldpower.overheardatpower.co.uk\/de\/wp-json\/wp\/v2\/comments?post=1011"}],"version-history":[{"count":3,"href":"https:\/\/oldpower.overheardatpower.co.uk\/de\/wp-json\/wp\/v2\/pages\/1011\/revisions"}],"predecessor-version":[{"id":2555,"href":"https:\/\/oldpower.overheardatpower.co.uk\/de\/wp-json\/wp\/v2\/pages\/1011\/revisions\/2555"}],"up":[{"embeddable":true,"href":"https:\/\/oldpower.overheardatpower.co.uk\/de\/wp-json\/wp\/v2\/pages\/947"}],"wp:featuredmedia":[{"embeddable":true,"href":"https:\/\/oldpower.overheardatpower.co.uk\/de\/wp-json\/wp\/v2\/media\/2717"}],"wp:attachment":[{"href":"https:\/\/oldpower.overheardatpower.co.uk\/de\/wp-json\/wp\/v2\/media?parent=1011"}],"curies":[{"name":"wp","href":"https:\/\/api.w.org\/{rel}","templated":true}]}}