{"id":1004,"date":"2017-03-13T13:56:04","date_gmt":"2017-03-13T13:56:04","guid":{"rendered":"http:\/\/de.power.paltd.net\/?page_id=1004"},"modified":"2017-11-20T10:21:39","modified_gmt":"2017-11-20T10:21:39","slug":"casttec-schmelzklebstoff-fuer-die-beton-fertigteil-industrie","status":"publish","type":"page","link":"https:\/\/oldpower.overheardatpower.co.uk\/de\/losungen\/casttec-schmelzklebstoff-fuer-die-beton-fertigteil-industrie","title":{"rendered":"Casttec &#8211; Schmelzklebstoff f\u00fcr die Beton-Fertigteil-Industrie"},"content":{"rendered":"<p>Casttec ist ein Klebstoff-System, das aus einem speziell entwickelten Schmelzklebstoff und darauf angepassten industriellen Hei\u00dfklebepistolen besteht. Casttec ist eine schnellere und kosten-effizientere Methode zur Fixierung von Einlegeteilen in den Formen der Beton-Fertigteil-Fertigung.<\/p>\n<p>Der einschrittige Klebeprozess ben\u00f6tigt keinen Primer. Sobald die F\u00fcgeteile zusammengebracht werden, bietet der Klebstoff eine Haftung, die hoch genug ist, um Einlegeteile wie Anschwei\u00dfplatten oder Elektrizit\u00e4ts-K\u00e4sten sicher w\u00e4hrend des Gie\u00dfens und Vibrierens sicher in Position zu halten. Sobald der Beton ausgeh\u00e4rtet ist, kann das Bauteil einfach entformt werden, und eventuelle Klebstoff-Reste auf der Gie\u00dfplatte oder dem Formwerk k\u00f6nnen leicht und schnell mit einem Kratzer entfernt werden. Gie\u00dfplatten und Formwerk k\u00f6nnen rasch f\u00fcr den n\u00e4chsten Gie\u00dfvorgang bereitgestellt werden.<\/p>\n<p>Das casttec System spart Zeit und beugt Besch\u00e4digungen am Formwerk vor. Au\u00dferdem beseitigt es die Notwendigkeit f\u00fcr eine Vielzahl an Befestigungs-Systemen wie Magnete, doppelseitiges Klebeband, Schrauben, Schwei\u00dfen etc. Casttec kann alle Materialien fixieren.<\/p>\n<p>Die folgenden tec Hei\u00dfklebepistolen sind f\u00fcr den Auftrag von casttec geeignet. Je h\u00f6her die Heizleistung in Watt ist, desto h\u00f6her die Schmelzleistung und die Klebstoff-Ausbringung pro Stunde. Die tec 3400 arbeitet mit manuellem Klebstoff-Austrieb bei 400W Heizleistung und schmiltz bis zu 3,8kg Klebstoff je Stunde. Die elektro-pneumatische tec 7300 andererseits hat 1000W Heizleistung und schmilzt bis zu 5,25kg Klebstoff je Stunde.<\/p>\n<p>Zus\u00e4tzlich zu den obigen Hei\u00dfklebepistolen f\u00fcr den Auftrag von Punkten und Linien bieten wir auch noch Varianten an, die f\u00fcr gro\u00dfe Fl\u00e4chen und hitzeempfindliche Materialien wie Polystyrolschaum geeignet sind. Sie tragen den Klebstoff im partikelfreien Swirl-Verfahren auf.<\/p>\n","protected":false},"excerpt":{"rendered":"<p>Casttec ist ein Klebstoff-System, das aus einem speziell entwickelten Schmelzklebstoff und darauf angepassten industriellen Hei\u00dfklebepistolen besteht. Casttec ist eine schnellere und kosten-effizientere Methode zur Fixierung von Einlegeteilen in den Formen der Beton-Fertigteil-Fertigung. Der einschrittige Klebeprozess ben\u00f6tigt keinen Primer. Sobald die F\u00fcgeteile zusammengebracht werden, bietet der Klebstoff eine Haftung, die hoch genug ist, um Einlegeteile wie [&hellip;]<\/p>\n","protected":false},"author":2,"featured_media":2713,"parent":947,"menu_order":0,"comment_status":"closed","ping_status":"closed","template":"","meta":[],"acf":[],"_links":{"self":[{"href":"https:\/\/oldpower.overheardatpower.co.uk\/de\/wp-json\/wp\/v2\/pages\/1004"}],"collection":[{"href":"https:\/\/oldpower.overheardatpower.co.uk\/de\/wp-json\/wp\/v2\/pages"}],"about":[{"href":"https:\/\/oldpower.overheardatpower.co.uk\/de\/wp-json\/wp\/v2\/types\/page"}],"author":[{"embeddable":true,"href":"https:\/\/oldpower.overheardatpower.co.uk\/de\/wp-json\/wp\/v2\/users\/2"}],"replies":[{"embeddable":true,"href":"https:\/\/oldpower.overheardatpower.co.uk\/de\/wp-json\/wp\/v2\/comments?post=1004"}],"version-history":[{"count":4,"href":"https:\/\/oldpower.overheardatpower.co.uk\/de\/wp-json\/wp\/v2\/pages\/1004\/revisions"}],"predecessor-version":[{"id":1682,"href":"https:\/\/oldpower.overheardatpower.co.uk\/de\/wp-json\/wp\/v2\/pages\/1004\/revisions\/1682"}],"up":[{"embeddable":true,"href":"https:\/\/oldpower.overheardatpower.co.uk\/de\/wp-json\/wp\/v2\/pages\/947"}],"wp:featuredmedia":[{"embeddable":true,"href":"https:\/\/oldpower.overheardatpower.co.uk\/de\/wp-json\/wp\/v2\/media\/2713"}],"wp:attachment":[{"href":"https:\/\/oldpower.overheardatpower.co.uk\/de\/wp-json\/wp\/v2\/media?parent=1004"}],"curies":[{"name":"wp","href":"https:\/\/api.w.org\/{rel}","templated":true}]}}